{"id":2406,"date":"2023-08-30T10:54:39","date_gmt":"2023-08-30T08:54:39","guid":{"rendered":"https:\/\/g-silver.com\/produzione-su-misura\/"},"modified":"2025-10-07T15:08:40","modified_gmt":"2025-10-07T13:08:40","slug":"fertigung-nach-mass","status":"publish","type":"page","link":"https:\/\/g-silver.com\/de\/fertigung-nach-mass\/","title":{"rendered":"FERTIGUNG NACH MASS"},"content":{"rendered":"\n<figure class=\"wp-block-embed is-type-video is-provider-youtube wp-block-embed-youtube wp-embed-aspect-16-9 wp-has-aspect-ratio\"><div class=\"wp-block-embed__wrapper\">\n<iframe loading=\"lazy\" title=\"Dans les coulisses de la cr\u00e9ation : nos ateliers de fabrication en argent 925\" width=\"1200\" height=\"675\" src=\"https:\/\/www.youtube.com\/embed\/pd08eDYNPrs?feature=oembed\" frameborder=\"0\" allow=\"accelerometer; autoplay; clipboard-write; encrypted-media; gyroscope; picture-in-picture; web-share\" referrerpolicy=\"strict-origin-when-cross-origin\" allowfullscreen><\/iframe>\n<\/div><\/figure>\n\n\n\n<h2 class=\"wp-block-heading has-text-align-center page-title\" id=\"h-ihr-projekt-unsere-fachkompetenz\"><strong>IHR PROJEKT, UNSERE FACHKOMPETENZ<\/strong><\/h2>\n\n\n\n<p>Seit \u00fcber 15 Jahren begleitet <strong>G-Silver<\/strong> Fachleute der Schmuckbranche bei der Entwicklung von Kollektionen aus 925er Silber. <\/p>\n\n\n\n<p>Wir decken jeden Schritt ab, von der technischen Konzeption \u00fcber das Prototyping bis hin zur Produktion dank unseres <strong>technischen Know-hows<\/strong>, unseres <strong>Netzwerks an Partnerwerkst\u00e4tten in Italien<\/strong> sowie einer <strong>pers\u00f6nlichen Begleitung<\/strong>, um Ihre ma\u00dfgeschneiderten Projekte zum Leben zu erwecken. Wie ein ausgelagertes Designb\u00fcro verwandeln wir Ihre Ideen in ma\u00dfgefertigte, elegante und langlebige Schmuckst\u00fccke<\/p>\n\n\n\n<h2 class=\"wp-block-heading has-text-align-left page-title\" id=\"h-eine-massgeschneiderte-begleitung-in-3-schritten\"><strong><strong><strong>EINE MASSGESCHNEIDERTE BEGLEITUNG IN 3 SCHRITTEN<\/strong><\/strong><\/strong><\/h2>\n\n\n<div class=\"container-chi-siamo\">\n            <div class=\"grid-chi-siamo\">\n                        <div id=\"ik07h\" class=\"grid-cell\">\n                <div id=\"ihrvy\">\n                    <div id=\"iuy9-2-2-2\">\n                        <h3><strong>TECHNISCHE PROJEKTDEFINITION<\/strong><\/h3>\n<p>Jedes Projekt beginnt mit einer gr\u00fcndlichen Analyse Ihrer Bed\u00fcrfnisse:<\/p>\n<ul>\n<li>Markenidentit\u00e4t, Stil, technische Anforderungen und Ziele.<\/li>\n<li>Erstes Treffen pers\u00f6nlich (Marseille) oder aus der Ferne (Telefon, Videokonferenz).<\/li>\n<li>Ein einziger Ansprechpartner f\u00fcr reibungslose Kommunikation.<\/li>\n<li>Erstellung eines detaillierten Lastenhefts und einer Machbarkeitsstudie.<\/li>\n<li>Mehrsprachige Betreuung (Franz\u00f6sisch, Englisch, Italienisch, Deutsch).<\/li>\n<\/ul>\n                    <\/div>\n                <\/div>\n            <\/div>\n                            <div id=\"id4gp\" class=\"grid-cell\"><img decoding=\"async\" id=\"i0jvq\" alt=\"\" src=\"https:\/\/g-silver.com\/wp-content\/uploads\/2025\/08\/IDENTIFIER-BESOIN-1.jpg\"><\/div>\n                    <\/div>\n            <div class=\"grid-chi-siamo\">\n                            <div id=\"id4gp\" class=\"grid-cell\"><img decoding=\"async\" id=\"i0jvq\" alt=\"\" src=\"https:\/\/g-silver.com\/wp-content\/uploads\/2023\/09\/mac.jpg\"><\/div>\n                        <div id=\"ik07h\" class=\"grid-cell\">\n                <div id=\"ihrvy\">\n                    <div id=\"iuy9-2-2-2\">\n                        <h3><strong>ENTWURF &amp; MODELLIERUNG<\/strong><\/h3>\n<p>Unser Konstruktionsb\u00fcro \u00fcbersetzt Ihre Inspirationen in nutzbare technische Dateien.<\/p>\n<ul>\n<li>Erstellung von <strong>2D-Visuals (Laserschneiden)<\/strong> und 3D <strong>(Guss).<\/strong><\/li>\n<li><strong>Prototypen<\/strong> in Silber oder Wachs zur Freigabe.<\/li>\n<li>Technische und \u00e4sthetische Anpassungen bis zur endg\u00fcltigen Freigabe.<\/li>\n<li>Begleitung bei der Auswahl der am besten geeigneten Verfahren\u00a0(Kleinserien oder Gro\u00dfserien).<\/li>\n<\/ul>\n                    <\/div>\n                <\/div>\n            <\/div>\n                    <\/div>\n            <div class=\"grid-chi-siamo\">\n                        <div id=\"ik07h\" class=\"grid-cell\">\n                <div id=\"ihrvy\">\n                    <div id=\"iuy9-2-2-2\">\n                        <h3><strong>PROTOTYPERSTELLUNG UND VALIDIERUNG<\/strong><\/h3>\n<p>Die Produktion erfolgt in unseren Partnerwerkst\u00e4tten in Italien, die f\u00fcr ihre Exzellenz bekannt sind.<\/p>\n<ul>\n<li>Herstellung aus recyceltem 925er Silber, gem\u00e4\u00df den <strong>COC-Standards (Chain of Custody).<\/strong><\/li>\n<li>Strenge Qualit\u00e4tskontrollen in jeder Phase.<\/li>\n<li>Termintreue* und transparente Projektverfolgung.<\/li>\n<li>Expertise von auf hochwertigen Schmuck spezialisierten Handwerksmeistern.<\/li>\n<\/ul>\n<p><strong>*<\/strong>Die Fristen k\u00f6nnen je nach Komplexit\u00e4t Ihres Projekts und den Mengen variieren, aber unser Engagement bleibt dasselbe: transparente Nachverfolgung und strikte Einhaltung des festgelegten Zeitplans.<\/p>\n                    <\/div>\n                <\/div>\n            <\/div>\n                            <div id=\"id4gp\" class=\"grid-cell\"><img decoding=\"async\" id=\"i0jvq\" alt=\"\" src=\"https:\/\/g-silver.com\/wp-content\/uploads\/2025\/08\/exigence3.jpg\"><\/div>\n                    <\/div>\n    <\/div>\n\n\n\n<h2 class=\"wp-block-heading has-text-align-center page-title\" id=\"h-unsere-technische-expertise-in-herstellung-und-personalisierung\"><strong><strong><strong><strong>UNSERE TECHNISCHE EXPERTISE IN HERSTELLUNG UND PERSONALISIERUNG<\/strong><\/strong><\/strong><\/strong><\/h2>\n\n\n\n<div style=\"height:30px\" aria-hidden=\"true\" class=\"wp-block-spacer\"><\/div>\n\n\n\n<p>Wir bieten eine <strong>gro\u00dfe Auswahl an Ketten, Gliedern und St\u00e4rken<\/strong>, ideal um die perfekte Basis f\u00fcr Ihr ma\u00dfgefertigtes Schmuckst\u00fcck zu schaffen. Jedes Modell wird aufgrund seiner Qualit\u00e4t und Eleganz ausgew\u00e4hlt. Ebenso stehen Eleganz und Pr\u00e4zision im Mittelpunkt unserer ma\u00dfgeschneiderten Prozesse, die sich an jedes individuelle Schmuckprojekt anpassen.<\/p>\n\n\n\n<details class=\"wp-block-details is-layout-flow wp-block-details-is-layout-flow\"><summary>GUSS<\/summary>\n<p>Verlustwachsverfahren (&#8218;Wachsausschmelzverfahren&#8216;) zur getreuen Reproduktion Ihrer Entw\u00fcrfe in Edelmetall. Ideal, um komplexe Formen, Einzelst\u00fccke oder Serien zum Leben zu erwecken \u2013 mit pr\u00e4zisem und langlebigem Ergebnis<\/p>\n<\/details>\n\n\n\n<details class=\"wp-block-details is-layout-flow wp-block-details-is-layout-flow\"><summary>LASERZUSCHNITT UND-GRAVUR<\/summary>\n<p>Hochpr\u00e4zise Personalisierung f\u00fcr Motive, Logos oder Inschriften. Der Laser gew\u00e4hrleistet scharfe und dauerhafte Details, selbst auf empfindlichsten Oberfl\u00e4chen.<\/p>\n<\/details>\n\n\n\n<details class=\"wp-block-details is-layout-flow wp-block-details-is-layout-flow\"><summary>FORMGEBUNG VON DR\u00c4HTEN UND ROHREN<\/summary>\n<p>Ma\u00dfarbeit an Dr\u00e4hten und Rohren, um Kurven, Volumen und Abmessungen zu erzielen, die Ihrem Projekt entsprechen.<\/p>\n<\/details>\n\n\n\n<details class=\"wp-block-details is-layout-flow wp-block-details-is-layout-flow\"><summary>POLIERFINISH (SPIEGELPOLITUR) \/ GEB\u00dcRSTET<\/summary>\n<p>Von strahlendem Glanz bis zum satinierten Finish \u2013 unsere Experten setzen jedes St\u00fcck gekonnt in Szene f\u00fcr ein professionelles Erscheinungsbild und eine makellose Haptik.<\/p>\n<\/details>\n\n\n\n<details class=\"wp-block-details is-layout-flow wp-block-details-is-layout-flow\"><summary>GALVANISIERUNG<\/summary>\n<p>Aufbringen sch\u00fctzender und dekorativer Schichten zur Erh\u00f6hung der Best\u00e4ndigkeit und zur Verl\u00e4ngerung des Glanzes Ihrer Schmuckst\u00fccke.<\/p>\n<\/details>\n\n\n\n<details class=\"wp-block-details is-layout-flow wp-block-details-is-layout-flow\"><summary>VERGOLDUNG &amp; RHODINIERUNG<\/summary>\n<p>Veredelung in Gelbgold, Ros\u00e9gold, wei\u00dfrhodiniert oder schwarzrhodiniert. Fachgerecht aufgetragen verleihen diese Schichten jedem Schmuckst\u00fcck Schutz, Glanz und einen einzigartigen Charakter.<\/p>\n<\/details>\n\n\n\n<figure class=\"wp-block-gallery has-nested-images columns-default is-cropped wp-block-gallery-1 is-layout-flex wp-block-gallery-is-layout-flex\">\n<figure class=\"wp-block-image size-large\"><a href=\"https:\/\/g-silver.com\/wp-content\/uploads\/2025\/09\/screenshotprod1.jpg\"><img loading=\"lazy\" decoding=\"async\" width=\"1024\" height=\"1024\" data-id=\"110413\" src=\"https:\/\/g-silver.com\/wp-content\/uploads\/2025\/09\/screenshotprod1-1024x1024.jpg\" alt=\"\" class=\"wp-image-110413\" srcset=\"https:\/\/g-silver.com\/wp-content\/uploads\/2025\/09\/screenshotprod1-1024x1024.jpg 1024w, https:\/\/g-silver.com\/wp-content\/uploads\/2025\/09\/screenshotprod1-300x300.jpg 300w, https:\/\/g-silver.com\/wp-content\/uploads\/2025\/09\/screenshotprod1-150x150.jpg 150w, https:\/\/g-silver.com\/wp-content\/uploads\/2025\/09\/screenshotprod1-768x768.jpg 768w, https:\/\/g-silver.com\/wp-content\/uploads\/2025\/09\/screenshotprod1-600x600.jpg 600w, https:\/\/g-silver.com\/wp-content\/uploads\/2025\/09\/screenshotprod1-100x100.jpg 100w, https:\/\/g-silver.com\/wp-content\/uploads\/2025\/09\/screenshotprod1.jpg 1080w\" sizes=\"auto, (max-width: 1024px) 100vw, 1024px\" \/><\/a><\/figure>\n\n\n\n<figure class=\"wp-block-image size-large\"><a href=\"https:\/\/g-silver.com\/wp-content\/uploads\/2025\/09\/screenshotprod2.jpg\"><img loading=\"lazy\" decoding=\"async\" width=\"1024\" height=\"1024\" data-id=\"110417\" src=\"https:\/\/g-silver.com\/wp-content\/uploads\/2025\/09\/screenshotprod2-1024x1024.jpg\" alt=\"\" class=\"wp-image-110417\" srcset=\"https:\/\/g-silver.com\/wp-content\/uploads\/2025\/09\/screenshotprod2-1024x1024.jpg 1024w, https:\/\/g-silver.com\/wp-content\/uploads\/2025\/09\/screenshotprod2-300x300.jpg 300w, https:\/\/g-silver.com\/wp-content\/uploads\/2025\/09\/screenshotprod2-150x150.jpg 150w, https:\/\/g-silver.com\/wp-content\/uploads\/2025\/09\/screenshotprod2-768x768.jpg 768w, https:\/\/g-silver.com\/wp-content\/uploads\/2025\/09\/screenshotprod2-600x600.jpg 600w, https:\/\/g-silver.com\/wp-content\/uploads\/2025\/09\/screenshotprod2-100x100.jpg 100w, https:\/\/g-silver.com\/wp-content\/uploads\/2025\/09\/screenshotprod2.jpg 1080w\" sizes=\"auto, (max-width: 1024px) 100vw, 1024px\" \/><\/a><\/figure>\n\n\n\n<figure class=\"wp-block-image size-large\"><a href=\"https:\/\/g-silver.com\/wp-content\/uploads\/2025\/09\/screenshotprod-2.jpg\"><img loading=\"lazy\" decoding=\"async\" width=\"1024\" height=\"1024\" data-id=\"110397\" src=\"https:\/\/g-silver.com\/wp-content\/uploads\/2025\/09\/screenshotprod-2-1024x1024.jpg\" alt=\"\" class=\"wp-image-110397\" srcset=\"https:\/\/g-silver.com\/wp-content\/uploads\/2025\/09\/screenshotprod-2-1024x1024.jpg 1024w, https:\/\/g-silver.com\/wp-content\/uploads\/2025\/09\/screenshotprod-2-300x300.jpg 300w, https:\/\/g-silver.com\/wp-content\/uploads\/2025\/09\/screenshotprod-2-150x150.jpg 150w, https:\/\/g-silver.com\/wp-content\/uploads\/2025\/09\/screenshotprod-2-768x768.jpg 768w, https:\/\/g-silver.com\/wp-content\/uploads\/2025\/09\/screenshotprod-2-600x600.jpg 600w, https:\/\/g-silver.com\/wp-content\/uploads\/2025\/09\/screenshotprod-2-100x100.jpg 100w, https:\/\/g-silver.com\/wp-content\/uploads\/2025\/09\/screenshotprod-2.jpg 1080w\" sizes=\"auto, (max-width: 1024px) 100vw, 1024px\" \/><\/a><\/figure>\n<\/figure>\n\n\n\n<figure class=\"wp-block-gallery has-nested-images columns-default is-cropped wp-block-gallery-2 is-layout-flex wp-block-gallery-is-layout-flex\">\n<figure class=\"wp-block-image size-large\"><a href=\"https:\/\/g-silver.com\/wp-content\/uploads\/2025\/09\/105.jpg\"><img loading=\"lazy\" decoding=\"async\" width=\"1024\" height=\"1024\" data-id=\"110369\" src=\"https:\/\/g-silver.com\/wp-content\/uploads\/2025\/09\/105-1024x1024.jpg\" alt=\"\" class=\"wp-image-110369\" srcset=\"https:\/\/g-silver.com\/wp-content\/uploads\/2025\/09\/105-1024x1024.jpg 1024w, https:\/\/g-silver.com\/wp-content\/uploads\/2025\/09\/105-300x300.jpg 300w, https:\/\/g-silver.com\/wp-content\/uploads\/2025\/09\/105-150x150.jpg 150w, https:\/\/g-silver.com\/wp-content\/uploads\/2025\/09\/105-768x768.jpg 768w, https:\/\/g-silver.com\/wp-content\/uploads\/2025\/09\/105-600x600.jpg 600w, https:\/\/g-silver.com\/wp-content\/uploads\/2025\/09\/105-100x100.jpg 100w, https:\/\/g-silver.com\/wp-content\/uploads\/2025\/09\/105.jpg 1080w\" sizes=\"auto, (max-width: 1024px) 100vw, 1024px\" \/><\/a><\/figure>\n\n\n\n<figure class=\"wp-block-image size-large\"><a href=\"https:\/\/g-silver.com\/wp-content\/uploads\/2025\/09\/106.jpg\"><img loading=\"lazy\" decoding=\"async\" width=\"1024\" height=\"1024\" data-id=\"110373\" src=\"https:\/\/g-silver.com\/wp-content\/uploads\/2025\/09\/106-1024x1024.jpg\" alt=\"\" class=\"wp-image-110373\" srcset=\"https:\/\/g-silver.com\/wp-content\/uploads\/2025\/09\/106-1024x1024.jpg 1024w, https:\/\/g-silver.com\/wp-content\/uploads\/2025\/09\/106-300x300.jpg 300w, https:\/\/g-silver.com\/wp-content\/uploads\/2025\/09\/106-150x150.jpg 150w, https:\/\/g-silver.com\/wp-content\/uploads\/2025\/09\/106-768x768.jpg 768w, https:\/\/g-silver.com\/wp-content\/uploads\/2025\/09\/106-600x600.jpg 600w, https:\/\/g-silver.com\/wp-content\/uploads\/2025\/09\/106-100x100.jpg 100w, https:\/\/g-silver.com\/wp-content\/uploads\/2025\/09\/106.jpg 1080w\" sizes=\"auto, (max-width: 1024px) 100vw, 1024px\" \/><\/a><\/figure>\n\n\n\n<figure class=\"wp-block-image size-large\"><a href=\"https:\/\/g-silver.com\/wp-content\/uploads\/2025\/09\/107.jpg\"><img loading=\"lazy\" decoding=\"async\" width=\"1024\" height=\"1024\" data-id=\"110377\" src=\"https:\/\/g-silver.com\/wp-content\/uploads\/2025\/09\/107-1024x1024.jpg\" alt=\"\" class=\"wp-image-110377\" srcset=\"https:\/\/g-silver.com\/wp-content\/uploads\/2025\/09\/107-1024x1024.jpg 1024w, https:\/\/g-silver.com\/wp-content\/uploads\/2025\/09\/107-300x300.jpg 300w, https:\/\/g-silver.com\/wp-content\/uploads\/2025\/09\/107-150x150.jpg 150w, https:\/\/g-silver.com\/wp-content\/uploads\/2025\/09\/107-768x768.jpg 768w, https:\/\/g-silver.com\/wp-content\/uploads\/2025\/09\/107-600x600.jpg 600w, https:\/\/g-silver.com\/wp-content\/uploads\/2025\/09\/107-100x100.jpg 100w, https:\/\/g-silver.com\/wp-content\/uploads\/2025\/09\/107.jpg 1080w\" sizes=\"auto, (max-width: 1024px) 100vw, 1024px\" \/><\/a><\/figure>\n<\/figure>\n\n\n\n<h2 class=\"wp-block-heading has-text-align-center page-title\" id=\"h-warum-g-silver\"><strong><strong><strong>WARUM G-SILVER?<\/strong><\/strong><\/strong><\/h2>\n\n\n\n<p>Die Wahl von <strong>G-Silver<\/strong> bedeutet, sich auf ein erfahrenes und leidenschaftliches Team, eine zertifizierte europ\u00e4ische Produktion sowie eine mehrsprachige und pers\u00f6nliche Begleitung zu st\u00fctzen. Unser Know-how erm\u00f6glicht es uns, komplexe Schmuckst\u00fccke mit hohem Mehrwert zu realisieren, stets im Einklang mit Ihren Ambitionen. F\u00fcr Ihr Projekt stellen wir Ihnen unser Konstruktionsb\u00fcro mit einem Team von Schmuckexperten zur Verf\u00fcgung. Mehr als ein Dienstleister sind wir Ihr <strong>vertrauensvoller Partner f\u00fcr alle Ihre ma\u00dfgeschneiderten Projekte.<\/strong> Entdecken Sie unser Know-how im Video: Ein Einblick in unsere Werkst\u00e4tten in Italien.<\/p>\n","protected":false},"excerpt":{"rendered":"<p>IHR PROJEKT, UNSERE FACHKOMPETENZ Seit \u00fcber 15 Jahren begleitet G-Silver Fachleute der Schmuckbranche bei der Entwicklung von Kollektionen aus 925er Silber. Wir decken jeden Schritt ab, von der technischen Konzeption \u00fcber das Prototyping bis hin zur Produktion dank unseres technischen Know-hows, unseres Netzwerks an Partnerwerkst\u00e4tten in Italien sowie einer pers\u00f6nlichen Begleitung, um Ihre ma\u00dfgeschneiderten Projekte [&hellip;]<\/p>\n","protected":false},"author":1,"featured_media":0,"parent":0,"menu_order":0,"comment_status":"closed","ping_status":"closed","template":"","meta":{"_acf_changed":false,"footnotes":""},"class_list":["post-2406","page","type-page","status-publish","hentry"],"acf":[],"yoast_head":"<!-- This site is optimized with the Yoast SEO Premium plugin v26.6 (Yoast SEO v26.6) - https:\/\/yoast.com\/wordpress\/plugins\/seo\/ -->\n<title>FERTIGUNG NACH MASS - G-Silver<\/title>\n<meta name=\"robots\" content=\"index, follow, max-snippet:-1, max-image-preview:large, max-video-preview:-1\" \/>\n<link rel=\"canonical\" href=\"https:\/\/g-silver.com\/de\/fertigung-nach-mass\/\" \/>\n<meta property=\"og:locale\" content=\"de_DE\" \/>\n<meta property=\"og:type\" content=\"article\" \/>\n<meta property=\"og:title\" content=\"FERTIGUNG NACH MASS\" \/>\n<meta property=\"og:description\" content=\"IHR PROJEKT, UNSERE FACHKOMPETENZ Seit \u00fcber 15 Jahren begleitet G-Silver Fachleute der Schmuckbranche bei der Entwicklung von Kollektionen aus 925er Silber. Wir decken jeden Schritt ab, von der technischen Konzeption \u00fcber das Prototyping bis hin zur Produktion dank unseres technischen Know-hows, unseres Netzwerks an Partnerwerkst\u00e4tten in Italien sowie einer pers\u00f6nlichen Begleitung, um Ihre ma\u00dfgeschneiderten Projekte [&hellip;]\" \/>\n<meta property=\"og:url\" content=\"https:\/\/g-silver.com\/de\/fertigung-nach-mass\/\" \/>\n<meta property=\"og:site_name\" content=\"G-Silver\" \/>\n<meta property=\"article:publisher\" content=\"https:\/\/www.facebook.com\/profile.php?id=100063277505032\" \/>\n<meta property=\"article:modified_time\" content=\"2025-10-07T13:08:40+00:00\" \/>\n<meta property=\"og:image\" content=\"https:\/\/g-silver.com\/wp-content\/uploads\/2025\/09\/screenshotprod1-1024x1024.jpg\" \/>\n<meta name=\"twitter:card\" content=\"summary_large_image\" \/>\n<meta name=\"twitter:label1\" content=\"Gesch\u00e4tzte Lesezeit\" \/>\n\t<meta name=\"twitter:data1\" content=\"4\u00a0Minuten\" \/>\n<script type=\"application\/ld+json\" class=\"yoast-schema-graph\">{\"@context\":\"https:\/\/schema.org\",\"@graph\":[{\"@type\":\"WebPage\",\"@id\":\"https:\/\/g-silver.com\/de\/fertigung-nach-mass\/\",\"url\":\"https:\/\/g-silver.com\/de\/fertigung-nach-mass\/\",\"name\":\"FERTIGUNG NACH MASS - G-Silver\",\"isPartOf\":{\"@id\":\"https:\/\/g-silver.com\/#website\"},\"primaryImageOfPage\":{\"@id\":\"https:\/\/g-silver.com\/de\/fertigung-nach-mass\/#primaryimage\"},\"image\":{\"@id\":\"https:\/\/g-silver.com\/de\/fertigung-nach-mass\/#primaryimage\"},\"thumbnailUrl\":\"https:\/\/g-silver.com\/wp-content\/uploads\/2025\/09\/screenshotprod1-1024x1024.jpg\",\"datePublished\":\"2023-08-30T08:54:39+00:00\",\"dateModified\":\"2025-10-07T13:08:40+00:00\",\"breadcrumb\":{\"@id\":\"https:\/\/g-silver.com\/de\/fertigung-nach-mass\/#breadcrumb\"},\"inLanguage\":\"de\",\"potentialAction\":[{\"@type\":\"ReadAction\",\"target\":[\"https:\/\/g-silver.com\/de\/fertigung-nach-mass\/\"]}]},{\"@type\":\"ImageObject\",\"inLanguage\":\"de\",\"@id\":\"https:\/\/g-silver.com\/de\/fertigung-nach-mass\/#primaryimage\",\"url\":\"https:\/\/g-silver.com\/wp-content\/uploads\/2025\/09\/screenshotprod1-1024x1024.jpg\",\"contentUrl\":\"https:\/\/g-silver.com\/wp-content\/uploads\/2025\/09\/screenshotprod1-1024x1024.jpg\"},{\"@type\":\"BreadcrumbList\",\"@id\":\"https:\/\/g-silver.com\/de\/fertigung-nach-mass\/#breadcrumb\",\"itemListElement\":[{\"@type\":\"ListItem\",\"position\":1,\"name\":\"Home\",\"item\":\"https:\/\/g-silver.com\/de\/\"},{\"@type\":\"ListItem\",\"position\":2,\"name\":\"FERTIGUNG NACH MASS\"}]},{\"@type\":\"WebSite\",\"@id\":\"https:\/\/g-silver.com\/#website\",\"url\":\"https:\/\/g-silver.com\/\",\"name\":\"G-Silver\",\"description\":\"\",\"publisher\":{\"@id\":\"https:\/\/g-silver.com\/#organization\"},\"potentialAction\":[{\"@type\":\"SearchAction\",\"target\":{\"@type\":\"EntryPoint\",\"urlTemplate\":\"https:\/\/g-silver.com\/?s={search_term_string}\"},\"query-input\":{\"@type\":\"PropertyValueSpecification\",\"valueRequired\":true,\"valueName\":\"search_term_string\"}}],\"inLanguage\":\"de\"},{\"@type\":\"Organization\",\"@id\":\"https:\/\/g-silver.com\/#organization\",\"name\":\"G-Silver\",\"url\":\"https:\/\/g-silver.com\/\",\"logo\":{\"@type\":\"ImageObject\",\"inLanguage\":\"de\",\"@id\":\"https:\/\/g-silver.com\/#\/schema\/logo\/image\/\",\"url\":\"https:\/\/g-silver.com\/wp-content\/uploads\/2025\/03\/G-Silver__Short-Logo.jpg\",\"contentUrl\":\"https:\/\/g-silver.com\/wp-content\/uploads\/2025\/03\/G-Silver__Short-Logo.jpg\",\"width\":1182,\"height\":1182,\"caption\":\"G-Silver\"},\"image\":{\"@id\":\"https:\/\/g-silver.com\/#\/schema\/logo\/image\/\"},\"sameAs\":[\"https:\/\/www.facebook.com\/profile.php?id=100063277505032\",\"https:\/\/www.instagram.com\/g_silver_com\/\"]}]}<\/script>\n<!-- \/ Yoast SEO Premium plugin. -->","yoast_head_json":{"title":"FERTIGUNG NACH MASS - G-Silver","robots":{"index":"index","follow":"follow","max-snippet":"max-snippet:-1","max-image-preview":"max-image-preview:large","max-video-preview":"max-video-preview:-1"},"canonical":"https:\/\/g-silver.com\/de\/fertigung-nach-mass\/","og_locale":"de_DE","og_type":"article","og_title":"FERTIGUNG NACH MASS","og_description":"IHR PROJEKT, UNSERE FACHKOMPETENZ Seit \u00fcber 15 Jahren begleitet G-Silver Fachleute der Schmuckbranche bei der Entwicklung von Kollektionen aus 925er Silber. Wir decken jeden Schritt ab, von der technischen Konzeption \u00fcber das Prototyping bis hin zur Produktion dank unseres technischen Know-hows, unseres Netzwerks an Partnerwerkst\u00e4tten in Italien sowie einer pers\u00f6nlichen Begleitung, um Ihre ma\u00dfgeschneiderten Projekte [&hellip;]","og_url":"https:\/\/g-silver.com\/de\/fertigung-nach-mass\/","og_site_name":"G-Silver","article_publisher":"https:\/\/www.facebook.com\/profile.php?id=100063277505032","article_modified_time":"2025-10-07T13:08:40+00:00","og_image":[{"url":"https:\/\/g-silver.com\/wp-content\/uploads\/2025\/09\/screenshotprod1-1024x1024.jpg","type":"","width":"","height":""}],"twitter_card":"summary_large_image","twitter_misc":{"Gesch\u00e4tzte Lesezeit":"4\u00a0Minuten"},"schema":{"@context":"https:\/\/schema.org","@graph":[{"@type":"WebPage","@id":"https:\/\/g-silver.com\/de\/fertigung-nach-mass\/","url":"https:\/\/g-silver.com\/de\/fertigung-nach-mass\/","name":"FERTIGUNG NACH MASS - G-Silver","isPartOf":{"@id":"https:\/\/g-silver.com\/#website"},"primaryImageOfPage":{"@id":"https:\/\/g-silver.com\/de\/fertigung-nach-mass\/#primaryimage"},"image":{"@id":"https:\/\/g-silver.com\/de\/fertigung-nach-mass\/#primaryimage"},"thumbnailUrl":"https:\/\/g-silver.com\/wp-content\/uploads\/2025\/09\/screenshotprod1-1024x1024.jpg","datePublished":"2023-08-30T08:54:39+00:00","dateModified":"2025-10-07T13:08:40+00:00","breadcrumb":{"@id":"https:\/\/g-silver.com\/de\/fertigung-nach-mass\/#breadcrumb"},"inLanguage":"de","potentialAction":[{"@type":"ReadAction","target":["https:\/\/g-silver.com\/de\/fertigung-nach-mass\/"]}]},{"@type":"ImageObject","inLanguage":"de","@id":"https:\/\/g-silver.com\/de\/fertigung-nach-mass\/#primaryimage","url":"https:\/\/g-silver.com\/wp-content\/uploads\/2025\/09\/screenshotprod1-1024x1024.jpg","contentUrl":"https:\/\/g-silver.com\/wp-content\/uploads\/2025\/09\/screenshotprod1-1024x1024.jpg"},{"@type":"BreadcrumbList","@id":"https:\/\/g-silver.com\/de\/fertigung-nach-mass\/#breadcrumb","itemListElement":[{"@type":"ListItem","position":1,"name":"Home","item":"https:\/\/g-silver.com\/de\/"},{"@type":"ListItem","position":2,"name":"FERTIGUNG NACH MASS"}]},{"@type":"WebSite","@id":"https:\/\/g-silver.com\/#website","url":"https:\/\/g-silver.com\/","name":"G-Silver","description":"","publisher":{"@id":"https:\/\/g-silver.com\/#organization"},"potentialAction":[{"@type":"SearchAction","target":{"@type":"EntryPoint","urlTemplate":"https:\/\/g-silver.com\/?s={search_term_string}"},"query-input":{"@type":"PropertyValueSpecification","valueRequired":true,"valueName":"search_term_string"}}],"inLanguage":"de"},{"@type":"Organization","@id":"https:\/\/g-silver.com\/#organization","name":"G-Silver","url":"https:\/\/g-silver.com\/","logo":{"@type":"ImageObject","inLanguage":"de","@id":"https:\/\/g-silver.com\/#\/schema\/logo\/image\/","url":"https:\/\/g-silver.com\/wp-content\/uploads\/2025\/03\/G-Silver__Short-Logo.jpg","contentUrl":"https:\/\/g-silver.com\/wp-content\/uploads\/2025\/03\/G-Silver__Short-Logo.jpg","width":1182,"height":1182,"caption":"G-Silver"},"image":{"@id":"https:\/\/g-silver.com\/#\/schema\/logo\/image\/"},"sameAs":["https:\/\/www.facebook.com\/profile.php?id=100063277505032","https:\/\/www.instagram.com\/g_silver_com\/"]}]}},"_links":{"self":[{"href":"https:\/\/g-silver.com\/de\/wp-json\/wp\/v2\/pages\/2406","targetHints":{"allow":["GET"]}}],"collection":[{"href":"https:\/\/g-silver.com\/de\/wp-json\/wp\/v2\/pages"}],"about":[{"href":"https:\/\/g-silver.com\/de\/wp-json\/wp\/v2\/types\/page"}],"author":[{"embeddable":true,"href":"https:\/\/g-silver.com\/de\/wp-json\/wp\/v2\/users\/1"}],"replies":[{"embeddable":true,"href":"https:\/\/g-silver.com\/de\/wp-json\/wp\/v2\/comments?post=2406"}],"version-history":[{"count":10,"href":"https:\/\/g-silver.com\/de\/wp-json\/wp\/v2\/pages\/2406\/revisions"}],"predecessor-version":[{"id":112373,"href":"https:\/\/g-silver.com\/de\/wp-json\/wp\/v2\/pages\/2406\/revisions\/112373"}],"wp:attachment":[{"href":"https:\/\/g-silver.com\/de\/wp-json\/wp\/v2\/media?parent=2406"}],"curies":[{"name":"wp","href":"https:\/\/api.w.org\/{rel}","templated":true}]}}