{"id":101907,"date":"2025-09-18T23:11:06","date_gmt":"2025-09-18T21:11:06","guid":{"rendered":"https:\/\/g-silver.com\/prodotto\/rose-vergoldet-1%c2%b5-panzerkette-laenglich-57mm-draht-14mm-1m\/"},"modified":"2026-04-03T05:49:24","modified_gmt":"2026-04-03T03:49:24","slug":"rose-vergoldet-1%c2%b5-panzerkette-laenglich-57mm-draht-14mm-1m","status":"publish","type":"product","link":"https:\/\/g-silver.com\/de\/produkte\/rose-vergoldet-1%c2%b5-panzerkette-laenglich-57mm-draht-14mm-1m\/","title":{"rendered":"Rose Vergoldet 1\u00b5 &#8211; Panzerkette l\u00e4nglich 5,7mm Draht 1,4mm (1m)"},"content":{"rendered":"<p>Artikel aus Silber 925\/1000 Ros\u00e9gold 1 Mikron 18 Karat.<br \/>\nEntdecken Sie den unwiderstehlichen Trend der Rosevergoldung: eine elegante Mischung aus Gelbgold und Kupfer. Diese spannende Farbe verleiht Ihren Kreationen aus 925er Silber zeitlose Eleganz und bietet gleichzeitig eine au\u00dfergew\u00f6hnliche Haltbarkeit. Die perfekte Wahl, wenn Sie Stil und Best\u00e4ndigkeit miteinander verbinden m\u00f6chten.<\/p>\n<p><strong>Plattierung und Vergoldung, was ist der Unterschied?<\/strong><\/p>\n<p>In beiden F\u00e4llen besteht die Technik darin, eine d\u00fcnne Goldschicht auf die Oberfl\u00e4che eines Silberst\u00fccks aufzutragen. Dieser Vorgang findet am Ende des Herstellungsprozesses statt, wenn das Polieren abgeschlossen ist. Das bedeutet, dass das St\u00fcck sp\u00e4ter nicht mehr erhitzt oder angepasst werden kann. Das Vergolden bietet eine kosteng\u00fcnstigere Alternative und verleiht dem Silber eine \u00e4hnliche Optik und Anmutung wie das Plattieren. Der einzige Unterschied besteht in der Dicke des Goldes, dem Vorhandensein eines Stempels und eines Zertifikats, die ausgestellt werden, um den Vorschriften f\u00fcr &#8222;Goldplattierung&#8220; zu entsprechen. Da unsere Schmuckartikel regelm\u00e4\u00dfig vom Franc\u00e9clat-Labor getestet werden, garantieren wir die Qualit\u00e4t des Ergebnisses.<\/p>\n<p>\nLesen Sie mehr dazu in <a href=\"\/blog-fr\/tout-savoir-sur-la-dorure-chez-g-silver\/\" title=\"unserem Blogartikel\">unserem Blogartikel<\/a>.<\/p>\n","protected":false},"excerpt":{"rendered":"<p>Artikel aus Silber 925\/1000 Ros\u00e9gold 1 Mikron 18 Karat.<br \/>\nEntdecken Sie den unwiderstehlichen Trend der Rosevergoldung: eine elegante Mischung aus Gelbgold und Kupfer. Diese spannende Farbe verleiht Ihren Kreationen aus 925er Silber zeitlose Eleganz und bietet gleichzeitig eine au\u00dfergew\u00f6hnliche Haltbarkeit. Die perfekte Wahl, wenn Sie Stil und Best\u00e4ndigkeit miteinander verbinden m\u00f6chten.<\/p>\n","protected":false},"featured_media":0,"comment_status":"open","ping_status":"closed","template":"","meta":{"_acf_changed":false},"product_brand":[],"product_cat":[3718],"product_tag":[],"class_list":{"0":"post-101907","1":"product","2":"type-product","3":"status-publish","5":"product_cat-uncategorized-de","7":"first","8":"instock","9":"taxable","10":"shipping-taxable","11":"purchasable","12":"product-type-simple","13":"add-to-wishlist-after_add_to_cart"},"acf":[],"yoast_head":"<!-- This site is optimized with the Yoast SEO Premium plugin v26.6 (Yoast SEO v26.6) - https:\/\/yoast.com\/wordpress\/plugins\/seo\/ -->\n<title>Rose Vergoldet 1\u00b5 - Panzerkette l\u00e4nglich 5,7mm Draht 1,4mm (1m) | G-Silver<\/title>\n<meta name=\"description\" content=\"In der Kategorie Recyceltem Silber Ketten finden Sie in diesen Artikel aus Silber 925\/1000 mit 1 Mikron Rosevergoldung.\" \/>\n<meta name=\"robots\" content=\"index, follow, max-snippet:-1, max-image-preview:large, max-video-preview:-1\" \/>\n<link rel=\"canonical\" href=\"https:\/\/g-silver.com\/de\/produkte\/rose-vergoldet-1\u00b5-panzerkette-laenglich-57mm-draht-14mm-1m\/\" \/>\n<meta property=\"og:locale\" content=\"de_DE\" \/>\n<meta property=\"og:type\" content=\"article\" \/>\n<meta property=\"og:title\" content=\"Rose Vergoldet 1\u00b5 - Panzerkette l\u00e4nglich 5,7mm Draht 1,4mm (1m)\" \/>\n<meta property=\"og:description\" content=\"In der Kategorie Recyceltem Silber Ketten finden Sie in diesen Artikel aus Silber 925\/1000 mit 1 Mikron Rosevergoldung.\" \/>\n<meta property=\"og:url\" content=\"https:\/\/g-silver.com\/de\/produkte\/rose-vergoldet-1\u00b5-panzerkette-laenglich-57mm-draht-14mm-1m\/\" \/>\n<meta property=\"og:site_name\" content=\"G-Silver\" \/>\n<meta property=\"article:publisher\" content=\"https:\/\/www.facebook.com\/profile.php?id=100063277505032\" \/>\n<meta property=\"article:modified_time\" content=\"2026-04-03T03:49:24+00:00\" \/>\n<meta property=\"og:image\" content=\"https:\/\/g-silver.com\/wp-content\/uploads\/2025\/03\/Valise-de-Logo_G-Silver_LogoBaseline_1_Background-degrade.jpg\" \/>\n\t<meta property=\"og:image:width\" content=\"2480\" \/>\n\t<meta property=\"og:image:height\" content=\"1748\" \/>\n\t<meta property=\"og:image:type\" content=\"image\/jpeg\" \/>\n<meta name=\"twitter:card\" content=\"summary_large_image\" \/>\n<meta name=\"twitter:label1\" content=\"Verf\u00fcgbarkeit\" \/>\n\t<meta name=\"twitter:data1\" content=\"Auf Lager\" \/>\n<script type=\"application\/ld+json\" class=\"yoast-schema-graph\">{\"@context\":\"https:\/\/schema.org\",\"@graph\":[{\"@type\":\"WebPage\",\"@id\":\"https:\/\/g-silver.com\/de\/produkte\/rose-vergoldet-1%c2%b5-panzerkette-laenglich-57mm-draht-14mm-1m\/\",\"url\":\"https:\/\/g-silver.com\/de\/produkte\/rose-vergoldet-1%c2%b5-panzerkette-laenglich-57mm-draht-14mm-1m\/\",\"name\":\"Rose Vergoldet 1\u00b5 - Panzerkette l\u00e4nglich 5,7mm Draht 1,4mm (1m) | G-Silver\",\"isPartOf\":{\"@id\":\"https:\/\/g-silver.com\/#website\"},\"datePublished\":\"2025-09-18T21:11:06+00:00\",\"dateModified\":\"2026-04-03T03:49:24+00:00\",\"description\":\"In der Kategorie Recyceltem Silber Ketten finden Sie in diesen Artikel aus Silber 925\/1000 mit 1 Mikron Rosevergoldung.\",\"breadcrumb\":{\"@id\":\"https:\/\/g-silver.com\/de\/produkte\/rose-vergoldet-1%c2%b5-panzerkette-laenglich-57mm-draht-14mm-1m\/#breadcrumb\"},\"inLanguage\":\"de\",\"potentialAction\":[{\"@type\":\"ReadAction\",\"target\":[\"https:\/\/g-silver.com\/de\/produkte\/rose-vergoldet-1%c2%b5-panzerkette-laenglich-57mm-draht-14mm-1m\/\"]}]},{\"@type\":\"BreadcrumbList\",\"@id\":\"https:\/\/g-silver.com\/de\/produkte\/rose-vergoldet-1%c2%b5-panzerkette-laenglich-57mm-draht-14mm-1m\/#breadcrumb\",\"itemListElement\":[{\"@type\":\"ListItem\",\"position\":1,\"name\":\"Home\",\"item\":\"https:\/\/g-silver.com\/de\/\"},{\"@type\":\"ListItem\",\"position\":2,\"name\":\"Rose Vergoldet 1\u00b5 &#8211; Panzerkette l\u00e4nglich 5,7mm Draht 1,4mm (1m)\"}]},{\"@type\":\"WebSite\",\"@id\":\"https:\/\/g-silver.com\/#website\",\"url\":\"https:\/\/g-silver.com\/\",\"name\":\"G-Silver\",\"description\":\"\",\"publisher\":{\"@id\":\"https:\/\/g-silver.com\/#organization\"},\"potentialAction\":[{\"@type\":\"SearchAction\",\"target\":{\"@type\":\"EntryPoint\",\"urlTemplate\":\"https:\/\/g-silver.com\/?s={search_term_string}\"},\"query-input\":{\"@type\":\"PropertyValueSpecification\",\"valueRequired\":true,\"valueName\":\"search_term_string\"}}],\"inLanguage\":\"de\"},{\"@type\":\"Organization\",\"@id\":\"https:\/\/g-silver.com\/#organization\",\"name\":\"G-Silver\",\"url\":\"https:\/\/g-silver.com\/\",\"logo\":{\"@type\":\"ImageObject\",\"inLanguage\":\"de\",\"@id\":\"https:\/\/g-silver.com\/#\/schema\/logo\/image\/\",\"url\":\"https:\/\/g-silver.com\/wp-content\/uploads\/2025\/03\/G-Silver__Short-Logo.jpg\",\"contentUrl\":\"https:\/\/g-silver.com\/wp-content\/uploads\/2025\/03\/G-Silver__Short-Logo.jpg\",\"width\":1182,\"height\":1182,\"caption\":\"G-Silver\"},\"image\":{\"@id\":\"https:\/\/g-silver.com\/#\/schema\/logo\/image\/\"},\"sameAs\":[\"https:\/\/www.facebook.com\/profile.php?id=100063277505032\",\"https:\/\/www.instagram.com\/g_silver_com\/\"]}]}<\/script>\n<meta property=\"og:availability\" content=\"instock\" \/>\n<meta property=\"product:availability\" content=\"instock\" \/>\n<meta property=\"product:retailer_item_id\" content=\"GBD150-R1\" \/>\n<meta property=\"product:condition\" content=\"new\" \/>\n<!-- \/ Yoast SEO Premium plugin. -->","yoast_head_json":{"title":"Rose Vergoldet 1\u00b5 - Panzerkette l\u00e4nglich 5,7mm Draht 1,4mm (1m) | G-Silver","description":"In der Kategorie Recyceltem Silber Ketten finden Sie in diesen Artikel aus Silber 925\/1000 mit 1 Mikron Rosevergoldung.","robots":{"index":"index","follow":"follow","max-snippet":"max-snippet:-1","max-image-preview":"max-image-preview:large","max-video-preview":"max-video-preview:-1"},"canonical":"https:\/\/g-silver.com\/de\/produkte\/rose-vergoldet-1\u00b5-panzerkette-laenglich-57mm-draht-14mm-1m\/","og_locale":"de_DE","og_type":"article","og_title":"Rose Vergoldet 1\u00b5 - Panzerkette l\u00e4nglich 5,7mm Draht 1,4mm (1m)","og_description":"In der Kategorie Recyceltem Silber Ketten finden Sie in diesen Artikel aus Silber 925\/1000 mit 1 Mikron Rosevergoldung.","og_url":"https:\/\/g-silver.com\/de\/produkte\/rose-vergoldet-1\u00b5-panzerkette-laenglich-57mm-draht-14mm-1m\/","og_site_name":"G-Silver","article_publisher":"https:\/\/www.facebook.com\/profile.php?id=100063277505032","article_modified_time":"2026-04-03T03:49:24+00:00","og_image":[{"width":2480,"height":1748,"url":"https:\/\/g-silver.com\/wp-content\/uploads\/2025\/03\/Valise-de-Logo_G-Silver_LogoBaseline_1_Background-degrade.jpg","type":"image\/jpeg"}],"twitter_card":"summary_large_image","twitter_misc":{"Verf\u00fcgbarkeit":"Auf Lager"},"schema":{"@context":"https:\/\/schema.org","@graph":[{"@type":"WebPage","@id":"https:\/\/g-silver.com\/de\/produkte\/rose-vergoldet-1%c2%b5-panzerkette-laenglich-57mm-draht-14mm-1m\/","url":"https:\/\/g-silver.com\/de\/produkte\/rose-vergoldet-1%c2%b5-panzerkette-laenglich-57mm-draht-14mm-1m\/","name":"Rose Vergoldet 1\u00b5 - Panzerkette l\u00e4nglich 5,7mm Draht 1,4mm (1m) | G-Silver","isPartOf":{"@id":"https:\/\/g-silver.com\/#website"},"datePublished":"2025-09-18T21:11:06+00:00","dateModified":"2026-04-03T03:49:24+00:00","description":"In der Kategorie Recyceltem Silber Ketten finden Sie in diesen Artikel aus Silber 925\/1000 mit 1 Mikron Rosevergoldung.","breadcrumb":{"@id":"https:\/\/g-silver.com\/de\/produkte\/rose-vergoldet-1%c2%b5-panzerkette-laenglich-57mm-draht-14mm-1m\/#breadcrumb"},"inLanguage":"de","potentialAction":[{"@type":"ReadAction","target":["https:\/\/g-silver.com\/de\/produkte\/rose-vergoldet-1%c2%b5-panzerkette-laenglich-57mm-draht-14mm-1m\/"]}]},{"@type":"BreadcrumbList","@id":"https:\/\/g-silver.com\/de\/produkte\/rose-vergoldet-1%c2%b5-panzerkette-laenglich-57mm-draht-14mm-1m\/#breadcrumb","itemListElement":[{"@type":"ListItem","position":1,"name":"Home","item":"https:\/\/g-silver.com\/de\/"},{"@type":"ListItem","position":2,"name":"Rose Vergoldet 1\u00b5 &#8211; Panzerkette l\u00e4nglich 5,7mm Draht 1,4mm (1m)"}]},{"@type":"WebSite","@id":"https:\/\/g-silver.com\/#website","url":"https:\/\/g-silver.com\/","name":"G-Silver","description":"","publisher":{"@id":"https:\/\/g-silver.com\/#organization"},"potentialAction":[{"@type":"SearchAction","target":{"@type":"EntryPoint","urlTemplate":"https:\/\/g-silver.com\/?s={search_term_string}"},"query-input":{"@type":"PropertyValueSpecification","valueRequired":true,"valueName":"search_term_string"}}],"inLanguage":"de"},{"@type":"Organization","@id":"https:\/\/g-silver.com\/#organization","name":"G-Silver","url":"https:\/\/g-silver.com\/","logo":{"@type":"ImageObject","inLanguage":"de","@id":"https:\/\/g-silver.com\/#\/schema\/logo\/image\/","url":"https:\/\/g-silver.com\/wp-content\/uploads\/2025\/03\/G-Silver__Short-Logo.jpg","contentUrl":"https:\/\/g-silver.com\/wp-content\/uploads\/2025\/03\/G-Silver__Short-Logo.jpg","width":1182,"height":1182,"caption":"G-Silver"},"image":{"@id":"https:\/\/g-silver.com\/#\/schema\/logo\/image\/"},"sameAs":["https:\/\/www.facebook.com\/profile.php?id=100063277505032","https:\/\/www.instagram.com\/g_silver_com\/"]}]},"og_availability":"instock","product_availability":"instock","product_retailer_item_id":"GBD150-R1","product_condition":"new"},"df_price":208.3,"df_sale_price":"","df_regular_price":208.3,"df_image_link":"https:\/\/g-silver.com\/wp-content\/uploads\/woocommerce-placeholder-300x300.png","_links":{"self":[{"href":"https:\/\/g-silver.com\/de\/wp-json\/wp\/v2\/product\/101907","targetHints":{"allow":["GET"]}}],"collection":[{"href":"https:\/\/g-silver.com\/de\/wp-json\/wp\/v2\/product"}],"about":[{"href":"https:\/\/g-silver.com\/de\/wp-json\/wp\/v2\/types\/product"}],"replies":[{"embeddable":true,"href":"https:\/\/g-silver.com\/de\/wp-json\/wp\/v2\/comments?post=101907"}],"wp:attachment":[{"href":"https:\/\/g-silver.com\/de\/wp-json\/wp\/v2\/media?parent=101907"}],"wp:term":[{"taxonomy":"product_brand","embeddable":true,"href":"https:\/\/g-silver.com\/de\/wp-json\/wp\/v2\/product_brand?post=101907"},{"taxonomy":"product_cat","embeddable":true,"href":"https:\/\/g-silver.com\/de\/wp-json\/wp\/v2\/product_cat?post=101907"},{"taxonomy":"product_tag","embeddable":true,"href":"https:\/\/g-silver.com\/de\/wp-json\/wp\/v2\/product_tag?post=101907"}],"curies":[{"name":"wp","href":"https:\/\/api.w.org\/{rel}","templated":true}]}}