{"id":107558,"date":"2025-09-19T04:47:46","date_gmt":"2025-09-19T02:47:46","guid":{"rendered":"https:\/\/g-silver.com\/prodotto\/schwarz-rhodiniert-jasseronkette-facettiert-22mm-draht-07mm-1m\/"},"modified":"2026-04-03T07:41:23","modified_gmt":"2026-04-03T05:41:23","slug":"schwarz-rhodiniert-jasseronkette-facettiert-22mm-draht-07mm-1m","status":"publish","type":"product","link":"https:\/\/g-silver.com\/de\/produkte\/schwarz-rhodiniert-jasseronkette-facettiert-22mm-draht-07mm-1m\/","title":{"rendered":"Schwarz Rhodiniert &#8211; Jasseronkette facettiert 2,2mm Draht 0,7mm (1m)"},"content":{"rendered":"<p>Artikel aus Silber 925\/1000, schwarz rhodiniert.<br \/>\nDie schwarze Rhodinierung bietet Ihrem Schmuck die M\u00f6glichkeit, seine Sch\u00f6nheit viele Jahre lang zu bewahren, ohne dass er regelm\u00e4\u00dfig gepflegt werden muss.<\/p>\n<p>Rhodium wird elektrolytisch auf Silber aufgetragen und verhindert wirksam dessen nat\u00fcrliche Oxidation. Dank seines schwarzen Aussehens verleiht es Ihrem Schmuck eine einzigartige \u00c4sthetik und garantiert so einen au\u00dfergew\u00f6hnlichen Stil.<\/p>\n","protected":false},"excerpt":{"rendered":"<p>Artikel aus Silber 925\/1000, schwarz rhodiniert.<br \/>\nDie schwarze Rhodinierung bietet Ihrem Schmuck die M\u00f6glichkeit, seine Sch\u00f6nheit viele Jahre lang zu bewahren, ohne dass er regelm\u00e4\u00dfig gepflegt werden muss.<\/p>\n","protected":false},"featured_media":0,"comment_status":"open","ping_status":"closed","template":"","meta":{"_acf_changed":false},"product_brand":[],"product_cat":[3718],"product_tag":[],"class_list":{"0":"post-107558","1":"product","2":"type-product","3":"status-publish","5":"product_cat-uncategorized-de","7":"first","8":"instock","9":"taxable","10":"shipping-taxable","11":"purchasable","12":"product-type-simple","13":"add-to-wishlist-after_add_to_cart"},"acf":[],"yoast_head":"<!-- This site is optimized with the Yoast SEO Premium plugin v26.6 (Yoast SEO v26.6) - https:\/\/yoast.com\/wordpress\/plugins\/seo\/ -->\n<title>Schwarz Rhodiniert - Jasseronkette facettiert 2,2mm Draht 0,7mm (1m) | G-Silver<\/title>\n<meta name=\"description\" content=\"In der Kategorie Recyceltem Silber Ketten finden Sie in diesen Artikel aus Silber 925\/1000 mit schwarzer Rhodinierung.\" \/>\n<meta name=\"robots\" content=\"index, follow, max-snippet:-1, max-image-preview:large, max-video-preview:-1\" \/>\n<link rel=\"canonical\" href=\"https:\/\/g-silver.com\/de\/produkte\/schwarz-rhodiniert-jasseronkette-facettiert-22mm-draht-07mm-1m\/\" \/>\n<meta property=\"og:locale\" content=\"de_DE\" \/>\n<meta property=\"og:type\" content=\"article\" \/>\n<meta property=\"og:title\" content=\"Schwarz Rhodiniert - Jasseronkette facettiert 2,2mm Draht 0,7mm (1m)\" \/>\n<meta property=\"og:description\" content=\"In der Kategorie Recyceltem Silber Ketten finden Sie in diesen Artikel aus Silber 925\/1000 mit schwarzer Rhodinierung.\" \/>\n<meta property=\"og:url\" content=\"https:\/\/g-silver.com\/de\/produkte\/schwarz-rhodiniert-jasseronkette-facettiert-22mm-draht-07mm-1m\/\" \/>\n<meta property=\"og:site_name\" content=\"G-Silver\" \/>\n<meta property=\"article:publisher\" content=\"https:\/\/www.facebook.com\/profile.php?id=100063277505032\" \/>\n<meta property=\"article:modified_time\" content=\"2026-04-03T05:41:23+00:00\" \/>\n<meta property=\"og:image\" content=\"https:\/\/g-silver.com\/wp-content\/uploads\/2025\/03\/Valise-de-Logo_G-Silver_LogoBaseline_1_Background-degrade.jpg\" \/>\n\t<meta property=\"og:image:width\" content=\"2480\" \/>\n\t<meta property=\"og:image:height\" content=\"1748\" \/>\n\t<meta property=\"og:image:type\" content=\"image\/jpeg\" \/>\n<meta name=\"twitter:card\" content=\"summary_large_image\" \/>\n<meta name=\"twitter:label1\" content=\"Verf\u00fcgbarkeit\" \/>\n\t<meta name=\"twitter:data1\" content=\"Auf Lager\" \/>\n<script type=\"application\/ld+json\" class=\"yoast-schema-graph\">{\"@context\":\"https:\/\/schema.org\",\"@graph\":[{\"@type\":\"WebPage\",\"@id\":\"https:\/\/g-silver.com\/de\/produkte\/schwarz-rhodiniert-jasseronkette-facettiert-22mm-draht-07mm-1m\/\",\"url\":\"https:\/\/g-silver.com\/de\/produkte\/schwarz-rhodiniert-jasseronkette-facettiert-22mm-draht-07mm-1m\/\",\"name\":\"Schwarz Rhodiniert - Jasseronkette facettiert 2,2mm Draht 0,7mm (1m) | G-Silver\",\"isPartOf\":{\"@id\":\"https:\/\/g-silver.com\/#website\"},\"datePublished\":\"2025-09-19T02:47:46+00:00\",\"dateModified\":\"2026-04-03T05:41:23+00:00\",\"description\":\"In der Kategorie Recyceltem Silber Ketten finden Sie in diesen Artikel aus Silber 925\/1000 mit schwarzer Rhodinierung.\",\"breadcrumb\":{\"@id\":\"https:\/\/g-silver.com\/de\/produkte\/schwarz-rhodiniert-jasseronkette-facettiert-22mm-draht-07mm-1m\/#breadcrumb\"},\"inLanguage\":\"de\",\"potentialAction\":[{\"@type\":\"ReadAction\",\"target\":[\"https:\/\/g-silver.com\/de\/produkte\/schwarz-rhodiniert-jasseronkette-facettiert-22mm-draht-07mm-1m\/\"]}]},{\"@type\":\"BreadcrumbList\",\"@id\":\"https:\/\/g-silver.com\/de\/produkte\/schwarz-rhodiniert-jasseronkette-facettiert-22mm-draht-07mm-1m\/#breadcrumb\",\"itemListElement\":[{\"@type\":\"ListItem\",\"position\":1,\"name\":\"Home\",\"item\":\"https:\/\/g-silver.com\/de\/\"},{\"@type\":\"ListItem\",\"position\":2,\"name\":\"Schwarz Rhodiniert &#8211; Jasseronkette facettiert 2,2mm Draht 0,7mm (1m)\"}]},{\"@type\":\"WebSite\",\"@id\":\"https:\/\/g-silver.com\/#website\",\"url\":\"https:\/\/g-silver.com\/\",\"name\":\"G-Silver\",\"description\":\"\",\"publisher\":{\"@id\":\"https:\/\/g-silver.com\/#organization\"},\"potentialAction\":[{\"@type\":\"SearchAction\",\"target\":{\"@type\":\"EntryPoint\",\"urlTemplate\":\"https:\/\/g-silver.com\/?s={search_term_string}\"},\"query-input\":{\"@type\":\"PropertyValueSpecification\",\"valueRequired\":true,\"valueName\":\"search_term_string\"}}],\"inLanguage\":\"de\"},{\"@type\":\"Organization\",\"@id\":\"https:\/\/g-silver.com\/#organization\",\"name\":\"G-Silver\",\"url\":\"https:\/\/g-silver.com\/\",\"logo\":{\"@type\":\"ImageObject\",\"inLanguage\":\"de\",\"@id\":\"https:\/\/g-silver.com\/#\/schema\/logo\/image\/\",\"url\":\"https:\/\/g-silver.com\/wp-content\/uploads\/2025\/03\/G-Silver__Short-Logo.jpg\",\"contentUrl\":\"https:\/\/g-silver.com\/wp-content\/uploads\/2025\/03\/G-Silver__Short-Logo.jpg\",\"width\":1182,\"height\":1182,\"caption\":\"G-Silver\"},\"image\":{\"@id\":\"https:\/\/g-silver.com\/#\/schema\/logo\/image\/\"},\"sameAs\":[\"https:\/\/www.facebook.com\/profile.php?id=100063277505032\",\"https:\/\/www.instagram.com\/g_silver_com\/\"]}]}<\/script>\n<meta property=\"og:availability\" content=\"instock\" \/>\n<meta property=\"product:availability\" content=\"instock\" \/>\n<meta property=\"product:retailer_item_id\" content=\"RMT23DI-RN\" \/>\n<meta property=\"product:condition\" content=\"new\" \/>\n<!-- \/ Yoast SEO Premium plugin. -->","yoast_head_json":{"title":"Schwarz Rhodiniert - Jasseronkette facettiert 2,2mm Draht 0,7mm (1m) | G-Silver","description":"In der Kategorie Recyceltem Silber Ketten finden Sie in diesen Artikel aus Silber 925\/1000 mit schwarzer Rhodinierung.","robots":{"index":"index","follow":"follow","max-snippet":"max-snippet:-1","max-image-preview":"max-image-preview:large","max-video-preview":"max-video-preview:-1"},"canonical":"https:\/\/g-silver.com\/de\/produkte\/schwarz-rhodiniert-jasseronkette-facettiert-22mm-draht-07mm-1m\/","og_locale":"de_DE","og_type":"article","og_title":"Schwarz Rhodiniert - Jasseronkette facettiert 2,2mm Draht 0,7mm (1m)","og_description":"In der Kategorie Recyceltem Silber Ketten finden Sie in diesen Artikel aus Silber 925\/1000 mit schwarzer Rhodinierung.","og_url":"https:\/\/g-silver.com\/de\/produkte\/schwarz-rhodiniert-jasseronkette-facettiert-22mm-draht-07mm-1m\/","og_site_name":"G-Silver","article_publisher":"https:\/\/www.facebook.com\/profile.php?id=100063277505032","article_modified_time":"2026-04-03T05:41:23+00:00","og_image":[{"width":2480,"height":1748,"url":"https:\/\/g-silver.com\/wp-content\/uploads\/2025\/03\/Valise-de-Logo_G-Silver_LogoBaseline_1_Background-degrade.jpg","type":"image\/jpeg"}],"twitter_card":"summary_large_image","twitter_misc":{"Verf\u00fcgbarkeit":"Auf Lager"},"schema":{"@context":"https:\/\/schema.org","@graph":[{"@type":"WebPage","@id":"https:\/\/g-silver.com\/de\/produkte\/schwarz-rhodiniert-jasseronkette-facettiert-22mm-draht-07mm-1m\/","url":"https:\/\/g-silver.com\/de\/produkte\/schwarz-rhodiniert-jasseronkette-facettiert-22mm-draht-07mm-1m\/","name":"Schwarz Rhodiniert - Jasseronkette facettiert 2,2mm Draht 0,7mm (1m) | G-Silver","isPartOf":{"@id":"https:\/\/g-silver.com\/#website"},"datePublished":"2025-09-19T02:47:46+00:00","dateModified":"2026-04-03T05:41:23+00:00","description":"In der Kategorie Recyceltem Silber Ketten finden Sie in diesen Artikel aus Silber 925\/1000 mit schwarzer Rhodinierung.","breadcrumb":{"@id":"https:\/\/g-silver.com\/de\/produkte\/schwarz-rhodiniert-jasseronkette-facettiert-22mm-draht-07mm-1m\/#breadcrumb"},"inLanguage":"de","potentialAction":[{"@type":"ReadAction","target":["https:\/\/g-silver.com\/de\/produkte\/schwarz-rhodiniert-jasseronkette-facettiert-22mm-draht-07mm-1m\/"]}]},{"@type":"BreadcrumbList","@id":"https:\/\/g-silver.com\/de\/produkte\/schwarz-rhodiniert-jasseronkette-facettiert-22mm-draht-07mm-1m\/#breadcrumb","itemListElement":[{"@type":"ListItem","position":1,"name":"Home","item":"https:\/\/g-silver.com\/de\/"},{"@type":"ListItem","position":2,"name":"Schwarz Rhodiniert &#8211; Jasseronkette facettiert 2,2mm Draht 0,7mm (1m)"}]},{"@type":"WebSite","@id":"https:\/\/g-silver.com\/#website","url":"https:\/\/g-silver.com\/","name":"G-Silver","description":"","publisher":{"@id":"https:\/\/g-silver.com\/#organization"},"potentialAction":[{"@type":"SearchAction","target":{"@type":"EntryPoint","urlTemplate":"https:\/\/g-silver.com\/?s={search_term_string}"},"query-input":{"@type":"PropertyValueSpecification","valueRequired":true,"valueName":"search_term_string"}}],"inLanguage":"de"},{"@type":"Organization","@id":"https:\/\/g-silver.com\/#organization","name":"G-Silver","url":"https:\/\/g-silver.com\/","logo":{"@type":"ImageObject","inLanguage":"de","@id":"https:\/\/g-silver.com\/#\/schema\/logo\/image\/","url":"https:\/\/g-silver.com\/wp-content\/uploads\/2025\/03\/G-Silver__Short-Logo.jpg","contentUrl":"https:\/\/g-silver.com\/wp-content\/uploads\/2025\/03\/G-Silver__Short-Logo.jpg","width":1182,"height":1182,"caption":"G-Silver"},"image":{"@id":"https:\/\/g-silver.com\/#\/schema\/logo\/image\/"},"sameAs":["https:\/\/www.facebook.com\/profile.php?id=100063277505032","https:\/\/www.instagram.com\/g_silver_com\/"]}]},"og_availability":"instock","product_availability":"instock","product_retailer_item_id":"RMT23DI-RN","product_condition":"new"},"df_price":38.05,"df_sale_price":"","df_regular_price":38.05,"df_image_link":"https:\/\/g-silver.com\/wp-content\/uploads\/woocommerce-placeholder-300x300.png","_links":{"self":[{"href":"https:\/\/g-silver.com\/de\/wp-json\/wp\/v2\/product\/107558","targetHints":{"allow":["GET"]}}],"collection":[{"href":"https:\/\/g-silver.com\/de\/wp-json\/wp\/v2\/product"}],"about":[{"href":"https:\/\/g-silver.com\/de\/wp-json\/wp\/v2\/types\/product"}],"replies":[{"embeddable":true,"href":"https:\/\/g-silver.com\/de\/wp-json\/wp\/v2\/comments?post=107558"}],"wp:attachment":[{"href":"https:\/\/g-silver.com\/de\/wp-json\/wp\/v2\/media?parent=107558"}],"wp:term":[{"taxonomy":"product_brand","embeddable":true,"href":"https:\/\/g-silver.com\/de\/wp-json\/wp\/v2\/product_brand?post=107558"},{"taxonomy":"product_cat","embeddable":true,"href":"https:\/\/g-silver.com\/de\/wp-json\/wp\/v2\/product_cat?post=107558"},{"taxonomy":"product_tag","embeddable":true,"href":"https:\/\/g-silver.com\/de\/wp-json\/wp\/v2\/product_tag?post=107558"}],"curies":[{"name":"wp","href":"https:\/\/api.w.org\/{rel}","templated":true}]}}