{"id":22735,"date":"2024-01-25T16:42:00","date_gmt":"2024-01-25T15:42:00","guid":{"rendered":"https:\/\/g-silver.com\/prodotto\/basis-f%c2%b8r-brosche-43mm-zum-l%cb%86ten-5stk\/"},"modified":"2026-04-17T04:13:53","modified_gmt":"2026-04-17T02:13:53","slug":"basis-fuer-brosche-43mm-zum-loeten-5stk","status":"publish","type":"product","link":"https:\/\/g-silver.com\/de\/produkte\/basis-fuer-brosche-43mm-zum-loeten-5stk\/","title":{"rendered":"Basis f\u00fcr Brosche 43mm zum L\u00f6ten (5Stk)"},"content":{"rendered":"<div id=\"isolation-scope-yg3kvh92urgja2ixoars34956\">Artikel in Silber 925\/1000  antiallergisch (nickelfrei), mit Anlaufschutzbehandlung (Passivierung).<br \/>\n<br \/><b><br \/>Informationes<br \/>\n<\/b><br \/> Das Herstellen von Broschen mithilfe unserer Halterungen ist eine kreative M\u00f6glichkeit, Ihren Stil auszudr\u00fccken. Sie haben die M\u00f6glichkeit, Charms, Perlen, Silberketten oder Edelsteine anzubringen. Unsere hochwertigen Broschenhalter sorgen f\u00fcr eine sichere Befestigung und heben gleichzeitig jedes Detail Ihrer Kreation hervor. Mit unseren originellen Halterungen k\u00f6nnen Sie auch au\u00dfergew\u00f6hnliche Anstecknadeln oder Pins entwerfen.\n<\/div>\n","protected":false},"excerpt":{"rendered":"<p>Basis f\u00b8r Brosche 43mm zum L\u02c6ten (5Stk)<\/p>\n","protected":false},"featured_media":0,"comment_status":"open","ping_status":"closed","template":"","meta":{"_acf_changed":false},"product_brand":[],"product_cat":[3411,3391,3405],"product_tag":[],"class_list":{"0":"post-22735","1":"product","2":"type-product","3":"status-publish","5":"product_cat-verschlusse","6":"product_cat-schmuckzubehor","7":"product_cat-broschenhalter","9":"first","10":"instock","11":"taxable","12":"shipping-taxable","13":"purchasable","14":"product-type-simple","15":"add-to-wishlist-after_add_to_cart"},"acf":[],"yoast_head":"<!-- This site is optimized with the Yoast SEO Premium plugin v26.6 (Yoast SEO v26.6) - https:\/\/yoast.com\/wordpress\/plugins\/seo\/ -->\n<title>Basis f\u00fcr Brosche 43mm zum L\u00f6ten (5Stk) | G-Silver<\/title>\n<meta name=\"description\" content=\"Basis f\u00fcr Brosche 43mm zum L\u00f6ten (5Stk) - Artikel in Silber 925\/1000\u00a0\u00a0antiallergisch (nickelfrei), mit Anlaufschutzbehandlung (Passivierung)\" \/>\n<meta name=\"robots\" content=\"index, follow, max-snippet:-1, max-image-preview:large, max-video-preview:-1\" \/>\n<link rel=\"canonical\" href=\"https:\/\/g-silver.com\/de\/produkte\/basis-fuer-brosche-43mm-zum-loeten-5stk\/\" \/>\n<meta property=\"og:locale\" content=\"de_DE\" \/>\n<meta property=\"og:type\" content=\"article\" \/>\n<meta property=\"og:title\" content=\"Basis f\u00fcr Brosche 43mm zum L\u00f6ten (5Stk)\" \/>\n<meta property=\"og:description\" content=\"Basis f\u00fcr Brosche 43mm zum L\u00f6ten (5Stk) - Artikel in Silber 925\/1000\u00a0\u00a0antiallergisch (nickelfrei), mit Anlaufschutzbehandlung (Passivierung)\" \/>\n<meta property=\"og:url\" content=\"https:\/\/g-silver.com\/de\/produkte\/basis-fuer-brosche-43mm-zum-loeten-5stk\/\" \/>\n<meta property=\"og:site_name\" content=\"G-Silver\" \/>\n<meta property=\"article:publisher\" content=\"https:\/\/www.facebook.com\/profile.php?id=100063277505032\" \/>\n<meta property=\"article:modified_time\" content=\"2026-04-17T02:13:53+00:00\" \/>\n<meta property=\"og:image\" content=\"https:\/\/g-silver.com\/wp-content\/uploads\/2025\/03\/Valise-de-Logo_G-Silver_LogoBaseline_1_Background-degrade.jpg\" \/>\n\t<meta property=\"og:image:width\" content=\"2480\" \/>\n\t<meta property=\"og:image:height\" content=\"1748\" \/>\n\t<meta property=\"og:image:type\" content=\"image\/jpeg\" \/>\n<meta name=\"twitter:card\" content=\"summary_large_image\" \/>\n<meta name=\"twitter:label1\" content=\"Verf\u00fcgbarkeit\" \/>\n\t<meta name=\"twitter:data1\" content=\"Auf Lager\" \/>\n<script type=\"application\/ld+json\" class=\"yoast-schema-graph\">{\"@context\":\"https:\/\/schema.org\",\"@graph\":[{\"@type\":\"WebPage\",\"@id\":\"https:\/\/g-silver.com\/de\/produkte\/basis-fuer-brosche-43mm-zum-loeten-5stk\/\",\"url\":\"https:\/\/g-silver.com\/de\/produkte\/basis-fuer-brosche-43mm-zum-loeten-5stk\/\",\"name\":\"Basis f\u00fcr Brosche 43mm zum L\u00f6ten (5Stk) | G-Silver\",\"isPartOf\":{\"@id\":\"https:\/\/g-silver.com\/#website\"},\"datePublished\":\"2024-01-25T15:42:00+00:00\",\"dateModified\":\"2026-04-17T02:13:53+00:00\",\"description\":\"Basis f\u00fcr Brosche 43mm zum L\u00f6ten (5Stk) - Artikel in Silber 925\/1000\u00a0\u00a0antiallergisch (nickelfrei), mit Anlaufschutzbehandlung (Passivierung)\",\"breadcrumb\":{\"@id\":\"https:\/\/g-silver.com\/de\/produkte\/basis-fuer-brosche-43mm-zum-loeten-5stk\/#breadcrumb\"},\"inLanguage\":\"de\",\"potentialAction\":[{\"@type\":\"ReadAction\",\"target\":[\"https:\/\/g-silver.com\/de\/produkte\/basis-fuer-brosche-43mm-zum-loeten-5stk\/\"]}]},{\"@type\":\"BreadcrumbList\",\"@id\":\"https:\/\/g-silver.com\/de\/produkte\/basis-fuer-brosche-43mm-zum-loeten-5stk\/#breadcrumb\",\"itemListElement\":[{\"@type\":\"ListItem\",\"position\":1,\"name\":\"Home\",\"item\":\"https:\/\/g-silver.com\/de\/\"},{\"@type\":\"ListItem\",\"position\":2,\"name\":\"Schmuckzubeh\u00f6r\",\"item\":\"https:\/\/g-silver.com\/de\/produktkategorie\/schmuckzubehor\/\"},{\"@type\":\"ListItem\",\"position\":3,\"name\":\"Verschl\u00fcsse\",\"item\":\"https:\/\/g-silver.com\/de\/produktkategorie\/schmuckzubehor\/verschlusse\/\"},{\"@type\":\"ListItem\",\"position\":4,\"name\":\"Basis f\u00fcr Brosche 43mm zum L\u00f6ten (5Stk)\"}]},{\"@type\":\"WebSite\",\"@id\":\"https:\/\/g-silver.com\/#website\",\"url\":\"https:\/\/g-silver.com\/\",\"name\":\"G-Silver\",\"description\":\"\",\"publisher\":{\"@id\":\"https:\/\/g-silver.com\/#organization\"},\"potentialAction\":[{\"@type\":\"SearchAction\",\"target\":{\"@type\":\"EntryPoint\",\"urlTemplate\":\"https:\/\/g-silver.com\/?s={search_term_string}\"},\"query-input\":{\"@type\":\"PropertyValueSpecification\",\"valueRequired\":true,\"valueName\":\"search_term_string\"}}],\"inLanguage\":\"de\"},{\"@type\":\"Organization\",\"@id\":\"https:\/\/g-silver.com\/#organization\",\"name\":\"G-Silver\",\"url\":\"https:\/\/g-silver.com\/\",\"logo\":{\"@type\":\"ImageObject\",\"inLanguage\":\"de\",\"@id\":\"https:\/\/g-silver.com\/#\/schema\/logo\/image\/\",\"url\":\"https:\/\/g-silver.com\/wp-content\/uploads\/2025\/03\/G-Silver__Short-Logo.jpg\",\"contentUrl\":\"https:\/\/g-silver.com\/wp-content\/uploads\/2025\/03\/G-Silver__Short-Logo.jpg\",\"width\":1182,\"height\":1182,\"caption\":\"G-Silver\"},\"image\":{\"@id\":\"https:\/\/g-silver.com\/#\/schema\/logo\/image\/\"},\"sameAs\":[\"https:\/\/www.facebook.com\/profile.php?id=100063277505032\",\"https:\/\/www.instagram.com\/g_silver_com\/\"]}]}<\/script>\n<meta property=\"og:availability\" content=\"instock\" \/>\n<meta property=\"product:availability\" content=\"instock\" \/>\n<meta property=\"product:retailer_item_id\" content=\"AC2XPI\" \/>\n<meta property=\"product:condition\" content=\"new\" \/>\n<!-- \/ Yoast SEO Premium plugin. -->","yoast_head_json":{"title":"Basis f\u00fcr Brosche 43mm zum L\u00f6ten (5Stk) | G-Silver","description":"Basis f\u00fcr Brosche 43mm zum L\u00f6ten (5Stk) - Artikel in Silber 925\/1000\u00a0\u00a0antiallergisch (nickelfrei), mit Anlaufschutzbehandlung (Passivierung)","robots":{"index":"index","follow":"follow","max-snippet":"max-snippet:-1","max-image-preview":"max-image-preview:large","max-video-preview":"max-video-preview:-1"},"canonical":"https:\/\/g-silver.com\/de\/produkte\/basis-fuer-brosche-43mm-zum-loeten-5stk\/","og_locale":"de_DE","og_type":"article","og_title":"Basis f\u00fcr Brosche 43mm zum L\u00f6ten (5Stk)","og_description":"Basis f\u00fcr Brosche 43mm zum L\u00f6ten (5Stk) - Artikel in Silber 925\/1000\u00a0\u00a0antiallergisch (nickelfrei), mit Anlaufschutzbehandlung (Passivierung)","og_url":"https:\/\/g-silver.com\/de\/produkte\/basis-fuer-brosche-43mm-zum-loeten-5stk\/","og_site_name":"G-Silver","article_publisher":"https:\/\/www.facebook.com\/profile.php?id=100063277505032","article_modified_time":"2026-04-17T02:13:53+00:00","og_image":[{"width":2480,"height":1748,"url":"https:\/\/g-silver.com\/wp-content\/uploads\/2025\/03\/Valise-de-Logo_G-Silver_LogoBaseline_1_Background-degrade.jpg","type":"image\/jpeg"}],"twitter_card":"summary_large_image","twitter_misc":{"Verf\u00fcgbarkeit":"Auf Lager"},"schema":{"@context":"https:\/\/schema.org","@graph":[{"@type":"WebPage","@id":"https:\/\/g-silver.com\/de\/produkte\/basis-fuer-brosche-43mm-zum-loeten-5stk\/","url":"https:\/\/g-silver.com\/de\/produkte\/basis-fuer-brosche-43mm-zum-loeten-5stk\/","name":"Basis f\u00fcr Brosche 43mm zum L\u00f6ten (5Stk) | G-Silver","isPartOf":{"@id":"https:\/\/g-silver.com\/#website"},"datePublished":"2024-01-25T15:42:00+00:00","dateModified":"2026-04-17T02:13:53+00:00","description":"Basis f\u00fcr Brosche 43mm zum L\u00f6ten (5Stk) - Artikel in Silber 925\/1000\u00a0\u00a0antiallergisch (nickelfrei), mit Anlaufschutzbehandlung (Passivierung)","breadcrumb":{"@id":"https:\/\/g-silver.com\/de\/produkte\/basis-fuer-brosche-43mm-zum-loeten-5stk\/#breadcrumb"},"inLanguage":"de","potentialAction":[{"@type":"ReadAction","target":["https:\/\/g-silver.com\/de\/produkte\/basis-fuer-brosche-43mm-zum-loeten-5stk\/"]}]},{"@type":"BreadcrumbList","@id":"https:\/\/g-silver.com\/de\/produkte\/basis-fuer-brosche-43mm-zum-loeten-5stk\/#breadcrumb","itemListElement":[{"@type":"ListItem","position":1,"name":"Home","item":"https:\/\/g-silver.com\/de\/"},{"@type":"ListItem","position":2,"name":"Schmuckzubeh\u00f6r","item":"https:\/\/g-silver.com\/de\/produktkategorie\/schmuckzubehor\/"},{"@type":"ListItem","position":3,"name":"Verschl\u00fcsse","item":"https:\/\/g-silver.com\/de\/produktkategorie\/schmuckzubehor\/verschlusse\/"},{"@type":"ListItem","position":4,"name":"Basis f\u00fcr Brosche 43mm zum L\u00f6ten (5Stk)"}]},{"@type":"WebSite","@id":"https:\/\/g-silver.com\/#website","url":"https:\/\/g-silver.com\/","name":"G-Silver","description":"","publisher":{"@id":"https:\/\/g-silver.com\/#organization"},"potentialAction":[{"@type":"SearchAction","target":{"@type":"EntryPoint","urlTemplate":"https:\/\/g-silver.com\/?s={search_term_string}"},"query-input":{"@type":"PropertyValueSpecification","valueRequired":true,"valueName":"search_term_string"}}],"inLanguage":"de"},{"@type":"Organization","@id":"https:\/\/g-silver.com\/#organization","name":"G-Silver","url":"https:\/\/g-silver.com\/","logo":{"@type":"ImageObject","inLanguage":"de","@id":"https:\/\/g-silver.com\/#\/schema\/logo\/image\/","url":"https:\/\/g-silver.com\/wp-content\/uploads\/2025\/03\/G-Silver__Short-Logo.jpg","contentUrl":"https:\/\/g-silver.com\/wp-content\/uploads\/2025\/03\/G-Silver__Short-Logo.jpg","width":1182,"height":1182,"caption":"G-Silver"},"image":{"@id":"https:\/\/g-silver.com\/#\/schema\/logo\/image\/"},"sameAs":["https:\/\/www.facebook.com\/profile.php?id=100063277505032","https:\/\/www.instagram.com\/g_silver_com\/"]}]},"og_availability":"instock","product_availability":"instock","product_retailer_item_id":"AC2XPI","product_condition":"new"},"df_price":13.32,"df_sale_price":"","df_regular_price":13.32,"df_image_link":"https:\/\/g-silver.com\/wp-content\/uploads\/woocommerce-placeholder-300x300.png","_links":{"self":[{"href":"https:\/\/g-silver.com\/de\/wp-json\/wp\/v2\/product\/22735","targetHints":{"allow":["GET"]}}],"collection":[{"href":"https:\/\/g-silver.com\/de\/wp-json\/wp\/v2\/product"}],"about":[{"href":"https:\/\/g-silver.com\/de\/wp-json\/wp\/v2\/types\/product"}],"replies":[{"embeddable":true,"href":"https:\/\/g-silver.com\/de\/wp-json\/wp\/v2\/comments?post=22735"}],"wp:attachment":[{"href":"https:\/\/g-silver.com\/de\/wp-json\/wp\/v2\/media?parent=22735"}],"wp:term":[{"taxonomy":"product_brand","embeddable":true,"href":"https:\/\/g-silver.com\/de\/wp-json\/wp\/v2\/product_brand?post=22735"},{"taxonomy":"product_cat","embeddable":true,"href":"https:\/\/g-silver.com\/de\/wp-json\/wp\/v2\/product_cat?post=22735"},{"taxonomy":"product_tag","embeddable":true,"href":"https:\/\/g-silver.com\/de\/wp-json\/wp\/v2\/product_tag?post=22735"}],"curies":[{"name":"wp","href":"https:\/\/api.w.org\/{rel}","templated":true}]}}