{"id":24175,"date":"2024-02-19T14:17:03","date_gmt":"2024-02-19T13:17:03","guid":{"rendered":"https:\/\/g-silver.com\/prodotto\/bajonnettverschl%ef%bf%bdsse-durchmesser%ef%bf%bd18mm-loch-13mm-3stk\/"},"modified":"2026-04-03T04:31:35","modified_gmt":"2026-04-03T02:31:35","slug":"bajonnettverschluesse-durchmesser-18mm-loch-13mm-3stk","status":"publish","type":"product","link":"https:\/\/g-silver.com\/de\/produkte\/bajonnettverschluesse-durchmesser-18mm-loch-13mm-3stk\/","title":{"rendered":"Bajonnettverschl\u00fcsse Durchmesser\u00a01,8mm Loch 1,3mm (3Stk)"},"content":{"rendered":"<div id=\"isolation-scope-wnespj81vepp3xnu07hb156793\">Artikel in Silber 925\/1000  antiallergisch (nickelfrei), mit Anlaufschutzbehandlung (Passivierung).<br \/>\n<br \/><b><br \/>Tipps f\u00fcr die Verwendung<br \/>\n<\/b><br \/>Dieser Clipverschluss verf\u00fcgt \u00fcber ein &#8222;Click &amp; Twist&#8220;-System zum \u00d6ffnen und Schlie\u00dfen. Dank des Clips ist die Wahrscheinlichkeit, dass er sich l\u00f6st, sehr gering. Er ist ideal f\u00fcr Armb\u00e4nder und Halsketten aus Leder, funktioniert aber genauso gut mit jeder festen Kordel oder mehreren d\u00fcnnen Kordeln. Er wird h\u00e4ufig f\u00fcr einfache und schlichte Kreationen verwendet.\n<\/div>\n","protected":false},"excerpt":{"rendered":"<p>Artikel in Silber 925\/1000  antiallergisch (nickelfrei), mit Anlaufschutzbehandlung (Passivierung)<\/p>\n","protected":false},"featured_media":0,"comment_status":"open","ping_status":"closed","template":"","meta":{"_acf_changed":false},"product_brand":[],"product_cat":[3411,3740,3506,3391],"product_tag":[],"class_list":{"0":"post-24175","1":"product","2":"type-product","3":"status-publish","5":"product_cat-verschlusse","6":"product_cat-eine-welle-von-neuheiten","7":"product_cat-mehr-verschlusse","8":"product_cat-schmuckzubehor","10":"first","11":"instock","12":"taxable","13":"shipping-taxable","14":"purchasable","15":"product-type-simple","16":"add-to-wishlist-after_add_to_cart"},"acf":[],"yoast_head":"<!-- This site is optimized with the Yoast SEO Premium plugin v26.6 (Yoast SEO v26.6) - https:\/\/yoast.com\/wordpress\/plugins\/seo\/ -->\n<title>Bajonnettverschl\u00fcsse Durchmesser\u00a01,8mm Loch 1,3mm (3Stk) | G-Silver<\/title>\n<meta name=\"description\" content=\"Bajonnettverschl\u00fcsse Durchmesser 1,8mm Loch 1,3mm (3Stk) - Artikel in Silber 925\/1000 antiallergisch (nickelfrei), mit Anlaufschutzbehandlung (Passivierung). ...\" \/>\n<meta name=\"robots\" content=\"index, follow, max-snippet:-1, max-image-preview:large, max-video-preview:-1\" \/>\n<link rel=\"canonical\" href=\"https:\/\/g-silver.com\/de\/produkte\/bajonnettverschluesse-durchmesser-18mm-loch-13mm-3stk\/\" \/>\n<meta property=\"og:locale\" content=\"de_DE\" \/>\n<meta property=\"og:type\" content=\"article\" \/>\n<meta property=\"og:title\" content=\"Bajonnettverschl\u00fcsse Durchmesser\u00a01,8mm Loch 1,3mm (3Stk)\" \/>\n<meta property=\"og:description\" content=\"Bajonnettverschl\u00fcsse Durchmesser 1,8mm Loch 1,3mm (3Stk) - Artikel in Silber 925\/1000 antiallergisch (nickelfrei), mit Anlaufschutzbehandlung (Passivierung). ...\" \/>\n<meta property=\"og:url\" content=\"https:\/\/g-silver.com\/de\/produkte\/bajonnettverschluesse-durchmesser-18mm-loch-13mm-3stk\/\" \/>\n<meta property=\"og:site_name\" content=\"G-Silver\" \/>\n<meta property=\"article:publisher\" content=\"https:\/\/www.facebook.com\/profile.php?id=100063277505032\" \/>\n<meta property=\"article:modified_time\" content=\"2026-04-03T02:31:35+00:00\" \/>\n<meta property=\"og:image\" content=\"https:\/\/g-silver.com\/wp-content\/uploads\/2025\/03\/Valise-de-Logo_G-Silver_LogoBaseline_1_Background-degrade.jpg\" \/>\n\t<meta property=\"og:image:width\" content=\"2480\" \/>\n\t<meta property=\"og:image:height\" content=\"1748\" \/>\n\t<meta property=\"og:image:type\" content=\"image\/jpeg\" \/>\n<meta name=\"twitter:card\" content=\"summary_large_image\" \/>\n<meta name=\"twitter:label1\" content=\"Verf\u00fcgbarkeit\" \/>\n\t<meta name=\"twitter:data1\" content=\"Auf Lager\" \/>\n<script type=\"application\/ld+json\" class=\"yoast-schema-graph\">{\"@context\":\"https:\/\/schema.org\",\"@graph\":[{\"@type\":\"WebPage\",\"@id\":\"https:\/\/g-silver.com\/de\/produkte\/bajonnettverschluesse-durchmesser-18mm-loch-13mm-3stk\/\",\"url\":\"https:\/\/g-silver.com\/de\/produkte\/bajonnettverschluesse-durchmesser-18mm-loch-13mm-3stk\/\",\"name\":\"Bajonnettverschl\u00fcsse Durchmesser\u00a01,8mm Loch 1,3mm (3Stk) | G-Silver\",\"isPartOf\":{\"@id\":\"https:\/\/g-silver.com\/#website\"},\"datePublished\":\"2024-02-19T13:17:03+00:00\",\"dateModified\":\"2026-04-03T02:31:35+00:00\",\"description\":\"Bajonnettverschl\u00fcsse Durchmesser 1,8mm Loch 1,3mm (3Stk) - Artikel in Silber 925\/1000 antiallergisch (nickelfrei), mit Anlaufschutzbehandlung (Passivierung). ...\",\"breadcrumb\":{\"@id\":\"https:\/\/g-silver.com\/de\/produkte\/bajonnettverschluesse-durchmesser-18mm-loch-13mm-3stk\/#breadcrumb\"},\"inLanguage\":\"de\",\"potentialAction\":[{\"@type\":\"ReadAction\",\"target\":[\"https:\/\/g-silver.com\/de\/produkte\/bajonnettverschluesse-durchmesser-18mm-loch-13mm-3stk\/\"]}]},{\"@type\":\"BreadcrumbList\",\"@id\":\"https:\/\/g-silver.com\/de\/produkte\/bajonnettverschluesse-durchmesser-18mm-loch-13mm-3stk\/#breadcrumb\",\"itemListElement\":[{\"@type\":\"ListItem\",\"position\":1,\"name\":\"Home\",\"item\":\"https:\/\/g-silver.com\/de\/\"},{\"@type\":\"ListItem\",\"position\":2,\"name\":\"Schmuckzubeh\u00f6r\",\"item\":\"https:\/\/g-silver.com\/de\/produktkategorie\/schmuckzubehor\/\"},{\"@type\":\"ListItem\",\"position\":3,\"name\":\"Verschl\u00fcsse\",\"item\":\"https:\/\/g-silver.com\/de\/produktkategorie\/schmuckzubehor\/verschlusse\/\"},{\"@type\":\"ListItem\",\"position\":4,\"name\":\"Noch mehr Verschl\u00fcsse\",\"item\":\"https:\/\/g-silver.com\/de\/produktkategorie\/schmuckzubehor\/verschlusse\/mehr-verschlusse\/\"},{\"@type\":\"ListItem\",\"position\":5,\"name\":\"Bajonnettverschl\u00fcsse Durchmesser\u00a01,8mm Loch 1,3mm (3Stk)\"}]},{\"@type\":\"WebSite\",\"@id\":\"https:\/\/g-silver.com\/#website\",\"url\":\"https:\/\/g-silver.com\/\",\"name\":\"G-Silver\",\"description\":\"\",\"publisher\":{\"@id\":\"https:\/\/g-silver.com\/#organization\"},\"potentialAction\":[{\"@type\":\"SearchAction\",\"target\":{\"@type\":\"EntryPoint\",\"urlTemplate\":\"https:\/\/g-silver.com\/?s={search_term_string}\"},\"query-input\":{\"@type\":\"PropertyValueSpecification\",\"valueRequired\":true,\"valueName\":\"search_term_string\"}}],\"inLanguage\":\"de\"},{\"@type\":\"Organization\",\"@id\":\"https:\/\/g-silver.com\/#organization\",\"name\":\"G-Silver\",\"url\":\"https:\/\/g-silver.com\/\",\"logo\":{\"@type\":\"ImageObject\",\"inLanguage\":\"de\",\"@id\":\"https:\/\/g-silver.com\/#\/schema\/logo\/image\/\",\"url\":\"https:\/\/g-silver.com\/wp-content\/uploads\/2025\/03\/G-Silver__Short-Logo.jpg\",\"contentUrl\":\"https:\/\/g-silver.com\/wp-content\/uploads\/2025\/03\/G-Silver__Short-Logo.jpg\",\"width\":1182,\"height\":1182,\"caption\":\"G-Silver\"},\"image\":{\"@id\":\"https:\/\/g-silver.com\/#\/schema\/logo\/image\/\"},\"sameAs\":[\"https:\/\/www.facebook.com\/profile.php?id=100063277505032\",\"https:\/\/www.instagram.com\/g_silver_com\/\"]}]}<\/script>\n<meta property=\"og:availability\" content=\"instock\" \/>\n<meta property=\"product:availability\" content=\"instock\" \/>\n<meta property=\"product:retailer_item_id\" content=\"BA180140\" \/>\n<meta property=\"product:condition\" content=\"new\" \/>\n<!-- \/ Yoast SEO Premium plugin. -->","yoast_head_json":{"title":"Bajonnettverschl\u00fcsse Durchmesser\u00a01,8mm Loch 1,3mm (3Stk) | G-Silver","description":"Bajonnettverschl\u00fcsse Durchmesser 1,8mm Loch 1,3mm (3Stk) - Artikel in Silber 925\/1000 antiallergisch (nickelfrei), mit Anlaufschutzbehandlung (Passivierung). ...","robots":{"index":"index","follow":"follow","max-snippet":"max-snippet:-1","max-image-preview":"max-image-preview:large","max-video-preview":"max-video-preview:-1"},"canonical":"https:\/\/g-silver.com\/de\/produkte\/bajonnettverschluesse-durchmesser-18mm-loch-13mm-3stk\/","og_locale":"de_DE","og_type":"article","og_title":"Bajonnettverschl\u00fcsse Durchmesser\u00a01,8mm Loch 1,3mm (3Stk)","og_description":"Bajonnettverschl\u00fcsse Durchmesser 1,8mm Loch 1,3mm (3Stk) - Artikel in Silber 925\/1000 antiallergisch (nickelfrei), mit Anlaufschutzbehandlung (Passivierung). ...","og_url":"https:\/\/g-silver.com\/de\/produkte\/bajonnettverschluesse-durchmesser-18mm-loch-13mm-3stk\/","og_site_name":"G-Silver","article_publisher":"https:\/\/www.facebook.com\/profile.php?id=100063277505032","article_modified_time":"2026-04-03T02:31:35+00:00","og_image":[{"width":2480,"height":1748,"url":"https:\/\/g-silver.com\/wp-content\/uploads\/2025\/03\/Valise-de-Logo_G-Silver_LogoBaseline_1_Background-degrade.jpg","type":"image\/jpeg"}],"twitter_card":"summary_large_image","twitter_misc":{"Verf\u00fcgbarkeit":"Auf Lager"},"schema":{"@context":"https:\/\/schema.org","@graph":[{"@type":"WebPage","@id":"https:\/\/g-silver.com\/de\/produkte\/bajonnettverschluesse-durchmesser-18mm-loch-13mm-3stk\/","url":"https:\/\/g-silver.com\/de\/produkte\/bajonnettverschluesse-durchmesser-18mm-loch-13mm-3stk\/","name":"Bajonnettverschl\u00fcsse Durchmesser\u00a01,8mm Loch 1,3mm (3Stk) | G-Silver","isPartOf":{"@id":"https:\/\/g-silver.com\/#website"},"datePublished":"2024-02-19T13:17:03+00:00","dateModified":"2026-04-03T02:31:35+00:00","description":"Bajonnettverschl\u00fcsse Durchmesser 1,8mm Loch 1,3mm (3Stk) - Artikel in Silber 925\/1000 antiallergisch (nickelfrei), mit Anlaufschutzbehandlung (Passivierung). ...","breadcrumb":{"@id":"https:\/\/g-silver.com\/de\/produkte\/bajonnettverschluesse-durchmesser-18mm-loch-13mm-3stk\/#breadcrumb"},"inLanguage":"de","potentialAction":[{"@type":"ReadAction","target":["https:\/\/g-silver.com\/de\/produkte\/bajonnettverschluesse-durchmesser-18mm-loch-13mm-3stk\/"]}]},{"@type":"BreadcrumbList","@id":"https:\/\/g-silver.com\/de\/produkte\/bajonnettverschluesse-durchmesser-18mm-loch-13mm-3stk\/#breadcrumb","itemListElement":[{"@type":"ListItem","position":1,"name":"Home","item":"https:\/\/g-silver.com\/de\/"},{"@type":"ListItem","position":2,"name":"Schmuckzubeh\u00f6r","item":"https:\/\/g-silver.com\/de\/produktkategorie\/schmuckzubehor\/"},{"@type":"ListItem","position":3,"name":"Verschl\u00fcsse","item":"https:\/\/g-silver.com\/de\/produktkategorie\/schmuckzubehor\/verschlusse\/"},{"@type":"ListItem","position":4,"name":"Noch mehr Verschl\u00fcsse","item":"https:\/\/g-silver.com\/de\/produktkategorie\/schmuckzubehor\/verschlusse\/mehr-verschlusse\/"},{"@type":"ListItem","position":5,"name":"Bajonnettverschl\u00fcsse Durchmesser\u00a01,8mm Loch 1,3mm (3Stk)"}]},{"@type":"WebSite","@id":"https:\/\/g-silver.com\/#website","url":"https:\/\/g-silver.com\/","name":"G-Silver","description":"","publisher":{"@id":"https:\/\/g-silver.com\/#organization"},"potentialAction":[{"@type":"SearchAction","target":{"@type":"EntryPoint","urlTemplate":"https:\/\/g-silver.com\/?s={search_term_string}"},"query-input":{"@type":"PropertyValueSpecification","valueRequired":true,"valueName":"search_term_string"}}],"inLanguage":"de"},{"@type":"Organization","@id":"https:\/\/g-silver.com\/#organization","name":"G-Silver","url":"https:\/\/g-silver.com\/","logo":{"@type":"ImageObject","inLanguage":"de","@id":"https:\/\/g-silver.com\/#\/schema\/logo\/image\/","url":"https:\/\/g-silver.com\/wp-content\/uploads\/2025\/03\/G-Silver__Short-Logo.jpg","contentUrl":"https:\/\/g-silver.com\/wp-content\/uploads\/2025\/03\/G-Silver__Short-Logo.jpg","width":1182,"height":1182,"caption":"G-Silver"},"image":{"@id":"https:\/\/g-silver.com\/#\/schema\/logo\/image\/"},"sameAs":["https:\/\/www.facebook.com\/profile.php?id=100063277505032","https:\/\/www.instagram.com\/g_silver_com\/"]}]},"og_availability":"instock","product_availability":"instock","product_retailer_item_id":"BA180140","product_condition":"new"},"df_price":14.75,"df_sale_price":"","df_regular_price":14.75,"df_image_link":"https:\/\/g-silver.com\/wp-content\/uploads\/woocommerce-placeholder-300x300.png","_links":{"self":[{"href":"https:\/\/g-silver.com\/de\/wp-json\/wp\/v2\/product\/24175","targetHints":{"allow":["GET"]}}],"collection":[{"href":"https:\/\/g-silver.com\/de\/wp-json\/wp\/v2\/product"}],"about":[{"href":"https:\/\/g-silver.com\/de\/wp-json\/wp\/v2\/types\/product"}],"replies":[{"embeddable":true,"href":"https:\/\/g-silver.com\/de\/wp-json\/wp\/v2\/comments?post=24175"}],"wp:attachment":[{"href":"https:\/\/g-silver.com\/de\/wp-json\/wp\/v2\/media?parent=24175"}],"wp:term":[{"taxonomy":"product_brand","embeddable":true,"href":"https:\/\/g-silver.com\/de\/wp-json\/wp\/v2\/product_brand?post=24175"},{"taxonomy":"product_cat","embeddable":true,"href":"https:\/\/g-silver.com\/de\/wp-json\/wp\/v2\/product_cat?post=24175"},{"taxonomy":"product_tag","embeddable":true,"href":"https:\/\/g-silver.com\/de\/wp-json\/wp\/v2\/product_tag?post=24175"}],"curies":[{"name":"wp","href":"https:\/\/api.w.org\/{rel}","templated":true}]}}