{"id":25811,"date":"2024-02-19T15:52:06","date_gmt":"2024-02-19T14:52:06","guid":{"rendered":"https:\/\/g-silver.com\/prodotto\/armband-mit-perlen-5mm-163cm-verl%ef%bf%bdngerung-1stk\/"},"modified":"2026-04-10T04:42:22","modified_gmt":"2026-04-10T02:42:22","slug":"armband-mit-perlen-5mm-163cm-verlaengerung-1stk","status":"publish","type":"product","link":"https:\/\/g-silver.com\/de\/produkte\/armband-mit-perlen-5mm-163cm-verlaengerung-1stk\/","title":{"rendered":"Armband mit Perlen 5mm 16+3cm Verl\u00e4ngerung (1Stk)"},"content":{"rendered":"<div id=\"isolation-scope-3lc6ratmjk9p0e5todvo55800\">Artikel in Silber 925\/1000  antiallergisch (nickelfrei), mit Anlaufschutzbehandlung (Passivierung).<br \/>\n<br \/><b><br \/> Tipps f\u00fcr die Verwendung<br \/>\n<\/b><br \/> Als Hommage an unseren Showroom und unser Atelier in Marseille,<br \/>\n<b> Marseille haben wir exklusiv eine Schmuckkollektion entworfen<br \/>\n<\/b><br \/>\ndie mit wundersch\u00f6nen recycelten Perlen aus Sterling Silber verziert ist. Die Halsketten, Armb\u00e4nder und Ohrringe, aus denen sich diese Kollektion zusammensetzt, sind eine Hommage an die reiche Schmucktradition von Marseille.<\/p>\n<p>DIE KETTE AUS MARSEILLE<br \/>\n<br \/>\nUnsere Inspiration wurzelt in der faszinierenden Geschichte der ber\u00fchmten Marseille-Kette, deren Ursprung bis ins 18. Jahrhundert zur\u00fcckreicht.<br \/>\nDamals investierten die Frauen in Marseille die Fr\u00fcchte ihrer Arbeit in den Kauf kostbarer Goldkugeln, die sie stolz als Halskette trugen.<br \/>\nDiese Tradition entwickelte sich im Laufe der Jahre zu einem wertvollen Geschenk f\u00fcr junge M\u00e4dchen, die diese Perlen sorgf\u00e4ltig sammelten, um sie von einem Juwelier zu einer Halskette zusammensetzen zu lassen.<br \/>\nMit unserer Kollection Boule f\u00fchren wir diese Tradition fort und verleihen dem franz\u00f6sischen Juwelier-Erbe einen zeitgen\u00f6ssischen Touch.<br \/>\nJedes St\u00fcck dieser Kollektion ist ein Ausdruck zeitloser Eleganz und erz\u00e4hlt eine Geschichte, die die Jahrhunderte \u00fcberdauert hat.<\/p>\n<p> Dieses fertige Schmuckst\u00fcck wird von uns als White-Label-Produkt nach den neuesten Trends entworfen. Sie k\u00f6nnen es unter Ihrer eigenen Marke vermarkten. Profitieren Sie von unserem Know-how mit fertigen Kollektionen.<\/p>\n<p>Lesen Sie unsere Tipps zur<br \/>\n<a href=\"https:\/\/g-silver.com\/de\/blog\/focus-metier\/wie-pflegt-man-925er-silberschumck\" target=\"_blank\" class=\"link\" rel=\"noopener\">Pflege von Silberschmuck.<\/a><\/div>\n","protected":false},"excerpt":{"rendered":"<p>Artikel in Silber 925\/1000  antiallergisch (nickelfrei), mit Anlaufschutzbehandlung (Passivierung)<\/p>\n","protected":false},"featured_media":0,"comment_status":"open","ping_status":"closed","template":"","meta":{"_acf_changed":false},"product_brand":[],"product_cat":[3417,3724,3397,3392,4732],"product_tag":[],"class_list":{"0":"post-25811","1":"product","2":"type-product","3":"status-publish","5":"product_cat-damenschmuck","6":"product_cat-armbaender","7":"product_cat-trendiger-schmuck","8":"product_cat-schmuck","9":"product_cat-kollektion-kugeln","11":"first","12":"instock","13":"taxable","14":"shipping-taxable","15":"purchasable","16":"product-type-simple","17":"add-to-wishlist-after_add_to_cart"},"acf":[],"yoast_head":"<!-- This site is optimized with the Yoast SEO Premium plugin v26.6 (Yoast SEO v26.6) - https:\/\/yoast.com\/wordpress\/plugins\/seo\/ -->\n<title>Armband mit Perlen 5mm 16+3cm Verl\u00e4ngerung (1Stk) | G-Silver<\/title>\n<meta name=\"description\" content=\"Armband mit Perlen 5mm 16+3cm Verl\u00e4ngerung (1Stk) - Artikel in Silber 925\/1000 antiallergisch (nickelfrei), mit Anlaufschutzbehandlung (Passivierung)\" \/>\n<meta name=\"robots\" content=\"index, follow, max-snippet:-1, max-image-preview:large, max-video-preview:-1\" \/>\n<link rel=\"canonical\" href=\"https:\/\/g-silver.com\/de\/produkte\/armband-mit-perlen-5mm-163cm-verlaengerung-1stk\/\" \/>\n<meta property=\"og:locale\" content=\"de_DE\" \/>\n<meta property=\"og:type\" content=\"article\" \/>\n<meta property=\"og:title\" content=\"Armband mit Perlen 5mm 16+3cm Verl\u00e4ngerung (1Stk)\" \/>\n<meta property=\"og:description\" content=\"Armband mit Perlen 5mm 16+3cm Verl\u00e4ngerung (1Stk) - Artikel in Silber 925\/1000 antiallergisch (nickelfrei), mit Anlaufschutzbehandlung (Passivierung)\" \/>\n<meta property=\"og:url\" content=\"https:\/\/g-silver.com\/de\/produkte\/armband-mit-perlen-5mm-163cm-verlaengerung-1stk\/\" \/>\n<meta property=\"og:site_name\" content=\"G-Silver\" \/>\n<meta property=\"article:publisher\" content=\"https:\/\/www.facebook.com\/profile.php?id=100063277505032\" \/>\n<meta property=\"article:modified_time\" content=\"2026-04-10T02:42:22+00:00\" \/>\n<meta property=\"og:image\" content=\"https:\/\/g-silver.com\/wp-content\/uploads\/2025\/03\/Valise-de-Logo_G-Silver_LogoBaseline_1_Background-degrade.jpg\" \/>\n\t<meta property=\"og:image:width\" content=\"2480\" \/>\n\t<meta property=\"og:image:height\" content=\"1748\" \/>\n\t<meta property=\"og:image:type\" content=\"image\/jpeg\" \/>\n<meta name=\"twitter:card\" content=\"summary_large_image\" \/>\n<meta name=\"twitter:label1\" content=\"Verf\u00fcgbarkeit\" \/>\n\t<meta name=\"twitter:data1\" content=\"Auf Lager\" \/>\n<script type=\"application\/ld+json\" class=\"yoast-schema-graph\">{\"@context\":\"https:\/\/schema.org\",\"@graph\":[{\"@type\":\"WebPage\",\"@id\":\"https:\/\/g-silver.com\/de\/produkte\/armband-mit-perlen-5mm-163cm-verlaengerung-1stk\/\",\"url\":\"https:\/\/g-silver.com\/de\/produkte\/armband-mit-perlen-5mm-163cm-verlaengerung-1stk\/\",\"name\":\"Armband mit Perlen 5mm 16+3cm Verl\u00e4ngerung (1Stk) | G-Silver\",\"isPartOf\":{\"@id\":\"https:\/\/g-silver.com\/#website\"},\"datePublished\":\"2024-02-19T14:52:06+00:00\",\"dateModified\":\"2026-04-10T02:42:22+00:00\",\"description\":\"Armband mit Perlen 5mm 16+3cm Verl\u00e4ngerung (1Stk) - Artikel in Silber 925\/1000 antiallergisch (nickelfrei), mit Anlaufschutzbehandlung (Passivierung)\",\"breadcrumb\":{\"@id\":\"https:\/\/g-silver.com\/de\/produkte\/armband-mit-perlen-5mm-163cm-verlaengerung-1stk\/#breadcrumb\"},\"inLanguage\":\"de\",\"potentialAction\":[{\"@type\":\"ReadAction\",\"target\":[\"https:\/\/g-silver.com\/de\/produkte\/armband-mit-perlen-5mm-163cm-verlaengerung-1stk\/\"]}]},{\"@type\":\"BreadcrumbList\",\"@id\":\"https:\/\/g-silver.com\/de\/produkte\/armband-mit-perlen-5mm-163cm-verlaengerung-1stk\/#breadcrumb\",\"itemListElement\":[{\"@type\":\"ListItem\",\"position\":1,\"name\":\"Home\",\"item\":\"https:\/\/g-silver.com\/de\/\"},{\"@type\":\"ListItem\",\"position\":2,\"name\":\"Schmuck\",\"item\":\"https:\/\/g-silver.com\/de\/produktkategorie\/schmuck\/\"},{\"@type\":\"ListItem\",\"position\":3,\"name\":\"Damenschmuck\",\"item\":\"https:\/\/g-silver.com\/de\/produktkategorie\/schmuck\/damenschmuck\/\"},{\"@type\":\"ListItem\",\"position\":4,\"name\":\"Armb\u00e4nder\",\"item\":\"https:\/\/g-silver.com\/de\/produktkategorie\/schmuck\/damenschmuck\/armbaender\/\"},{\"@type\":\"ListItem\",\"position\":5,\"name\":\"Armband mit Perlen 5mm 16+3cm Verl\u00e4ngerung (1Stk)\"}]},{\"@type\":\"WebSite\",\"@id\":\"https:\/\/g-silver.com\/#website\",\"url\":\"https:\/\/g-silver.com\/\",\"name\":\"G-Silver\",\"description\":\"\",\"publisher\":{\"@id\":\"https:\/\/g-silver.com\/#organization\"},\"potentialAction\":[{\"@type\":\"SearchAction\",\"target\":{\"@type\":\"EntryPoint\",\"urlTemplate\":\"https:\/\/g-silver.com\/?s={search_term_string}\"},\"query-input\":{\"@type\":\"PropertyValueSpecification\",\"valueRequired\":true,\"valueName\":\"search_term_string\"}}],\"inLanguage\":\"de\"},{\"@type\":\"Organization\",\"@id\":\"https:\/\/g-silver.com\/#organization\",\"name\":\"G-Silver\",\"url\":\"https:\/\/g-silver.com\/\",\"logo\":{\"@type\":\"ImageObject\",\"inLanguage\":\"de\",\"@id\":\"https:\/\/g-silver.com\/#\/schema\/logo\/image\/\",\"url\":\"https:\/\/g-silver.com\/wp-content\/uploads\/2025\/03\/G-Silver__Short-Logo.jpg\",\"contentUrl\":\"https:\/\/g-silver.com\/wp-content\/uploads\/2025\/03\/G-Silver__Short-Logo.jpg\",\"width\":1182,\"height\":1182,\"caption\":\"G-Silver\"},\"image\":{\"@id\":\"https:\/\/g-silver.com\/#\/schema\/logo\/image\/\"},\"sameAs\":[\"https:\/\/www.facebook.com\/profile.php?id=100063277505032\",\"https:\/\/www.instagram.com\/g_silver_com\/\"]}]}<\/script>\n<meta property=\"og:availability\" content=\"instock\" \/>\n<meta property=\"product:availability\" content=\"instock\" \/>\n<meta property=\"product:retailer_item_id\" content=\"BR5PL16\" \/>\n<meta property=\"product:condition\" content=\"new\" \/>\n<!-- \/ Yoast SEO Premium plugin. -->","yoast_head_json":{"title":"Armband mit Perlen 5mm 16+3cm Verl\u00e4ngerung (1Stk) | G-Silver","description":"Armband mit Perlen 5mm 16+3cm Verl\u00e4ngerung (1Stk) - Artikel in Silber 925\/1000 antiallergisch (nickelfrei), mit Anlaufschutzbehandlung (Passivierung)","robots":{"index":"index","follow":"follow","max-snippet":"max-snippet:-1","max-image-preview":"max-image-preview:large","max-video-preview":"max-video-preview:-1"},"canonical":"https:\/\/g-silver.com\/de\/produkte\/armband-mit-perlen-5mm-163cm-verlaengerung-1stk\/","og_locale":"de_DE","og_type":"article","og_title":"Armband mit Perlen 5mm 16+3cm Verl\u00e4ngerung (1Stk)","og_description":"Armband mit Perlen 5mm 16+3cm Verl\u00e4ngerung (1Stk) - Artikel in Silber 925\/1000 antiallergisch (nickelfrei), mit Anlaufschutzbehandlung (Passivierung)","og_url":"https:\/\/g-silver.com\/de\/produkte\/armband-mit-perlen-5mm-163cm-verlaengerung-1stk\/","og_site_name":"G-Silver","article_publisher":"https:\/\/www.facebook.com\/profile.php?id=100063277505032","article_modified_time":"2026-04-10T02:42:22+00:00","og_image":[{"width":2480,"height":1748,"url":"https:\/\/g-silver.com\/wp-content\/uploads\/2025\/03\/Valise-de-Logo_G-Silver_LogoBaseline_1_Background-degrade.jpg","type":"image\/jpeg"}],"twitter_card":"summary_large_image","twitter_misc":{"Verf\u00fcgbarkeit":"Auf Lager"},"schema":{"@context":"https:\/\/schema.org","@graph":[{"@type":"WebPage","@id":"https:\/\/g-silver.com\/de\/produkte\/armband-mit-perlen-5mm-163cm-verlaengerung-1stk\/","url":"https:\/\/g-silver.com\/de\/produkte\/armband-mit-perlen-5mm-163cm-verlaengerung-1stk\/","name":"Armband mit Perlen 5mm 16+3cm Verl\u00e4ngerung (1Stk) | G-Silver","isPartOf":{"@id":"https:\/\/g-silver.com\/#website"},"datePublished":"2024-02-19T14:52:06+00:00","dateModified":"2026-04-10T02:42:22+00:00","description":"Armband mit Perlen 5mm 16+3cm Verl\u00e4ngerung (1Stk) - Artikel in Silber 925\/1000 antiallergisch (nickelfrei), mit Anlaufschutzbehandlung (Passivierung)","breadcrumb":{"@id":"https:\/\/g-silver.com\/de\/produkte\/armband-mit-perlen-5mm-163cm-verlaengerung-1stk\/#breadcrumb"},"inLanguage":"de","potentialAction":[{"@type":"ReadAction","target":["https:\/\/g-silver.com\/de\/produkte\/armband-mit-perlen-5mm-163cm-verlaengerung-1stk\/"]}]},{"@type":"BreadcrumbList","@id":"https:\/\/g-silver.com\/de\/produkte\/armband-mit-perlen-5mm-163cm-verlaengerung-1stk\/#breadcrumb","itemListElement":[{"@type":"ListItem","position":1,"name":"Home","item":"https:\/\/g-silver.com\/de\/"},{"@type":"ListItem","position":2,"name":"Schmuck","item":"https:\/\/g-silver.com\/de\/produktkategorie\/schmuck\/"},{"@type":"ListItem","position":3,"name":"Damenschmuck","item":"https:\/\/g-silver.com\/de\/produktkategorie\/schmuck\/damenschmuck\/"},{"@type":"ListItem","position":4,"name":"Armb\u00e4nder","item":"https:\/\/g-silver.com\/de\/produktkategorie\/schmuck\/damenschmuck\/armbaender\/"},{"@type":"ListItem","position":5,"name":"Armband mit Perlen 5mm 16+3cm Verl\u00e4ngerung (1Stk)"}]},{"@type":"WebSite","@id":"https:\/\/g-silver.com\/#website","url":"https:\/\/g-silver.com\/","name":"G-Silver","description":"","publisher":{"@id":"https:\/\/g-silver.com\/#organization"},"potentialAction":[{"@type":"SearchAction","target":{"@type":"EntryPoint","urlTemplate":"https:\/\/g-silver.com\/?s={search_term_string}"},"query-input":{"@type":"PropertyValueSpecification","valueRequired":true,"valueName":"search_term_string"}}],"inLanguage":"de"},{"@type":"Organization","@id":"https:\/\/g-silver.com\/#organization","name":"G-Silver","url":"https:\/\/g-silver.com\/","logo":{"@type":"ImageObject","inLanguage":"de","@id":"https:\/\/g-silver.com\/#\/schema\/logo\/image\/","url":"https:\/\/g-silver.com\/wp-content\/uploads\/2025\/03\/G-Silver__Short-Logo.jpg","contentUrl":"https:\/\/g-silver.com\/wp-content\/uploads\/2025\/03\/G-Silver__Short-Logo.jpg","width":1182,"height":1182,"caption":"G-Silver"},"image":{"@id":"https:\/\/g-silver.com\/#\/schema\/logo\/image\/"},"sameAs":["https:\/\/www.facebook.com\/profile.php?id=100063277505032","https:\/\/www.instagram.com\/g_silver_com\/"]}]},"og_availability":"instock","product_availability":"instock","product_retailer_item_id":"BR5PL16","product_condition":"new"},"df_price":33.21,"df_sale_price":"","df_regular_price":33.21,"df_image_link":"https:\/\/g-silver.com\/wp-content\/uploads\/woocommerce-placeholder-300x300.png","_links":{"self":[{"href":"https:\/\/g-silver.com\/de\/wp-json\/wp\/v2\/product\/25811","targetHints":{"allow":["GET"]}}],"collection":[{"href":"https:\/\/g-silver.com\/de\/wp-json\/wp\/v2\/product"}],"about":[{"href":"https:\/\/g-silver.com\/de\/wp-json\/wp\/v2\/types\/product"}],"replies":[{"embeddable":true,"href":"https:\/\/g-silver.com\/de\/wp-json\/wp\/v2\/comments?post=25811"}],"wp:attachment":[{"href":"https:\/\/g-silver.com\/de\/wp-json\/wp\/v2\/media?parent=25811"}],"wp:term":[{"taxonomy":"product_brand","embeddable":true,"href":"https:\/\/g-silver.com\/de\/wp-json\/wp\/v2\/product_brand?post=25811"},{"taxonomy":"product_cat","embeddable":true,"href":"https:\/\/g-silver.com\/de\/wp-json\/wp\/v2\/product_cat?post=25811"},{"taxonomy":"product_tag","embeddable":true,"href":"https:\/\/g-silver.com\/de\/wp-json\/wp\/v2\/product_tag?post=25811"}],"curies":[{"name":"wp","href":"https:\/\/api.w.org\/{rel}","templated":true}]}}