{"id":27873,"date":"2024-02-20T11:07:05","date_gmt":"2024-02-20T10:07:05","guid":{"rendered":"https:\/\/g-silver.com\/prodotto\/endkappen-f%ef%bf%bdr-06mm-draht-100stk\/"},"modified":"2026-04-10T19:18:42","modified_gmt":"2026-04-10T17:18:42","slug":"endkappen-fuer-06mm-draht-100stk","status":"publish","type":"product","link":"https:\/\/g-silver.com\/de\/produkte\/endkappen-fuer-06mm-draht-100stk\/","title":{"rendered":"Endkappen f\u00fcr 0,6mm Draht (100Stk)"},"content":{"rendered":"<div id=\"isolation-scope-c1rvjielvzl2emg6h74t25400\">Artikel in Silber 925\/1000 antiallergisch (nickelfrei), mit Anlaufschutzbehandlung (Passivierung).<br \/>\n<br \/><b><br \/>Tipps f\u00fcr die Verwendung<br \/>\n<\/b><br \/>\nEndst\u00fccke f\u00fcr Dr\u00e4hte sind ein unverzichtbares Schmuckzubeh\u00f6r, das zur Sicherung und Versch\u00f6nerung von Kreationen verwendet wird. Es handelt sich um Endverschl\u00fcsse, die die F\u00e4den an der richtigen Position halten und gleichzeitig eine \u00e4sthetische Note verleihen. Sie sind auch Drahtsch\u00fctzer, da sie vor Abnutzung und Besch\u00e4digung sch\u00fctzen.<\/p>\n<p>Wenn sie f\u00fcr dicke Dr\u00e4hte verwendet werden, wie bei Perlenketten, werden sie Kavaliere genannt und sorgen f\u00fcr ein elegantes Finish und einen festen Halt. Diese Endst\u00fccke spielen eine entscheidende Rolle bei der Herstellung von hochwertigem Schmuck und sorgen daf\u00fcr, dass jede Kreation professionell und langlebig aussieht.<\/p>\n<p>Lesen Sie unsere Tipps zur<br \/>\n<a href=\"https:\/\/g-silver.com\/de\/blog\/focus-metier\/wie-pflegt-man-925er-silberschumck\" target=\"_blank\" class=\"link\" rel=\"noopener\">Pflege von Silberschmuck.<\/a><\/div>\n","protected":false},"excerpt":{"rendered":"<p>Artikel in Silber 925\/1000  antiallergisch (nickelfrei), mit Anlaufschutzbehandlung (Passivierung)<\/p>\n","protected":false},"featured_media":0,"comment_status":"open","ping_status":"closed","template":"","meta":{"_acf_changed":false},"product_brand":[],"product_cat":[3510,3740,3391,3425,3395],"product_tag":[],"class_list":{"0":"post-27873","1":"product","2":"type-product","3":"status-publish","5":"product_cat-mehr-endkappen","6":"product_cat-eine-welle-von-neuheiten","7":"product_cat-schmuckzubehor","8":"product_cat-endkappen","9":"product_cat-inspiration-fruhling","11":"first","12":"instock","13":"taxable","14":"shipping-taxable","15":"purchasable","16":"product-type-simple","17":"add-to-wishlist-after_add_to_cart"},"acf":[],"yoast_head":"<!-- This site is optimized with the Yoast SEO Premium plugin v26.6 (Yoast SEO v26.6) - https:\/\/yoast.com\/wordpress\/plugins\/seo\/ -->\n<title>Endkappen f\u00fcr 0,6mm Draht (100Stk) | G-Silver<\/title>\n<meta name=\"description\" content=\"Endkappen f\u00fcr 0,6mm Draht (100Stk) - Artikel in Silber 925\/1000 antiallergisch (nickelfrei), mit Anlaufschutzbehandlung (Passivierung)\" \/>\n<meta name=\"robots\" content=\"index, follow, max-snippet:-1, max-image-preview:large, max-video-preview:-1\" \/>\n<link rel=\"canonical\" href=\"https:\/\/g-silver.com\/de\/produkte\/endkappen-fuer-06mm-draht-100stk\/\" \/>\n<meta property=\"og:locale\" content=\"de_DE\" \/>\n<meta property=\"og:type\" content=\"article\" \/>\n<meta property=\"og:title\" content=\"Endkappen f\u00fcr 0,6mm Draht (100Stk)\" \/>\n<meta property=\"og:description\" content=\"Endkappen f\u00fcr 0,6mm Draht (100Stk) - Artikel in Silber 925\/1000 antiallergisch (nickelfrei), mit Anlaufschutzbehandlung (Passivierung)\" \/>\n<meta property=\"og:url\" content=\"https:\/\/g-silver.com\/de\/produkte\/endkappen-fuer-06mm-draht-100stk\/\" \/>\n<meta property=\"og:site_name\" content=\"G-Silver\" \/>\n<meta property=\"article:publisher\" content=\"https:\/\/www.facebook.com\/profile.php?id=100063277505032\" \/>\n<meta property=\"article:modified_time\" content=\"2026-04-10T17:18:42+00:00\" \/>\n<meta property=\"og:image\" content=\"https:\/\/g-silver.com\/wp-content\/uploads\/2025\/03\/Valise-de-Logo_G-Silver_LogoBaseline_1_Background-degrade.jpg\" \/>\n\t<meta property=\"og:image:width\" content=\"2480\" \/>\n\t<meta property=\"og:image:height\" content=\"1748\" \/>\n\t<meta property=\"og:image:type\" content=\"image\/jpeg\" \/>\n<meta name=\"twitter:card\" content=\"summary_large_image\" \/>\n<meta name=\"twitter:label1\" content=\"Verf\u00fcgbarkeit\" \/>\n\t<meta name=\"twitter:data1\" content=\"Auf Lager\" \/>\n<script type=\"application\/ld+json\" class=\"yoast-schema-graph\">{\"@context\":\"https:\/\/schema.org\",\"@graph\":[{\"@type\":\"WebPage\",\"@id\":\"https:\/\/g-silver.com\/de\/produkte\/endkappen-fuer-06mm-draht-100stk\/\",\"url\":\"https:\/\/g-silver.com\/de\/produkte\/endkappen-fuer-06mm-draht-100stk\/\",\"name\":\"Endkappen f\u00fcr 0,6mm Draht (100Stk) | G-Silver\",\"isPartOf\":{\"@id\":\"https:\/\/g-silver.com\/#website\"},\"datePublished\":\"2024-02-20T10:07:05+00:00\",\"dateModified\":\"2026-04-10T17:18:42+00:00\",\"description\":\"Endkappen f\u00fcr 0,6mm Draht (100Stk) - Artikel in Silber 925\/1000 antiallergisch (nickelfrei), mit Anlaufschutzbehandlung (Passivierung)\",\"breadcrumb\":{\"@id\":\"https:\/\/g-silver.com\/de\/produkte\/endkappen-fuer-06mm-draht-100stk\/#breadcrumb\"},\"inLanguage\":\"de\",\"potentialAction\":[{\"@type\":\"ReadAction\",\"target\":[\"https:\/\/g-silver.com\/de\/produkte\/endkappen-fuer-06mm-draht-100stk\/\"]}]},{\"@type\":\"BreadcrumbList\",\"@id\":\"https:\/\/g-silver.com\/de\/produkte\/endkappen-fuer-06mm-draht-100stk\/#breadcrumb\",\"itemListElement\":[{\"@type\":\"ListItem\",\"position\":1,\"name\":\"Home\",\"item\":\"https:\/\/g-silver.com\/de\/\"},{\"@type\":\"ListItem\",\"position\":2,\"name\":\"Schmuckzubeh\u00f6r\",\"item\":\"https:\/\/g-silver.com\/de\/produktkategorie\/schmuckzubehor\/\"},{\"@type\":\"ListItem\",\"position\":3,\"name\":\"Endkappen\",\"item\":\"https:\/\/g-silver.com\/de\/categorie-de-produit\/schmuckzubehor\/endkappen\/\"},{\"@type\":\"ListItem\",\"position\":4,\"name\":\"Noch mehr Endkappen\",\"item\":\"https:\/\/g-silver.com\/de\/categorie-de-produit\/schmuckzubehor\/endkappen\/mehr-endkappen\/\"},{\"@type\":\"ListItem\",\"position\":5,\"name\":\"Endkappen f\u00fcr 0,6mm Draht (100Stk)\"}]},{\"@type\":\"WebSite\",\"@id\":\"https:\/\/g-silver.com\/#website\",\"url\":\"https:\/\/g-silver.com\/\",\"name\":\"G-Silver\",\"description\":\"\",\"publisher\":{\"@id\":\"https:\/\/g-silver.com\/#organization\"},\"potentialAction\":[{\"@type\":\"SearchAction\",\"target\":{\"@type\":\"EntryPoint\",\"urlTemplate\":\"https:\/\/g-silver.com\/?s={search_term_string}\"},\"query-input\":{\"@type\":\"PropertyValueSpecification\",\"valueRequired\":true,\"valueName\":\"search_term_string\"}}],\"inLanguage\":\"de\"},{\"@type\":\"Organization\",\"@id\":\"https:\/\/g-silver.com\/#organization\",\"name\":\"G-Silver\",\"url\":\"https:\/\/g-silver.com\/\",\"logo\":{\"@type\":\"ImageObject\",\"inLanguage\":\"de\",\"@id\":\"https:\/\/g-silver.com\/#\/schema\/logo\/image\/\",\"url\":\"https:\/\/g-silver.com\/wp-content\/uploads\/2025\/03\/G-Silver__Short-Logo.jpg\",\"contentUrl\":\"https:\/\/g-silver.com\/wp-content\/uploads\/2025\/03\/G-Silver__Short-Logo.jpg\",\"width\":1182,\"height\":1182,\"caption\":\"G-Silver\"},\"image\":{\"@id\":\"https:\/\/g-silver.com\/#\/schema\/logo\/image\/\"},\"sameAs\":[\"https:\/\/www.facebook.com\/profile.php?id=100063277505032\",\"https:\/\/www.instagram.com\/g_silver_com\/\"]}]}<\/script>\n<meta property=\"og:availability\" content=\"instock\" \/>\n<meta property=\"product:availability\" content=\"instock\" \/>\n<meta property=\"product:retailer_item_id\" content=\"CPT06FIL\" \/>\n<meta property=\"product:condition\" content=\"new\" \/>\n<!-- \/ Yoast SEO Premium plugin. -->","yoast_head_json":{"title":"Endkappen f\u00fcr 0,6mm Draht (100Stk) | G-Silver","description":"Endkappen f\u00fcr 0,6mm Draht (100Stk) - Artikel in Silber 925\/1000 antiallergisch (nickelfrei), mit Anlaufschutzbehandlung (Passivierung)","robots":{"index":"index","follow":"follow","max-snippet":"max-snippet:-1","max-image-preview":"max-image-preview:large","max-video-preview":"max-video-preview:-1"},"canonical":"https:\/\/g-silver.com\/de\/produkte\/endkappen-fuer-06mm-draht-100stk\/","og_locale":"de_DE","og_type":"article","og_title":"Endkappen f\u00fcr 0,6mm Draht (100Stk)","og_description":"Endkappen f\u00fcr 0,6mm Draht (100Stk) - Artikel in Silber 925\/1000 antiallergisch (nickelfrei), mit Anlaufschutzbehandlung (Passivierung)","og_url":"https:\/\/g-silver.com\/de\/produkte\/endkappen-fuer-06mm-draht-100stk\/","og_site_name":"G-Silver","article_publisher":"https:\/\/www.facebook.com\/profile.php?id=100063277505032","article_modified_time":"2026-04-10T17:18:42+00:00","og_image":[{"width":2480,"height":1748,"url":"https:\/\/g-silver.com\/wp-content\/uploads\/2025\/03\/Valise-de-Logo_G-Silver_LogoBaseline_1_Background-degrade.jpg","type":"image\/jpeg"}],"twitter_card":"summary_large_image","twitter_misc":{"Verf\u00fcgbarkeit":"Auf Lager"},"schema":{"@context":"https:\/\/schema.org","@graph":[{"@type":"WebPage","@id":"https:\/\/g-silver.com\/de\/produkte\/endkappen-fuer-06mm-draht-100stk\/","url":"https:\/\/g-silver.com\/de\/produkte\/endkappen-fuer-06mm-draht-100stk\/","name":"Endkappen f\u00fcr 0,6mm Draht (100Stk) | G-Silver","isPartOf":{"@id":"https:\/\/g-silver.com\/#website"},"datePublished":"2024-02-20T10:07:05+00:00","dateModified":"2026-04-10T17:18:42+00:00","description":"Endkappen f\u00fcr 0,6mm Draht (100Stk) - Artikel in Silber 925\/1000 antiallergisch (nickelfrei), mit Anlaufschutzbehandlung (Passivierung)","breadcrumb":{"@id":"https:\/\/g-silver.com\/de\/produkte\/endkappen-fuer-06mm-draht-100stk\/#breadcrumb"},"inLanguage":"de","potentialAction":[{"@type":"ReadAction","target":["https:\/\/g-silver.com\/de\/produkte\/endkappen-fuer-06mm-draht-100stk\/"]}]},{"@type":"BreadcrumbList","@id":"https:\/\/g-silver.com\/de\/produkte\/endkappen-fuer-06mm-draht-100stk\/#breadcrumb","itemListElement":[{"@type":"ListItem","position":1,"name":"Home","item":"https:\/\/g-silver.com\/de\/"},{"@type":"ListItem","position":2,"name":"Schmuckzubeh\u00f6r","item":"https:\/\/g-silver.com\/de\/produktkategorie\/schmuckzubehor\/"},{"@type":"ListItem","position":3,"name":"Endkappen","item":"https:\/\/g-silver.com\/de\/categorie-de-produit\/schmuckzubehor\/endkappen\/"},{"@type":"ListItem","position":4,"name":"Noch mehr Endkappen","item":"https:\/\/g-silver.com\/de\/categorie-de-produit\/schmuckzubehor\/endkappen\/mehr-endkappen\/"},{"@type":"ListItem","position":5,"name":"Endkappen f\u00fcr 0,6mm Draht (100Stk)"}]},{"@type":"WebSite","@id":"https:\/\/g-silver.com\/#website","url":"https:\/\/g-silver.com\/","name":"G-Silver","description":"","publisher":{"@id":"https:\/\/g-silver.com\/#organization"},"potentialAction":[{"@type":"SearchAction","target":{"@type":"EntryPoint","urlTemplate":"https:\/\/g-silver.com\/?s={search_term_string}"},"query-input":{"@type":"PropertyValueSpecification","valueRequired":true,"valueName":"search_term_string"}}],"inLanguage":"de"},{"@type":"Organization","@id":"https:\/\/g-silver.com\/#organization","name":"G-Silver","url":"https:\/\/g-silver.com\/","logo":{"@type":"ImageObject","inLanguage":"de","@id":"https:\/\/g-silver.com\/#\/schema\/logo\/image\/","url":"https:\/\/g-silver.com\/wp-content\/uploads\/2025\/03\/G-Silver__Short-Logo.jpg","contentUrl":"https:\/\/g-silver.com\/wp-content\/uploads\/2025\/03\/G-Silver__Short-Logo.jpg","width":1182,"height":1182,"caption":"G-Silver"},"image":{"@id":"https:\/\/g-silver.com\/#\/schema\/logo\/image\/"},"sameAs":["https:\/\/www.facebook.com\/profile.php?id=100063277505032","https:\/\/www.instagram.com\/g_silver_com\/"]}]},"og_availability":"instock","product_availability":"instock","product_retailer_item_id":"CPT06FIL","product_condition":"new"},"df_price":15.65,"df_sale_price":"","df_regular_price":15.65,"df_image_link":"https:\/\/g-silver.com\/wp-content\/uploads\/woocommerce-placeholder-300x300.png","_links":{"self":[{"href":"https:\/\/g-silver.com\/de\/wp-json\/wp\/v2\/product\/27873","targetHints":{"allow":["GET"]}}],"collection":[{"href":"https:\/\/g-silver.com\/de\/wp-json\/wp\/v2\/product"}],"about":[{"href":"https:\/\/g-silver.com\/de\/wp-json\/wp\/v2\/types\/product"}],"replies":[{"embeddable":true,"href":"https:\/\/g-silver.com\/de\/wp-json\/wp\/v2\/comments?post=27873"}],"wp:attachment":[{"href":"https:\/\/g-silver.com\/de\/wp-json\/wp\/v2\/media?parent=27873"}],"wp:term":[{"taxonomy":"product_brand","embeddable":true,"href":"https:\/\/g-silver.com\/de\/wp-json\/wp\/v2\/product_brand?post=27873"},{"taxonomy":"product_cat","embeddable":true,"href":"https:\/\/g-silver.com\/de\/wp-json\/wp\/v2\/product_cat?post=27873"},{"taxonomy":"product_tag","embeddable":true,"href":"https:\/\/g-silver.com\/de\/wp-json\/wp\/v2\/product_tag?post=27873"}],"curies":[{"name":"wp","href":"https:\/\/api.w.org\/{rel}","templated":true}]}}