{"id":45650,"date":"2024-02-21T23:18:34","date_gmt":"2024-02-21T22:18:34","guid":{"rendered":"https:\/\/g-silver.com\/prodotto\/draht-hart-geperlt-09mm-3m\/"},"modified":"2026-04-10T05:43:30","modified_gmt":"2026-04-10T03:43:30","slug":"draht-hart-geperlt-09mm-3m","status":"publish","type":"product","link":"https:\/\/g-silver.com\/de\/produkte\/draht-hart-geperlt-09mm-3m\/","title":{"rendered":"Fil \u00e9croui dimant\u00e9 0,9mm (3m)"},"content":{"rendered":"<div id=\"isolation-scope-yd1bcqfbb5q1ri9sa2vz46023\">Artikel in Silber 925\/1000 antiallergisch (nickelfrei), mit Anlaufschutzbehandlung (Passivierung).<br \/>\n<br \/><b><br \/>Tipps f\u00fcr die Verwendung<br \/>\n<\/b><br \/> Kaltverfestigter Draht ist so wenig formbar wie m\u00f6glich, er ist schwieriger zu formen, beh\u00e4lt aber besser seine Form. F\u00fcr einen Drahtring empfehlen wir einen Draht mit einem Durchmesser von mindestens 0,8mm, ideal w\u00e4ren 1,2mm. <\/div>\n","protected":false},"excerpt":{"rendered":"<p>Artikel in Silber 925\/1000  antiallergisch (nickelfrei), mit Anlaufschutzbehandlung (Passivierung)<\/p>\n","protected":false},"featured_media":0,"comment_status":"open","ping_status":"closed","template":"","meta":{"_acf_changed":false},"product_brand":[],"product_cat":[4713,3391,3414],"product_tag":[],"class_list":{"0":"post-45650","1":"product","2":"type-product","3":"status-publish","5":"product_cat-drahte","6":"product_cat-schmuckzubehor","7":"product_cat-drahte-und-platten","9":"first","10":"instock","11":"taxable","12":"shipping-taxable","13":"purchasable","14":"product-type-simple","15":"add-to-wishlist-after_add_to_cart"},"acf":[],"yoast_head":"<!-- This site is optimized with the Yoast SEO Premium plugin v26.6 (Yoast SEO v26.6) - https:\/\/yoast.com\/wordpress\/plugins\/seo\/ -->\n<title>Draht hart geperlt 0,9mm (3m) | G-Silver<\/title>\n<meta name=\"description\" content=\"Draht hart geperlt 0,9mm (3m) - Artikel in Silber 925\/1000\u00a0\u00a0antiallergisch (nickelfrei), mit Anlaufschutzbehandlung (Passivierung)\" \/>\n<meta name=\"robots\" content=\"index, follow, max-snippet:-1, max-image-preview:large, max-video-preview:-1\" \/>\n<link rel=\"canonical\" href=\"https:\/\/g-silver.com\/produkte\/fil-ecroui-perle-09mm-3m\/\" \/>\n<meta property=\"og:locale\" content=\"de_DE\" \/>\n<meta property=\"og:type\" content=\"article\" \/>\n<meta property=\"og:title\" content=\"Fil \u00e9croui dimant\u00e9 0,9mm (3m)\" \/>\n<meta property=\"og:description\" content=\"Draht hart geperlt 0,9mm (3m) - Artikel in Silber 925\/1000\u00a0\u00a0antiallergisch (nickelfrei), mit Anlaufschutzbehandlung (Passivierung)\" \/>\n<meta property=\"og:url\" content=\"https:\/\/g-silver.com\/produkte\/fil-ecroui-perle-09mm-3m\/\" \/>\n<meta property=\"og:site_name\" content=\"G-Silver\" \/>\n<meta property=\"article:publisher\" content=\"https:\/\/www.facebook.com\/profile.php?id=100063277505032\" \/>\n<meta property=\"article:modified_time\" content=\"2026-04-10T03:43:30+00:00\" \/>\n<meta property=\"og:image\" content=\"https:\/\/g-silver.com\/wp-content\/uploads\/2025\/03\/Valise-de-Logo_G-Silver_LogoBaseline_1_Background-degrade.jpg\" \/>\n\t<meta property=\"og:image:width\" content=\"2480\" \/>\n\t<meta property=\"og:image:height\" content=\"1748\" \/>\n\t<meta property=\"og:image:type\" content=\"image\/jpeg\" \/>\n<meta name=\"twitter:card\" content=\"summary_large_image\" \/>\n<meta name=\"twitter:label1\" content=\"Verf\u00fcgbarkeit\" \/>\n\t<meta name=\"twitter:data1\" content=\"Auf Lager\" \/>\n<script type=\"application\/ld+json\" class=\"yoast-schema-graph\">{\"@context\":\"https:\/\/schema.org\",\"@graph\":[{\"@type\":\"WebPage\",\"@id\":\"https:\/\/g-silver.com\/produkte\/fil-ecroui-perle-09mm-3m\/\",\"url\":\"https:\/\/g-silver.com\/produkte\/fil-ecroui-perle-09mm-3m\/\",\"name\":\"Draht hart geperlt 0,9mm (3m) | G-Silver\",\"isPartOf\":{\"@id\":\"https:\/\/g-silver.com\/#website\"},\"datePublished\":\"2024-02-21T22:18:34+00:00\",\"dateModified\":\"2026-04-10T03:43:30+00:00\",\"description\":\"Draht hart geperlt 0,9mm (3m) - Artikel in Silber 925\/1000\u00a0\u00a0antiallergisch (nickelfrei), mit Anlaufschutzbehandlung (Passivierung)\",\"breadcrumb\":{\"@id\":\"https:\/\/g-silver.com\/produkte\/fil-ecroui-perle-09mm-3m\/#breadcrumb\"},\"inLanguage\":\"de\",\"potentialAction\":[{\"@type\":\"ReadAction\",\"target\":[\"https:\/\/g-silver.com\/produkte\/fil-ecroui-perle-09mm-3m\/\"]}]},{\"@type\":\"BreadcrumbList\",\"@id\":\"https:\/\/g-silver.com\/produkte\/fil-ecroui-perle-09mm-3m\/#breadcrumb\",\"itemListElement\":[{\"@type\":\"ListItem\",\"position\":1,\"name\":\"Home\",\"item\":\"https:\/\/g-silver.com\/de\/\"},{\"@type\":\"ListItem\",\"position\":2,\"name\":\"Schmuckzubeh\u00f6r\",\"item\":\"https:\/\/g-silver.com\/de\/produktkategorie\/schmuckzubehor\/\"},{\"@type\":\"ListItem\",\"position\":3,\"name\":\"Dr\u00e4hte und Platten\",\"item\":\"https:\/\/g-silver.com\/de\/produktkategorie\/schmuckzubehor\/drahte-und-platten\/\"},{\"@type\":\"ListItem\",\"position\":4,\"name\":\"Dr\u00e4hte\",\"item\":\"https:\/\/g-silver.com\/de\/categorie-de-produit\/schmuckzubehor\/drahte-und-platten\/drahte\/\"},{\"@type\":\"ListItem\",\"position\":5,\"name\":\"Fil \u00e9croui dimant\u00e9 0,9mm (3m)\"}]},{\"@type\":\"WebSite\",\"@id\":\"https:\/\/g-silver.com\/#website\",\"url\":\"https:\/\/g-silver.com\/\",\"name\":\"G-Silver\",\"description\":\"\",\"publisher\":{\"@id\":\"https:\/\/g-silver.com\/#organization\"},\"potentialAction\":[{\"@type\":\"SearchAction\",\"target\":{\"@type\":\"EntryPoint\",\"urlTemplate\":\"https:\/\/g-silver.com\/?s={search_term_string}\"},\"query-input\":{\"@type\":\"PropertyValueSpecification\",\"valueRequired\":true,\"valueName\":\"search_term_string\"}}],\"inLanguage\":\"de\"},{\"@type\":\"Organization\",\"@id\":\"https:\/\/g-silver.com\/#organization\",\"name\":\"G-Silver\",\"url\":\"https:\/\/g-silver.com\/\",\"logo\":{\"@type\":\"ImageObject\",\"inLanguage\":\"de\",\"@id\":\"https:\/\/g-silver.com\/#\/schema\/logo\/image\/\",\"url\":\"https:\/\/g-silver.com\/wp-content\/uploads\/2025\/03\/G-Silver__Short-Logo.jpg\",\"contentUrl\":\"https:\/\/g-silver.com\/wp-content\/uploads\/2025\/03\/G-Silver__Short-Logo.jpg\",\"width\":1182,\"height\":1182,\"caption\":\"G-Silver\"},\"image\":{\"@id\":\"https:\/\/g-silver.com\/#\/schema\/logo\/image\/\"},\"sameAs\":[\"https:\/\/www.facebook.com\/profile.php?id=100063277505032\",\"https:\/\/www.instagram.com\/g_silver_com\/\"]}]}<\/script>\n<meta property=\"og:availability\" content=\"instock\" \/>\n<meta property=\"product:availability\" content=\"instock\" \/>\n<meta property=\"product:retailer_item_id\" content=\"FL90PL\" \/>\n<meta property=\"product:condition\" content=\"new\" \/>\n<!-- \/ Yoast SEO Premium plugin. -->","yoast_head_json":{"title":"Draht hart geperlt 0,9mm (3m) | G-Silver","description":"Draht hart geperlt 0,9mm (3m) - Artikel in Silber 925\/1000\u00a0\u00a0antiallergisch (nickelfrei), mit Anlaufschutzbehandlung (Passivierung)","robots":{"index":"index","follow":"follow","max-snippet":"max-snippet:-1","max-image-preview":"max-image-preview:large","max-video-preview":"max-video-preview:-1"},"canonical":"https:\/\/g-silver.com\/produkte\/fil-ecroui-perle-09mm-3m\/","og_locale":"de_DE","og_type":"article","og_title":"Fil \u00e9croui dimant\u00e9 0,9mm (3m)","og_description":"Draht hart geperlt 0,9mm (3m) - Artikel in Silber 925\/1000\u00a0\u00a0antiallergisch (nickelfrei), mit Anlaufschutzbehandlung (Passivierung)","og_url":"https:\/\/g-silver.com\/produkte\/fil-ecroui-perle-09mm-3m\/","og_site_name":"G-Silver","article_publisher":"https:\/\/www.facebook.com\/profile.php?id=100063277505032","article_modified_time":"2026-04-10T03:43:30+00:00","og_image":[{"width":2480,"height":1748,"url":"https:\/\/g-silver.com\/wp-content\/uploads\/2025\/03\/Valise-de-Logo_G-Silver_LogoBaseline_1_Background-degrade.jpg","type":"image\/jpeg"}],"twitter_card":"summary_large_image","twitter_misc":{"Verf\u00fcgbarkeit":"Auf Lager"},"schema":{"@context":"https:\/\/schema.org","@graph":[{"@type":"WebPage","@id":"https:\/\/g-silver.com\/produkte\/fil-ecroui-perle-09mm-3m\/","url":"https:\/\/g-silver.com\/produkte\/fil-ecroui-perle-09mm-3m\/","name":"Draht hart geperlt 0,9mm (3m) | G-Silver","isPartOf":{"@id":"https:\/\/g-silver.com\/#website"},"datePublished":"2024-02-21T22:18:34+00:00","dateModified":"2026-04-10T03:43:30+00:00","description":"Draht hart geperlt 0,9mm (3m) - Artikel in Silber 925\/1000\u00a0\u00a0antiallergisch (nickelfrei), mit Anlaufschutzbehandlung (Passivierung)","breadcrumb":{"@id":"https:\/\/g-silver.com\/produkte\/fil-ecroui-perle-09mm-3m\/#breadcrumb"},"inLanguage":"de","potentialAction":[{"@type":"ReadAction","target":["https:\/\/g-silver.com\/produkte\/fil-ecroui-perle-09mm-3m\/"]}]},{"@type":"BreadcrumbList","@id":"https:\/\/g-silver.com\/produkte\/fil-ecroui-perle-09mm-3m\/#breadcrumb","itemListElement":[{"@type":"ListItem","position":1,"name":"Home","item":"https:\/\/g-silver.com\/de\/"},{"@type":"ListItem","position":2,"name":"Schmuckzubeh\u00f6r","item":"https:\/\/g-silver.com\/de\/produktkategorie\/schmuckzubehor\/"},{"@type":"ListItem","position":3,"name":"Dr\u00e4hte und Platten","item":"https:\/\/g-silver.com\/de\/produktkategorie\/schmuckzubehor\/drahte-und-platten\/"},{"@type":"ListItem","position":4,"name":"Dr\u00e4hte","item":"https:\/\/g-silver.com\/de\/categorie-de-produit\/schmuckzubehor\/drahte-und-platten\/drahte\/"},{"@type":"ListItem","position":5,"name":"Fil \u00e9croui dimant\u00e9 0,9mm (3m)"}]},{"@type":"WebSite","@id":"https:\/\/g-silver.com\/#website","url":"https:\/\/g-silver.com\/","name":"G-Silver","description":"","publisher":{"@id":"https:\/\/g-silver.com\/#organization"},"potentialAction":[{"@type":"SearchAction","target":{"@type":"EntryPoint","urlTemplate":"https:\/\/g-silver.com\/?s={search_term_string}"},"query-input":{"@type":"PropertyValueSpecification","valueRequired":true,"valueName":"search_term_string"}}],"inLanguage":"de"},{"@type":"Organization","@id":"https:\/\/g-silver.com\/#organization","name":"G-Silver","url":"https:\/\/g-silver.com\/","logo":{"@type":"ImageObject","inLanguage":"de","@id":"https:\/\/g-silver.com\/#\/schema\/logo\/image\/","url":"https:\/\/g-silver.com\/wp-content\/uploads\/2025\/03\/G-Silver__Short-Logo.jpg","contentUrl":"https:\/\/g-silver.com\/wp-content\/uploads\/2025\/03\/G-Silver__Short-Logo.jpg","width":1182,"height":1182,"caption":"G-Silver"},"image":{"@id":"https:\/\/g-silver.com\/#\/schema\/logo\/image\/"},"sameAs":["https:\/\/www.facebook.com\/profile.php?id=100063277505032","https:\/\/www.instagram.com\/g_silver_com\/"]}]},"og_availability":"instock","product_availability":"instock","product_retailer_item_id":"FL90PL","product_condition":"new"},"df_price":64.51,"df_sale_price":"","df_regular_price":64.51,"df_image_link":"https:\/\/g-silver.com\/wp-content\/uploads\/woocommerce-placeholder-300x300.png","_links":{"self":[{"href":"https:\/\/g-silver.com\/de\/wp-json\/wp\/v2\/product\/45650","targetHints":{"allow":["GET"]}}],"collection":[{"href":"https:\/\/g-silver.com\/de\/wp-json\/wp\/v2\/product"}],"about":[{"href":"https:\/\/g-silver.com\/de\/wp-json\/wp\/v2\/types\/product"}],"replies":[{"embeddable":true,"href":"https:\/\/g-silver.com\/de\/wp-json\/wp\/v2\/comments?post=45650"}],"wp:attachment":[{"href":"https:\/\/g-silver.com\/de\/wp-json\/wp\/v2\/media?parent=45650"}],"wp:term":[{"taxonomy":"product_brand","embeddable":true,"href":"https:\/\/g-silver.com\/de\/wp-json\/wp\/v2\/product_brand?post=45650"},{"taxonomy":"product_cat","embeddable":true,"href":"https:\/\/g-silver.com\/de\/wp-json\/wp\/v2\/product_cat?post=45650"},{"taxonomy":"product_tag","embeddable":true,"href":"https:\/\/g-silver.com\/de\/wp-json\/wp\/v2\/product_tag?post=45650"}],"curies":[{"name":"wp","href":"https:\/\/api.w.org\/{rel}","templated":true}]}}