{"id":68547,"date":"2024-05-30T10:01:19","date_gmt":"2024-05-30T08:01:19","guid":{"rendered":"https:\/\/g-silver.com\/prodotto\/68547\/"},"modified":"2026-04-10T04:37:55","modified_gmt":"2026-04-10T02:37:55","slug":"68547","status":"publish","type":"product","link":"https:\/\/g-silver.com\/de\/produkte\/68547\/","title":{"rendered":""},"content":{"rendered":"<p>Artikel aus Silber 925\/1000, gelbvergoldet 3 Mikron 18 Karat.<br \/>\nSie haben die M\u00f6glichkeit, Ihren Artikel mit einer Vergoldung zu w\u00e4hlen. Eine Technik, die Ihren Kreationen Eleganz und Haltbarkeit verleiht.<\/p>\n<p><strong>Unterschiede zwischen 1- und 3-Mikron-Vergoldung: Was ist die bessere Option?<\/strong><\/p>\n<p>Die Dicke der Goldschicht wird normalerweise in Mikron gemessen. Bei 1-Mikron-Produkten werden wir 5 Gramm Gold pro Kilogramm Silber aufbringen, w\u00e4hrend wir bei 3-Mikron-Produkten 15 Gramm Gold pro Kilogramm Silber aufbringen. Die 1-Mikron-Option bietet eine relativ d\u00fcnne Goldschicht, was die Teile anf\u00e4lliger f\u00fcr Abnutzung und Kratzer machen kann. Im Gegensatz dazu bietet eine 3-Mikron-Beschichtung eine dickere und haltbarere Schicht aus Gold, was eine bessere Best\u00e4ndigkeit gegen t\u00e4gliche Abnutzung und \u00e4u\u00dfere Sch\u00e4den bedeutet.<\/p>\n<p>\nLesen Sie mehr dazu in <a href=\"\/blog-fr\/tout-savoir-sur-la-dorure-chez-g-silver\/\" title=\"unserem Blogartikel\">unserem Blogartikel<\/a>.<\/p>\n","protected":false},"excerpt":{"rendered":"<p>Artikel aus Silber 925\/1000, gelbvergoldet 3 Mikron 18 Karat.<br \/>\nSie haben die M\u00f6glichkeit, Ihren Artikel mit einer Vergoldung zu w\u00e4hlen. Eine Technik, die Ihren Kreationen Eleganz und Haltbarkeit verleiht.<\/p>\n","protected":false},"featured_media":0,"comment_status":"open","ping_status":"closed","template":"","meta":{"_acf_changed":false},"product_brand":[],"product_cat":[3718],"product_tag":[],"class_list":{"0":"post-68547","1":"product","2":"type-product","3":"status-publish","5":"product_cat-uncategorized-de","7":"first","8":"instock","9":"taxable","10":"shipping-taxable","11":"purchasable","12":"product-type-simple","13":"add-to-wishlist-after_add_to_cart"},"acf":[],"yoast_head":"<!-- This site is optimized with the Yoast SEO Premium plugin v26.6 (Yoast SEO v26.6) - https:\/\/yoast.com\/wordpress\/plugins\/seo\/ -->\n<title>| G-Silver<\/title>\n<meta name=\"description\" content=\"In der Kategorie 925 Silberschmuck finden Sie in Armb\u00e4nder diesen Artikel aus Silber 925\/1000 mit 3 Mikron Gelbvergoldung.\" \/>\n<meta name=\"robots\" content=\"index, follow, max-snippet:-1, max-image-preview:large, max-video-preview:-1\" \/>\n<link rel=\"canonical\" href=\"https:\/\/g-silver.com\/de\/produkte\/68547\/\" \/>\n<meta property=\"og:locale\" content=\"de_DE\" \/>\n<meta property=\"og:type\" content=\"article\" \/>\n<meta property=\"og:description\" content=\"In der Kategorie 925 Silberschmuck finden Sie in Armb\u00e4nder diesen Artikel aus Silber 925\/1000 mit 3 Mikron Gelbvergoldung.\" \/>\n<meta property=\"og:url\" content=\"https:\/\/g-silver.com\/de\/produkte\/68547\/\" \/>\n<meta property=\"og:site_name\" content=\"G-Silver\" \/>\n<meta property=\"article:publisher\" content=\"https:\/\/www.facebook.com\/profile.php?id=100063277505032\" \/>\n<meta property=\"article:modified_time\" content=\"2026-04-10T02:37:55+00:00\" \/>\n<meta property=\"og:image\" content=\"https:\/\/g-silver.com\/wp-content\/uploads\/2025\/03\/Valise-de-Logo_G-Silver_LogoBaseline_1_Background-degrade.jpg\" \/>\n\t<meta property=\"og:image:width\" content=\"2480\" \/>\n\t<meta property=\"og:image:height\" content=\"1748\" \/>\n\t<meta property=\"og:image:type\" content=\"image\/jpeg\" \/>\n<meta name=\"twitter:card\" content=\"summary_large_image\" \/>\n<meta name=\"twitter:label1\" content=\"Verf\u00fcgbarkeit\" \/>\n\t<meta name=\"twitter:data1\" content=\"Auf Lager\" \/>\n<script type=\"application\/ld+json\" class=\"yoast-schema-graph\">{\"@context\":\"https:\/\/schema.org\",\"@graph\":[{\"@type\":\"WebPage\",\"@id\":\"https:\/\/g-silver.com\/de\/produkte\/68547\/\",\"url\":\"https:\/\/g-silver.com\/de\/produkte\/68547\/\",\"name\":\"| G-Silver\",\"isPartOf\":{\"@id\":\"https:\/\/g-silver.com\/#website\"},\"datePublished\":\"2024-05-30T08:01:19+00:00\",\"dateModified\":\"2026-04-10T02:37:55+00:00\",\"description\":\"In der Kategorie 925 Silberschmuck finden Sie in Armb\u00e4nder diesen Artikel aus Silber 925\/1000 mit 3 Mikron Gelbvergoldung.\",\"inLanguage\":\"de\",\"potentialAction\":[{\"@type\":\"ReadAction\",\"target\":[\"https:\/\/g-silver.com\/de\/produkte\/68547\/\"]}]},{\"@type\":\"WebSite\",\"@id\":\"https:\/\/g-silver.com\/#website\",\"url\":\"https:\/\/g-silver.com\/\",\"name\":\"G-Silver\",\"description\":\"\",\"publisher\":{\"@id\":\"https:\/\/g-silver.com\/#organization\"},\"potentialAction\":[{\"@type\":\"SearchAction\",\"target\":{\"@type\":\"EntryPoint\",\"urlTemplate\":\"https:\/\/g-silver.com\/?s={search_term_string}\"},\"query-input\":{\"@type\":\"PropertyValueSpecification\",\"valueRequired\":true,\"valueName\":\"search_term_string\"}}],\"inLanguage\":\"de\"},{\"@type\":\"Organization\",\"@id\":\"https:\/\/g-silver.com\/#organization\",\"name\":\"G-Silver\",\"url\":\"https:\/\/g-silver.com\/\",\"logo\":{\"@type\":\"ImageObject\",\"inLanguage\":\"de\",\"@id\":\"https:\/\/g-silver.com\/#\/schema\/logo\/image\/\",\"url\":\"https:\/\/g-silver.com\/wp-content\/uploads\/2025\/03\/G-Silver__Short-Logo.jpg\",\"contentUrl\":\"https:\/\/g-silver.com\/wp-content\/uploads\/2025\/03\/G-Silver__Short-Logo.jpg\",\"width\":1182,\"height\":1182,\"caption\":\"G-Silver\"},\"image\":{\"@id\":\"https:\/\/g-silver.com\/#\/schema\/logo\/image\/\"},\"sameAs\":[\"https:\/\/www.facebook.com\/profile.php?id=100063277505032\",\"https:\/\/www.instagram.com\/g_silver_com\/\"]}]}<\/script>\n<meta property=\"og:availability\" content=\"instock\" \/>\n<meta property=\"product:availability\" content=\"instock\" \/>\n<meta property=\"product:retailer_item_id\" content=\"BRMED64-J3\" \/>\n<meta property=\"product:condition\" content=\"new\" \/>\n<!-- \/ Yoast SEO Premium plugin. -->","yoast_head_json":{"title":"| G-Silver","description":"In der Kategorie 925 Silberschmuck finden Sie in Armb\u00e4nder diesen Artikel aus Silber 925\/1000 mit 3 Mikron Gelbvergoldung.","robots":{"index":"index","follow":"follow","max-snippet":"max-snippet:-1","max-image-preview":"max-image-preview:large","max-video-preview":"max-video-preview:-1"},"canonical":"https:\/\/g-silver.com\/de\/produkte\/68547\/","og_locale":"de_DE","og_type":"article","og_description":"In der Kategorie 925 Silberschmuck finden Sie in Armb\u00e4nder diesen Artikel aus Silber 925\/1000 mit 3 Mikron Gelbvergoldung.","og_url":"https:\/\/g-silver.com\/de\/produkte\/68547\/","og_site_name":"G-Silver","article_publisher":"https:\/\/www.facebook.com\/profile.php?id=100063277505032","article_modified_time":"2026-04-10T02:37:55+00:00","og_image":[{"width":2480,"height":1748,"url":"https:\/\/g-silver.com\/wp-content\/uploads\/2025\/03\/Valise-de-Logo_G-Silver_LogoBaseline_1_Background-degrade.jpg","type":"image\/jpeg"}],"twitter_card":"summary_large_image","twitter_misc":{"Verf\u00fcgbarkeit":"Auf Lager"},"schema":{"@context":"https:\/\/schema.org","@graph":[{"@type":"WebPage","@id":"https:\/\/g-silver.com\/de\/produkte\/68547\/","url":"https:\/\/g-silver.com\/de\/produkte\/68547\/","name":"| G-Silver","isPartOf":{"@id":"https:\/\/g-silver.com\/#website"},"datePublished":"2024-05-30T08:01:19+00:00","dateModified":"2026-04-10T02:37:55+00:00","description":"In der Kategorie 925 Silberschmuck finden Sie in Armb\u00e4nder diesen Artikel aus Silber 925\/1000 mit 3 Mikron Gelbvergoldung.","inLanguage":"de","potentialAction":[{"@type":"ReadAction","target":["https:\/\/g-silver.com\/de\/produkte\/68547\/"]}]},{"@type":"WebSite","@id":"https:\/\/g-silver.com\/#website","url":"https:\/\/g-silver.com\/","name":"G-Silver","description":"","publisher":{"@id":"https:\/\/g-silver.com\/#organization"},"potentialAction":[{"@type":"SearchAction","target":{"@type":"EntryPoint","urlTemplate":"https:\/\/g-silver.com\/?s={search_term_string}"},"query-input":{"@type":"PropertyValueSpecification","valueRequired":true,"valueName":"search_term_string"}}],"inLanguage":"de"},{"@type":"Organization","@id":"https:\/\/g-silver.com\/#organization","name":"G-Silver","url":"https:\/\/g-silver.com\/","logo":{"@type":"ImageObject","inLanguage":"de","@id":"https:\/\/g-silver.com\/#\/schema\/logo\/image\/","url":"https:\/\/g-silver.com\/wp-content\/uploads\/2025\/03\/G-Silver__Short-Logo.jpg","contentUrl":"https:\/\/g-silver.com\/wp-content\/uploads\/2025\/03\/G-Silver__Short-Logo.jpg","width":1182,"height":1182,"caption":"G-Silver"},"image":{"@id":"https:\/\/g-silver.com\/#\/schema\/logo\/image\/"},"sameAs":["https:\/\/www.facebook.com\/profile.php?id=100063277505032","https:\/\/www.instagram.com\/g_silver_com\/"]}]},"og_availability":"instock","product_availability":"instock","product_retailer_item_id":"BRMED64-J3","product_condition":"new"},"df_price":26.77,"df_sale_price":"","df_regular_price":26.77,"df_image_link":"https:\/\/g-silver.com\/wp-content\/uploads\/woocommerce-placeholder-300x300.png","_links":{"self":[{"href":"https:\/\/g-silver.com\/de\/wp-json\/wp\/v2\/product\/68547","targetHints":{"allow":["GET"]}}],"collection":[{"href":"https:\/\/g-silver.com\/de\/wp-json\/wp\/v2\/product"}],"about":[{"href":"https:\/\/g-silver.com\/de\/wp-json\/wp\/v2\/types\/product"}],"replies":[{"embeddable":true,"href":"https:\/\/g-silver.com\/de\/wp-json\/wp\/v2\/comments?post=68547"}],"wp:attachment":[{"href":"https:\/\/g-silver.com\/de\/wp-json\/wp\/v2\/media?parent=68547"}],"wp:term":[{"taxonomy":"product_brand","embeddable":true,"href":"https:\/\/g-silver.com\/de\/wp-json\/wp\/v2\/product_brand?post=68547"},{"taxonomy":"product_cat","embeddable":true,"href":"https:\/\/g-silver.com\/de\/wp-json\/wp\/v2\/product_cat?post=68547"},{"taxonomy":"product_tag","embeddable":true,"href":"https:\/\/g-silver.com\/de\/wp-json\/wp\/v2\/product_tag?post=68547"}],"curies":[{"name":"wp","href":"https:\/\/api.w.org\/{rel}","templated":true}]}}