{"id":71585,"date":"2024-01-27T09:51:54","date_gmt":"2024-01-27T08:51:54","guid":{"rendered":"https:\/\/g-silver.com\/prodotto\/perles-lisses-3mm-dore-jaune-3%c2%b5-trou-12mm-env-200pcs\/"},"modified":"2026-05-15T19:33:45","modified_gmt":"2026-05-15T17:33:45","slug":"goldgelb-vergoldet-3%c2%b5-glatte-perle-3mm-loch-12mm-ca-200stk","status":"publish","type":"product","link":"https:\/\/g-silver.com\/de\/produkte\/goldgelb-vergoldet-3%c2%b5-glatte-perle-3mm-loch-12mm-ca-200stk\/","title":{"rendered":"Goldgelb Vergoldet 3\u00b5 &#8211; Glatte Perle 3mm Loch 1,2mm (ca 200Stk)"},"content":{"rendered":"<p>Artikel aus Silber 925\/1000, gelbvergoldet 3 Mikron 18 Karat.<br \/>\nSie haben die M\u00f6glichkeit, Ihren Artikel mit einer Vergoldung zu w\u00e4hlen. Eine Methode, die Ihren Kreationen Eleganz und Langlebigkeit verleiht und gleichzeitig Ihr Budget effizient einsetzt.<\/p>\n<p><strong>Plattierung und Vergoldung, was ist der Unterschied?<\/strong><\/p>\n<p>In beiden F\u00e4llen besteht die Technik darin, eine d\u00fcnne Goldschicht auf die Oberfl\u00e4che eines Silber- oder Messingst\u00fccks aufzutragen. Dieser Vorgang findet am Ende des Herstellungsprozesses statt, wenn das Polieren abgeschlossen ist. Das bedeutet, dass das St\u00fcck sp\u00e4ter nicht mehr erhitzt oder bearbeitet werden kann. Das Vergolden bietet eine kosteng\u00fcnstigere Alternative und verleiht dem St\u00fcck eine \u00e4hnliche Optik und Anmutung wie das Plattieren. Der einzige Unterschied besteht in der Dicke des Goldes, dem Vorhandensein eines Stempels und eines Zertifikats, die ausgestellt werden, um den Vorschriften f\u00fcr &#8222;Goldplattierung&#8220; zu entsprechen. Da unsere Schmuckartikel regelm\u00e4\u00dfig vom Franc\u00e9clat-Labor getestet werden, garantieren wir die Qualit\u00e4t des Ergebnisses.<\/p>\n<p>\nLesen Sie mehr dazu in <a href=\"\/blog-fr\/tout-savoir-sur-la-dorure-chez-g-silver\/\" title=\"unserem Blogartikel\">unserem Blogartikel<\/a>.<\/p>\n","protected":false},"excerpt":{"rendered":"<p>Artikel aus Silber 925\/1000, gelbvergoldet 3 Mikron 18 Karat.<br \/>\nSie haben die M\u00f6glichkeit, Ihren Artikel mit einer Vergoldung zu w\u00e4hlen. Eine Methode, die Ihren Kreationen Eleganz und Langlebigkeit verleiht und gleichzeitig Ihr Budget effizient einsetzt.<\/p>\n","protected":false},"featured_media":0,"comment_status":"open","ping_status":"closed","template":"","meta":{"_acf_changed":false},"product_brand":[],"product_cat":[3407,3452,3711,3391],"product_tag":[],"class_list":{"0":"post-71585","1":"product","2":"type-product","3":"status-publish","5":"product_cat-perlen_und_komponenten","6":"product_cat-perlen-glatt","7":"product_cat-runde-perlen","8":"product_cat-schmuckzubehor","10":"first","11":"instock","12":"taxable","13":"shipping-taxable","14":"purchasable","15":"product-type-simple","16":"add-to-wishlist-after_add_to_cart"},"acf":[],"yoast_head":"<!-- This site is optimized with the Yoast SEO Premium plugin v26.6 (Yoast SEO v26.6) - https:\/\/yoast.com\/wordpress\/plugins\/seo\/ -->\n<title>Perles lisses 3mm Dor\u00e9 Jaune 3\u00b5 trou 1,2mm (env.200pcs) | G-Silver<\/title>\n<meta name=\"description\" content=\"Dans la cat\u00e9gorie Appr\u00eats en argent 925 retrouvez dans Perles et composants cet article en argent 925\/1000 Dor\u00e9 Jaune 3 microns 18 carats.\" \/>\n<meta name=\"robots\" content=\"index, follow, max-snippet:-1, max-image-preview:large, max-video-preview:-1\" \/>\n<link rel=\"canonical\" href=\"https:\/\/g-silver.com\/produkte\/perles-lisses-3mm-dore-jaune-3\u00b5-trou-12mm-env-200pcs\/\" \/>\n<meta property=\"og:locale\" content=\"de_DE\" \/>\n<meta property=\"og:type\" content=\"article\" \/>\n<meta property=\"og:title\" content=\"Goldgelb Vergoldet 3\u00b5 - Glatte Perle 3mm Loch 1,2mm (ca 200Stk)\" \/>\n<meta property=\"og:description\" content=\"Dans la cat\u00e9gorie Appr\u00eats en argent 925 retrouvez dans Perles et composants cet article en argent 925\/1000 Dor\u00e9 Jaune 3 microns 18 carats.\" \/>\n<meta property=\"og:url\" content=\"https:\/\/g-silver.com\/produkte\/perles-lisses-3mm-dore-jaune-3\u00b5-trou-12mm-env-200pcs\/\" \/>\n<meta property=\"og:site_name\" content=\"G-Silver\" \/>\n<meta property=\"article:publisher\" content=\"https:\/\/www.facebook.com\/profile.php?id=100063277505032\" \/>\n<meta property=\"article:modified_time\" content=\"2026-05-15T17:33:45+00:00\" \/>\n<meta property=\"og:image\" content=\"https:\/\/g-silver.com\/wp-content\/uploads\/2025\/03\/Valise-de-Logo_G-Silver_LogoBaseline_1_Background-degrade.jpg\" \/>\n\t<meta property=\"og:image:width\" content=\"2480\" \/>\n\t<meta property=\"og:image:height\" content=\"1748\" \/>\n\t<meta property=\"og:image:type\" content=\"image\/jpeg\" \/>\n<meta name=\"twitter:card\" content=\"summary_large_image\" \/>\n<meta name=\"twitter:label1\" content=\"Verf\u00fcgbarkeit\" \/>\n\t<meta name=\"twitter:data1\" content=\"Auf Lager\" \/>\n<script type=\"application\/ld+json\" class=\"yoast-schema-graph\">{\"@context\":\"https:\/\/schema.org\",\"@graph\":[{\"@type\":\"WebPage\",\"@id\":\"https:\/\/g-silver.com\/produkte\/perles-lisses-3mm-dore-jaune-3%c2%b5-trou-12mm-env-200pcs\/\",\"url\":\"https:\/\/g-silver.com\/produkte\/perles-lisses-3mm-dore-jaune-3%c2%b5-trou-12mm-env-200pcs\/\",\"name\":\"Perles lisses 3mm Dor\u00e9 Jaune 3\u00b5 trou 1,2mm (env.200pcs) | G-Silver\",\"isPartOf\":{\"@id\":\"https:\/\/g-silver.com\/#website\"},\"datePublished\":\"2024-01-27T08:51:54+00:00\",\"dateModified\":\"2026-05-15T17:33:45+00:00\",\"description\":\"Dans la cat\u00e9gorie Appr\u00eats en argent 925 retrouvez dans Perles et composants cet article en argent 925\/1000 Dor\u00e9 Jaune 3 microns 18 carats.\",\"breadcrumb\":{\"@id\":\"https:\/\/g-silver.com\/produkte\/perles-lisses-3mm-dore-jaune-3%c2%b5-trou-12mm-env-200pcs\/#breadcrumb\"},\"inLanguage\":\"de\",\"potentialAction\":[{\"@type\":\"ReadAction\",\"target\":[\"https:\/\/g-silver.com\/produkte\/perles-lisses-3mm-dore-jaune-3%c2%b5-trou-12mm-env-200pcs\/\"]}]},{\"@type\":\"BreadcrumbList\",\"@id\":\"https:\/\/g-silver.com\/produkte\/perles-lisses-3mm-dore-jaune-3%c2%b5-trou-12mm-env-200pcs\/#breadcrumb\",\"itemListElement\":[{\"@type\":\"ListItem\",\"position\":1,\"name\":\"Home\",\"item\":\"https:\/\/g-silver.com\/de\/\"},{\"@type\":\"ListItem\",\"position\":2,\"name\":\"Schmuckzubeh\u00f6r\",\"item\":\"https:\/\/g-silver.com\/de\/produktkategorie\/schmuckzubehor\/\"},{\"@type\":\"ListItem\",\"position\":3,\"name\":\"PERLEN UND KOMPONENTEN\",\"item\":\"https:\/\/g-silver.com\/de\/produktkategorie\/schmuckzubehor\/perlen_und_komponenten\/\"},{\"@type\":\"ListItem\",\"position\":4,\"name\":\"Perlen glatt\",\"item\":\"https:\/\/g-silver.com\/de\/produktkategorie\/schmuckzubehor\/perlen_und_komponenten\/perlen-glatt\/\"},{\"@type\":\"ListItem\",\"position\":5,\"name\":\"Goldgelb Vergoldet 3\u00b5 &#8211; Glatte Perle 3mm Loch 1,2mm (ca 200Stk)\"}]},{\"@type\":\"WebSite\",\"@id\":\"https:\/\/g-silver.com\/#website\",\"url\":\"https:\/\/g-silver.com\/\",\"name\":\"G-Silver\",\"description\":\"\",\"publisher\":{\"@id\":\"https:\/\/g-silver.com\/#organization\"},\"potentialAction\":[{\"@type\":\"SearchAction\",\"target\":{\"@type\":\"EntryPoint\",\"urlTemplate\":\"https:\/\/g-silver.com\/?s={search_term_string}\"},\"query-input\":{\"@type\":\"PropertyValueSpecification\",\"valueRequired\":true,\"valueName\":\"search_term_string\"}}],\"inLanguage\":\"de\"},{\"@type\":\"Organization\",\"@id\":\"https:\/\/g-silver.com\/#organization\",\"name\":\"G-Silver\",\"url\":\"https:\/\/g-silver.com\/\",\"logo\":{\"@type\":\"ImageObject\",\"inLanguage\":\"de\",\"@id\":\"https:\/\/g-silver.com\/#\/schema\/logo\/image\/\",\"url\":\"https:\/\/g-silver.com\/wp-content\/uploads\/2025\/03\/G-Silver__Short-Logo.jpg\",\"contentUrl\":\"https:\/\/g-silver.com\/wp-content\/uploads\/2025\/03\/G-Silver__Short-Logo.jpg\",\"width\":1182,\"height\":1182,\"caption\":\"G-Silver\"},\"image\":{\"@id\":\"https:\/\/g-silver.com\/#\/schema\/logo\/image\/\"},\"sameAs\":[\"https:\/\/www.facebook.com\/profile.php?id=100063277505032\",\"https:\/\/www.instagram.com\/g_silver_com\/\"]}]}<\/script>\n<meta property=\"og:availability\" content=\"instock\" \/>\n<meta property=\"product:availability\" content=\"instock\" \/>\n<meta property=\"product:retailer_item_id\" content=\"PL003-J3\" \/>\n<meta property=\"product:condition\" content=\"new\" \/>\n<!-- \/ Yoast SEO Premium plugin. -->","yoast_head_json":{"title":"Perles lisses 3mm Dor\u00e9 Jaune 3\u00b5 trou 1,2mm (env.200pcs) | G-Silver","description":"Dans la cat\u00e9gorie Appr\u00eats en argent 925 retrouvez dans Perles et composants cet article en argent 925\/1000 Dor\u00e9 Jaune 3 microns 18 carats.","robots":{"index":"index","follow":"follow","max-snippet":"max-snippet:-1","max-image-preview":"max-image-preview:large","max-video-preview":"max-video-preview:-1"},"canonical":"https:\/\/g-silver.com\/produkte\/perles-lisses-3mm-dore-jaune-3\u00b5-trou-12mm-env-200pcs\/","og_locale":"de_DE","og_type":"article","og_title":"Goldgelb Vergoldet 3\u00b5 - Glatte Perle 3mm Loch 1,2mm (ca 200Stk)","og_description":"Dans la cat\u00e9gorie Appr\u00eats en argent 925 retrouvez dans Perles et composants cet article en argent 925\/1000 Dor\u00e9 Jaune 3 microns 18 carats.","og_url":"https:\/\/g-silver.com\/produkte\/perles-lisses-3mm-dore-jaune-3\u00b5-trou-12mm-env-200pcs\/","og_site_name":"G-Silver","article_publisher":"https:\/\/www.facebook.com\/profile.php?id=100063277505032","article_modified_time":"2026-05-15T17:33:45+00:00","og_image":[{"width":2480,"height":1748,"url":"https:\/\/g-silver.com\/wp-content\/uploads\/2025\/03\/Valise-de-Logo_G-Silver_LogoBaseline_1_Background-degrade.jpg","type":"image\/jpeg"}],"twitter_card":"summary_large_image","twitter_misc":{"Verf\u00fcgbarkeit":"Auf Lager"},"schema":{"@context":"https:\/\/schema.org","@graph":[{"@type":"WebPage","@id":"https:\/\/g-silver.com\/produkte\/perles-lisses-3mm-dore-jaune-3%c2%b5-trou-12mm-env-200pcs\/","url":"https:\/\/g-silver.com\/produkte\/perles-lisses-3mm-dore-jaune-3%c2%b5-trou-12mm-env-200pcs\/","name":"Perles lisses 3mm Dor\u00e9 Jaune 3\u00b5 trou 1,2mm (env.200pcs) | G-Silver","isPartOf":{"@id":"https:\/\/g-silver.com\/#website"},"datePublished":"2024-01-27T08:51:54+00:00","dateModified":"2026-05-15T17:33:45+00:00","description":"Dans la cat\u00e9gorie Appr\u00eats en argent 925 retrouvez dans Perles et composants cet article en argent 925\/1000 Dor\u00e9 Jaune 3 microns 18 carats.","breadcrumb":{"@id":"https:\/\/g-silver.com\/produkte\/perles-lisses-3mm-dore-jaune-3%c2%b5-trou-12mm-env-200pcs\/#breadcrumb"},"inLanguage":"de","potentialAction":[{"@type":"ReadAction","target":["https:\/\/g-silver.com\/produkte\/perles-lisses-3mm-dore-jaune-3%c2%b5-trou-12mm-env-200pcs\/"]}]},{"@type":"BreadcrumbList","@id":"https:\/\/g-silver.com\/produkte\/perles-lisses-3mm-dore-jaune-3%c2%b5-trou-12mm-env-200pcs\/#breadcrumb","itemListElement":[{"@type":"ListItem","position":1,"name":"Home","item":"https:\/\/g-silver.com\/de\/"},{"@type":"ListItem","position":2,"name":"Schmuckzubeh\u00f6r","item":"https:\/\/g-silver.com\/de\/produktkategorie\/schmuckzubehor\/"},{"@type":"ListItem","position":3,"name":"PERLEN UND KOMPONENTEN","item":"https:\/\/g-silver.com\/de\/produktkategorie\/schmuckzubehor\/perlen_und_komponenten\/"},{"@type":"ListItem","position":4,"name":"Perlen glatt","item":"https:\/\/g-silver.com\/de\/produktkategorie\/schmuckzubehor\/perlen_und_komponenten\/perlen-glatt\/"},{"@type":"ListItem","position":5,"name":"Goldgelb Vergoldet 3\u00b5 &#8211; Glatte Perle 3mm Loch 1,2mm (ca 200Stk)"}]},{"@type":"WebSite","@id":"https:\/\/g-silver.com\/#website","url":"https:\/\/g-silver.com\/","name":"G-Silver","description":"","publisher":{"@id":"https:\/\/g-silver.com\/#organization"},"potentialAction":[{"@type":"SearchAction","target":{"@type":"EntryPoint","urlTemplate":"https:\/\/g-silver.com\/?s={search_term_string}"},"query-input":{"@type":"PropertyValueSpecification","valueRequired":true,"valueName":"search_term_string"}}],"inLanguage":"de"},{"@type":"Organization","@id":"https:\/\/g-silver.com\/#organization","name":"G-Silver","url":"https:\/\/g-silver.com\/","logo":{"@type":"ImageObject","inLanguage":"de","@id":"https:\/\/g-silver.com\/#\/schema\/logo\/image\/","url":"https:\/\/g-silver.com\/wp-content\/uploads\/2025\/03\/G-Silver__Short-Logo.jpg","contentUrl":"https:\/\/g-silver.com\/wp-content\/uploads\/2025\/03\/G-Silver__Short-Logo.jpg","width":1182,"height":1182,"caption":"G-Silver"},"image":{"@id":"https:\/\/g-silver.com\/#\/schema\/logo\/image\/"},"sameAs":["https:\/\/www.facebook.com\/profile.php?id=100063277505032","https:\/\/www.instagram.com\/g_silver_com\/"]}]},"og_availability":"instock","product_availability":"instock","product_retailer_item_id":"PL003-J3","product_condition":"new"},"df_price":52.84,"df_sale_price":"","df_regular_price":52.84,"df_image_link":"https:\/\/g-silver.com\/wp-content\/uploads\/woocommerce-placeholder-300x300.png","_links":{"self":[{"href":"https:\/\/g-silver.com\/de\/wp-json\/wp\/v2\/product\/71585","targetHints":{"allow":["GET"]}}],"collection":[{"href":"https:\/\/g-silver.com\/de\/wp-json\/wp\/v2\/product"}],"about":[{"href":"https:\/\/g-silver.com\/de\/wp-json\/wp\/v2\/types\/product"}],"replies":[{"embeddable":true,"href":"https:\/\/g-silver.com\/de\/wp-json\/wp\/v2\/comments?post=71585"}],"wp:attachment":[{"href":"https:\/\/g-silver.com\/de\/wp-json\/wp\/v2\/media?parent=71585"}],"wp:term":[{"taxonomy":"product_brand","embeddable":true,"href":"https:\/\/g-silver.com\/de\/wp-json\/wp\/v2\/product_brand?post=71585"},{"taxonomy":"product_cat","embeddable":true,"href":"https:\/\/g-silver.com\/de\/wp-json\/wp\/v2\/product_cat?post=71585"},{"taxonomy":"product_tag","embeddable":true,"href":"https:\/\/g-silver.com\/de\/wp-json\/wp\/v2\/product_tag?post=71585"}],"curies":[{"name":"wp","href":"https:\/\/api.w.org\/{rel}","templated":true}]}}