{"id":118774,"date":"2026-03-10T15:32:26","date_gmt":"2026-03-10T14:32:26","guid":{"rendered":"https:\/\/g-silver.com\/prodotto\/placcato-oro-1%c2%b5-silverfilled-palline-lisce-8mm-foro-25mm-10pz\/"},"modified":"2026-04-03T07:19:30","modified_gmt":"2026-04-03T05:19:30","slug":"placcato-oro-1%c2%b5-silverfilled-palline-lisce-8mm-foro-25mm-10pz","status":"publish","type":"product","link":"https:\/\/g-silver.com\/it\/prodotto\/placcato-oro-1%c2%b5-silverfilled-palline-lisce-8mm-foro-25mm-10pz\/","title":{"rendered":"Placcato Oro 1\u00b5 &#8211; SILVERFILLED &#8211; Palline lisce 8mm foro 2,5mm (10pz)"},"content":{"rendered":"<p>Prodotto in argento 925\/1000 placcato Oro 1 micron 18 carati.<br \/>\nPotrai scegliere di dorare ogni singolo pezzo. Una tecnica che conferisce eleganza e resistenza alle tue creazioni, tenendo sotto controllo il budget.<\/p>\n<p><strong>Qual \u00e8 la differenza tra placcatura e doratura?<\/strong><\/p>\n<p>In entrambi i casi, la tecnica prevede l&#8217;applicazione di un sottile strato d&#8217;oro sulla superficie di un pezzo in argento. Questa operazione viene effettuata alla fine del processo di fabbricazione, una volta completata la lucidatura. Ci\u00f2 significa che il pezzo non pu\u00f2 pi\u00f9 essere riscaldato o regolato in un secondo momento. La doratura offre un&#8217;alternativa pi\u00f9 economica, pur garantendo un aspetto e una finitura simili a quelli della placcatura. L&#8217;unica differenza sta nello spessore dell&#8217;oro e nella presenza di un marchio e di un certificato rilasciati per rispettare la normativa sulla &#8220;placcatura in oro&#8221;. I nostri gioielli sono regolarmente testati dal laboratorio Franc\u00e9clat, in modo da poter garantire la qualit\u00e0 del risultato.<\/p>\n<p>\nPer saperne di pi\u00f9, <a href=\"https:\/\/g-silver.com\/it\/blog\/doratura\/\" title=\"leggi il nostro articolo del blog\">leggi il nostro articolo del blog<\/a>.<\/p>\n","protected":false},"excerpt":{"rendered":"<p>Prodotto in argento 925\/1000 placcato Oro 1 micron 18 carati.<br \/>\nPotrai scegliere di dorare ogni singolo pezzo. Una tecnica che conferisce eleganza e resistenza alle tue creazioni, tenendo sotto controllo il budget.<\/p>\n","protected":false},"featured_media":0,"comment_status":"open","ping_status":"closed","template":"","meta":{"_acf_changed":false},"product_brand":[],"product_cat":[3719],"product_tag":[],"class_list":{"0":"post-118774","1":"product","2":"type-product","3":"status-publish","5":"product_cat-uncategorized-it","7":"first","8":"instock","9":"taxable","10":"shipping-taxable","11":"purchasable","12":"product-type-simple","13":"add-to-wishlist-after_add_to_cart"},"acf":[],"yoast_head":"<!-- This site is optimized with the Yoast SEO Premium plugin v26.6 (Yoast SEO v26.6) - https:\/\/yoast.com\/wordpress\/plugins\/seo\/ -->\n<title>Placcato Oro 1\u00b5 - SILVERFILLED - Palline lisce 8mm foro 2,5mm (10pz) | G-Silver<\/title>\n<meta name=\"description\" content=\"Nella categoria Minuteria in argento 925 puoi trovare tra Palline e componenti il prodotto in argento 925\/1000 placcato Oro 1 micron 18 carati.\" \/>\n<meta name=\"robots\" content=\"index, follow, max-snippet:-1, max-image-preview:large, max-video-preview:-1\" \/>\n<link rel=\"canonical\" href=\"https:\/\/g-silver.com\/it\/prodotto\/placcato-oro-1\u00b5-silverfilled-palline-lisce-8mm-foro-25mm-10pz\/\" \/>\n<meta property=\"og:locale\" content=\"it_IT\" \/>\n<meta property=\"og:type\" content=\"article\" \/>\n<meta property=\"og:title\" content=\"Placcato Oro 1\u00b5 - SILVERFILLED - Palline lisce 8mm foro 2,5mm (10pz)\" \/>\n<meta property=\"og:description\" content=\"Nella categoria Minuteria in argento 925 puoi trovare tra Palline e componenti il prodotto in argento 925\/1000 placcato Oro 1 micron 18 carati.\" \/>\n<meta property=\"og:url\" content=\"https:\/\/g-silver.com\/it\/prodotto\/placcato-oro-1\u00b5-silverfilled-palline-lisce-8mm-foro-25mm-10pz\/\" \/>\n<meta property=\"og:site_name\" content=\"G-Silver\" \/>\n<meta property=\"article:publisher\" content=\"https:\/\/www.facebook.com\/profile.php?id=100063277505032\" \/>\n<meta property=\"article:modified_time\" content=\"2026-04-03T05:19:30+00:00\" \/>\n<meta property=\"og:image\" content=\"https:\/\/g-silver.com\/wp-content\/uploads\/2025\/03\/Valise-de-Logo_G-Silver_LogoBaseline_1_Background-degrade.jpg\" \/>\n\t<meta property=\"og:image:width\" content=\"2480\" \/>\n\t<meta property=\"og:image:height\" content=\"1748\" \/>\n\t<meta property=\"og:image:type\" content=\"image\/jpeg\" \/>\n<meta name=\"twitter:card\" content=\"summary_large_image\" \/>\n<meta name=\"twitter:label1\" content=\"Disponibilit\u00e0\" \/>\n\t<meta name=\"twitter:data1\" content=\"In stock\" \/>\n<script type=\"application\/ld+json\" class=\"yoast-schema-graph\">{\"@context\":\"https:\/\/schema.org\",\"@graph\":[{\"@type\":\"WebPage\",\"@id\":\"https:\/\/g-silver.com\/it\/prodotto\/placcato-oro-1%c2%b5-silverfilled-palline-lisce-8mm-foro-25mm-10pz\/\",\"url\":\"https:\/\/g-silver.com\/it\/prodotto\/placcato-oro-1%c2%b5-silverfilled-palline-lisce-8mm-foro-25mm-10pz\/\",\"name\":\"Placcato Oro 1\u00b5 - SILVERFILLED - Palline lisce 8mm foro 2,5mm (10pz) | G-Silver\",\"isPartOf\":{\"@id\":\"https:\/\/g-silver.com\/#website\"},\"datePublished\":\"2026-03-10T14:32:26+00:00\",\"dateModified\":\"2026-04-03T05:19:30+00:00\",\"description\":\"Nella categoria Minuteria in argento 925 puoi trovare tra Palline e componenti il prodotto in argento 925\/1000 placcato Oro 1 micron 18 carati.\",\"breadcrumb\":{\"@id\":\"https:\/\/g-silver.com\/it\/prodotto\/placcato-oro-1%c2%b5-silverfilled-palline-lisce-8mm-foro-25mm-10pz\/#breadcrumb\"},\"inLanguage\":\"it-IT\",\"potentialAction\":[{\"@type\":\"ReadAction\",\"target\":[\"https:\/\/g-silver.com\/it\/prodotto\/placcato-oro-1%c2%b5-silverfilled-palline-lisce-8mm-foro-25mm-10pz\/\"]}]},{\"@type\":\"BreadcrumbList\",\"@id\":\"https:\/\/g-silver.com\/it\/prodotto\/placcato-oro-1%c2%b5-silverfilled-palline-lisce-8mm-foro-25mm-10pz\/#breadcrumb\",\"itemListElement\":[{\"@type\":\"ListItem\",\"position\":1,\"name\":\"Home\",\"item\":\"https:\/\/g-silver.com\/it\/\"},{\"@type\":\"ListItem\",\"position\":2,\"name\":\"Uncategorized\",\"item\":\"https:\/\/g-silver.com\/it\/categoria-prodotto\/uncategorized-it\/\"},{\"@type\":\"ListItem\",\"position\":3,\"name\":\"Placcato Oro 1\u00b5 &#8211; SILVERFILLED &#8211; Palline lisce 8mm foro 2,5mm (10pz)\"}]},{\"@type\":\"WebSite\",\"@id\":\"https:\/\/g-silver.com\/#website\",\"url\":\"https:\/\/g-silver.com\/\",\"name\":\"G-Silver\",\"description\":\"\",\"publisher\":{\"@id\":\"https:\/\/g-silver.com\/#organization\"},\"potentialAction\":[{\"@type\":\"SearchAction\",\"target\":{\"@type\":\"EntryPoint\",\"urlTemplate\":\"https:\/\/g-silver.com\/?s={search_term_string}\"},\"query-input\":{\"@type\":\"PropertyValueSpecification\",\"valueRequired\":true,\"valueName\":\"search_term_string\"}}],\"inLanguage\":\"it-IT\"},{\"@type\":\"Organization\",\"@id\":\"https:\/\/g-silver.com\/#organization\",\"name\":\"G-Silver\",\"url\":\"https:\/\/g-silver.com\/\",\"logo\":{\"@type\":\"ImageObject\",\"inLanguage\":\"it-IT\",\"@id\":\"https:\/\/g-silver.com\/#\/schema\/logo\/image\/\",\"url\":\"https:\/\/g-silver.com\/wp-content\/uploads\/2025\/03\/G-Silver__Short-Logo.jpg\",\"contentUrl\":\"https:\/\/g-silver.com\/wp-content\/uploads\/2025\/03\/G-Silver__Short-Logo.jpg\",\"width\":1182,\"height\":1182,\"caption\":\"G-Silver\"},\"image\":{\"@id\":\"https:\/\/g-silver.com\/#\/schema\/logo\/image\/\"},\"sameAs\":[\"https:\/\/www.facebook.com\/profile.php?id=100063277505032\",\"https:\/\/www.instagram.com\/g_silver_com\/\"]}]}<\/script>\n<meta property=\"og:availability\" content=\"instock\" \/>\n<meta property=\"product:availability\" content=\"instock\" \/>\n<meta property=\"product:retailer_item_id\" content=\"PL008SF-J1\" \/>\n<meta property=\"product:condition\" content=\"new\" \/>\n<!-- \/ Yoast SEO Premium plugin. -->","yoast_head_json":{"title":"Placcato Oro 1\u00b5 - SILVERFILLED - Palline lisce 8mm foro 2,5mm (10pz) | G-Silver","description":"Nella categoria Minuteria in argento 925 puoi trovare tra Palline e componenti il prodotto in argento 925\/1000 placcato Oro 1 micron 18 carati.","robots":{"index":"index","follow":"follow","max-snippet":"max-snippet:-1","max-image-preview":"max-image-preview:large","max-video-preview":"max-video-preview:-1"},"canonical":"https:\/\/g-silver.com\/it\/prodotto\/placcato-oro-1\u00b5-silverfilled-palline-lisce-8mm-foro-25mm-10pz\/","og_locale":"it_IT","og_type":"article","og_title":"Placcato Oro 1\u00b5 - SILVERFILLED - Palline lisce 8mm foro 2,5mm (10pz)","og_description":"Nella categoria Minuteria in argento 925 puoi trovare tra Palline e componenti il prodotto in argento 925\/1000 placcato Oro 1 micron 18 carati.","og_url":"https:\/\/g-silver.com\/it\/prodotto\/placcato-oro-1\u00b5-silverfilled-palline-lisce-8mm-foro-25mm-10pz\/","og_site_name":"G-Silver","article_publisher":"https:\/\/www.facebook.com\/profile.php?id=100063277505032","article_modified_time":"2026-04-03T05:19:30+00:00","og_image":[{"width":2480,"height":1748,"url":"https:\/\/g-silver.com\/wp-content\/uploads\/2025\/03\/Valise-de-Logo_G-Silver_LogoBaseline_1_Background-degrade.jpg","type":"image\/jpeg"}],"twitter_card":"summary_large_image","twitter_misc":{"Disponibilit\u00e0":"In stock"},"schema":{"@context":"https:\/\/schema.org","@graph":[{"@type":"WebPage","@id":"https:\/\/g-silver.com\/it\/prodotto\/placcato-oro-1%c2%b5-silverfilled-palline-lisce-8mm-foro-25mm-10pz\/","url":"https:\/\/g-silver.com\/it\/prodotto\/placcato-oro-1%c2%b5-silverfilled-palline-lisce-8mm-foro-25mm-10pz\/","name":"Placcato Oro 1\u00b5 - SILVERFILLED - Palline lisce 8mm foro 2,5mm (10pz) | G-Silver","isPartOf":{"@id":"https:\/\/g-silver.com\/#website"},"datePublished":"2026-03-10T14:32:26+00:00","dateModified":"2026-04-03T05:19:30+00:00","description":"Nella categoria Minuteria in argento 925 puoi trovare tra Palline e componenti il prodotto in argento 925\/1000 placcato Oro 1 micron 18 carati.","breadcrumb":{"@id":"https:\/\/g-silver.com\/it\/prodotto\/placcato-oro-1%c2%b5-silverfilled-palline-lisce-8mm-foro-25mm-10pz\/#breadcrumb"},"inLanguage":"it-IT","potentialAction":[{"@type":"ReadAction","target":["https:\/\/g-silver.com\/it\/prodotto\/placcato-oro-1%c2%b5-silverfilled-palline-lisce-8mm-foro-25mm-10pz\/"]}]},{"@type":"BreadcrumbList","@id":"https:\/\/g-silver.com\/it\/prodotto\/placcato-oro-1%c2%b5-silverfilled-palline-lisce-8mm-foro-25mm-10pz\/#breadcrumb","itemListElement":[{"@type":"ListItem","position":1,"name":"Home","item":"https:\/\/g-silver.com\/it\/"},{"@type":"ListItem","position":2,"name":"Uncategorized","item":"https:\/\/g-silver.com\/it\/categoria-prodotto\/uncategorized-it\/"},{"@type":"ListItem","position":3,"name":"Placcato Oro 1\u00b5 &#8211; SILVERFILLED &#8211; Palline lisce 8mm foro 2,5mm (10pz)"}]},{"@type":"WebSite","@id":"https:\/\/g-silver.com\/#website","url":"https:\/\/g-silver.com\/","name":"G-Silver","description":"","publisher":{"@id":"https:\/\/g-silver.com\/#organization"},"potentialAction":[{"@type":"SearchAction","target":{"@type":"EntryPoint","urlTemplate":"https:\/\/g-silver.com\/?s={search_term_string}"},"query-input":{"@type":"PropertyValueSpecification","valueRequired":true,"valueName":"search_term_string"}}],"inLanguage":"it-IT"},{"@type":"Organization","@id":"https:\/\/g-silver.com\/#organization","name":"G-Silver","url":"https:\/\/g-silver.com\/","logo":{"@type":"ImageObject","inLanguage":"it-IT","@id":"https:\/\/g-silver.com\/#\/schema\/logo\/image\/","url":"https:\/\/g-silver.com\/wp-content\/uploads\/2025\/03\/G-Silver__Short-Logo.jpg","contentUrl":"https:\/\/g-silver.com\/wp-content\/uploads\/2025\/03\/G-Silver__Short-Logo.jpg","width":1182,"height":1182,"caption":"G-Silver"},"image":{"@id":"https:\/\/g-silver.com\/#\/schema\/logo\/image\/"},"sameAs":["https:\/\/www.facebook.com\/profile.php?id=100063277505032","https:\/\/www.instagram.com\/g_silver_com\/"]}]},"og_availability":"instock","product_availability":"instock","product_retailer_item_id":"PL008SF-J1","product_condition":"new"},"df_price":13.98,"df_sale_price":"","df_regular_price":13.98,"df_image_link":"https:\/\/g-silver.com\/wp-content\/uploads\/woocommerce-placeholder-300x300.png","_links":{"self":[{"href":"https:\/\/g-silver.com\/it\/wp-json\/wp\/v2\/product\/118774","targetHints":{"allow":["GET"]}}],"collection":[{"href":"https:\/\/g-silver.com\/it\/wp-json\/wp\/v2\/product"}],"about":[{"href":"https:\/\/g-silver.com\/it\/wp-json\/wp\/v2\/types\/product"}],"replies":[{"embeddable":true,"href":"https:\/\/g-silver.com\/it\/wp-json\/wp\/v2\/comments?post=118774"}],"wp:attachment":[{"href":"https:\/\/g-silver.com\/it\/wp-json\/wp\/v2\/media?parent=118774"}],"wp:term":[{"taxonomy":"product_brand","embeddable":true,"href":"https:\/\/g-silver.com\/it\/wp-json\/wp\/v2\/product_brand?post=118774"},{"taxonomy":"product_cat","embeddable":true,"href":"https:\/\/g-silver.com\/it\/wp-json\/wp\/v2\/product_cat?post=118774"},{"taxonomy":"product_tag","embeddable":true,"href":"https:\/\/g-silver.com\/it\/wp-json\/wp\/v2\/product_tag?post=118774"}],"curies":[{"name":"wp","href":"https:\/\/api.w.org\/{rel}","templated":true}]}}