{"id":119757,"date":"2026-03-31T11:23:20","date_gmt":"2026-03-31T09:23:20","guid":{"rendered":"https:\/\/g-silver.com\/prodotto\/placcato-rosa-1%c2%b5-orecchini-tondo-pave-di-zirconi-10mm-1paio\/"},"modified":"2026-04-03T19:17:30","modified_gmt":"2026-04-03T17:17:30","slug":"placcato-rosa-1%c2%b5-orecchini-tondo-pave-di-zirconi-10mm-1paio","status":"publish","type":"product","link":"https:\/\/g-silver.com\/it\/prodotto\/placcato-rosa-1%c2%b5-orecchini-tondo-pave-di-zirconi-10mm-1paio\/","title":{"rendered":"Placcato Rosa 1\u00b5 &#8211; Orecchini tondo pav\u00e9 di zirconi 10mm (1paio)"},"content":{"rendered":"<p>Prodotto in argento 925\/1000 placcato Oro Rosa 1 micron 18 carati.<br \/>\nScopri l&#8217;irresistibile tendenza della doratura oro rosa: un&#8217;elegante fusione di oro giallo e rame. Questo colore accattivante conferisce un&#8217;eleganza senza tempo alle tue creazioni in argento 925, offrendo una durata eccezionale. La scelta perfetta per combinare stile e resistenza.<\/p>\n<p><strong>Differenze tra doratura 1 e 3 micron: qual \u00e8 la migliore?<\/strong><\/p>\n<p>Lo spessore dello strato d&#8217;oro si misura generalmente in micron. Sui prodotti 1 micron depositiamo 5 grammi d&#8217;oro per chilo d&#8217;argento, mentre su quelli 3 micron depositiamo 15 grammi d&#8217;oro per chilo d&#8217;argento. L&#8217;opzione 1 micron offre uno strato d&#8217;oro relativamente sottile, che pu\u00f2 rendere il pezzo pi\u00f9 suscettibile all&#8217;usura e ai graffi. Al contrario, la doratura 3 micron offre uno strato d&#8217;oro pi\u00f9 spesso e duraturo, che si traduce in una maggiore resistenza all&#8217;usura quotidiana e ai danni esterni.<\/p>\n<p>\nPer saperne di pi\u00f9, <a href=\"https:\/\/g-silver.com\/it\/blog\/doratura\/\" title=\"leggi il nostro articolo\">leggi il nostro articolo<\/a>.<\/p>\n","protected":false},"excerpt":{"rendered":"<p>Prodotto in argento 925\/1000 placcato Oro Rosa 1 micron 18 carati.<br \/>\nScopri l&#8217;irresistibile tendenza della doratura oro rosa: un&#8217;elegante fusione di oro giallo e rame. Questo colore accattivante conferisce un&#8217;eleganza senza tempo alle tue creazioni in argento 925, offrendo una durata eccezionale. La scelta perfetta per combinare stile e resistenza.<\/p>\n","protected":false},"featured_media":0,"comment_status":"open","ping_status":"closed","template":"","meta":{"_acf_changed":false},"product_brand":[],"product_cat":[3719],"product_tag":[],"class_list":{"0":"post-119757","1":"product","2":"type-product","3":"status-publish","5":"product_cat-uncategorized-it","7":"first","8":"instock","9":"taxable","10":"shipping-taxable","11":"purchasable","12":"product-type-simple","13":"add-to-wishlist-after_add_to_cart"},"acf":[],"yoast_head":"<!-- This site is optimized with the Yoast SEO Premium plugin v26.6 (Yoast SEO v26.6) - https:\/\/yoast.com\/wordpress\/plugins\/seo\/ -->\n<title>Placcato Rosa 1\u00b5 - Orecchini tondo pav\u00e9 di zirconi 10mm (1paio) | G-Silver<\/title>\n<meta name=\"description\" content=\"Nella categoria Gioielli in argento 925 puoi trovare tra Orecchini il prodotto in argento 925\/1000 placcato Oro Rosa 1 micron 18 carati.\" \/>\n<meta name=\"robots\" content=\"index, follow, max-snippet:-1, max-image-preview:large, max-video-preview:-1\" \/>\n<link rel=\"canonical\" href=\"https:\/\/g-silver.com\/it\/prodotto\/placcato-rosa-1\u00b5-orecchini-tondo-pave-di-zirconi-10mm-1paio\/\" \/>\n<meta property=\"og:locale\" content=\"it_IT\" \/>\n<meta property=\"og:type\" content=\"article\" \/>\n<meta property=\"og:title\" content=\"Placcato Rosa 1\u00b5 - Orecchini tondo pav\u00e9 di zirconi 10mm (1paio)\" \/>\n<meta property=\"og:description\" content=\"Nella categoria Gioielli in argento 925 puoi trovare tra Orecchini il prodotto in argento 925\/1000 placcato Oro Rosa 1 micron 18 carati.\" \/>\n<meta property=\"og:url\" content=\"https:\/\/g-silver.com\/it\/prodotto\/placcato-rosa-1\u00b5-orecchini-tondo-pave-di-zirconi-10mm-1paio\/\" \/>\n<meta property=\"og:site_name\" content=\"G-Silver\" \/>\n<meta property=\"article:publisher\" content=\"https:\/\/www.facebook.com\/profile.php?id=100063277505032\" \/>\n<meta property=\"article:modified_time\" content=\"2026-04-03T17:17:30+00:00\" \/>\n<meta property=\"og:image\" content=\"https:\/\/g-silver.com\/wp-content\/uploads\/2025\/03\/Valise-de-Logo_G-Silver_LogoBaseline_1_Background-degrade.jpg\" \/>\n\t<meta property=\"og:image:width\" content=\"2480\" \/>\n\t<meta property=\"og:image:height\" content=\"1748\" \/>\n\t<meta property=\"og:image:type\" content=\"image\/jpeg\" \/>\n<meta name=\"twitter:card\" content=\"summary_large_image\" \/>\n<meta name=\"twitter:label1\" content=\"Disponibilit\u00e0\" \/>\n\t<meta name=\"twitter:data1\" content=\"In stock\" \/>\n<script type=\"application\/ld+json\" class=\"yoast-schema-graph\">{\"@context\":\"https:\/\/schema.org\",\"@graph\":[{\"@type\":\"WebPage\",\"@id\":\"https:\/\/g-silver.com\/it\/prodotto\/placcato-rosa-1%c2%b5-orecchini-tondo-pave-di-zirconi-10mm-1paio\/\",\"url\":\"https:\/\/g-silver.com\/it\/prodotto\/placcato-rosa-1%c2%b5-orecchini-tondo-pave-di-zirconi-10mm-1paio\/\",\"name\":\"Placcato Rosa 1\u00b5 - Orecchini tondo pav\u00e9 di zirconi 10mm (1paio) | G-Silver\",\"isPartOf\":{\"@id\":\"https:\/\/g-silver.com\/#website\"},\"datePublished\":\"2026-03-31T09:23:20+00:00\",\"dateModified\":\"2026-04-03T17:17:30+00:00\",\"description\":\"Nella categoria Gioielli in argento 925 puoi trovare tra Orecchini il prodotto in argento 925\/1000 placcato Oro Rosa 1 micron 18 carati.\",\"breadcrumb\":{\"@id\":\"https:\/\/g-silver.com\/it\/prodotto\/placcato-rosa-1%c2%b5-orecchini-tondo-pave-di-zirconi-10mm-1paio\/#breadcrumb\"},\"inLanguage\":\"it-IT\",\"potentialAction\":[{\"@type\":\"ReadAction\",\"target\":[\"https:\/\/g-silver.com\/it\/prodotto\/placcato-rosa-1%c2%b5-orecchini-tondo-pave-di-zirconi-10mm-1paio\/\"]}]},{\"@type\":\"BreadcrumbList\",\"@id\":\"https:\/\/g-silver.com\/it\/prodotto\/placcato-rosa-1%c2%b5-orecchini-tondo-pave-di-zirconi-10mm-1paio\/#breadcrumb\",\"itemListElement\":[{\"@type\":\"ListItem\",\"position\":1,\"name\":\"Home\",\"item\":\"https:\/\/g-silver.com\/it\/\"},{\"@type\":\"ListItem\",\"position\":2,\"name\":\"Uncategorized\",\"item\":\"https:\/\/g-silver.com\/it\/categoria-prodotto\/uncategorized-it\/\"},{\"@type\":\"ListItem\",\"position\":3,\"name\":\"Placcato Rosa 1\u00b5 &#8211; Orecchini tondo pav\u00e9 di zirconi 10mm (1paio)\"}]},{\"@type\":\"WebSite\",\"@id\":\"https:\/\/g-silver.com\/#website\",\"url\":\"https:\/\/g-silver.com\/\",\"name\":\"G-Silver\",\"description\":\"\",\"publisher\":{\"@id\":\"https:\/\/g-silver.com\/#organization\"},\"potentialAction\":[{\"@type\":\"SearchAction\",\"target\":{\"@type\":\"EntryPoint\",\"urlTemplate\":\"https:\/\/g-silver.com\/?s={search_term_string}\"},\"query-input\":{\"@type\":\"PropertyValueSpecification\",\"valueRequired\":true,\"valueName\":\"search_term_string\"}}],\"inLanguage\":\"it-IT\"},{\"@type\":\"Organization\",\"@id\":\"https:\/\/g-silver.com\/#organization\",\"name\":\"G-Silver\",\"url\":\"https:\/\/g-silver.com\/\",\"logo\":{\"@type\":\"ImageObject\",\"inLanguage\":\"it-IT\",\"@id\":\"https:\/\/g-silver.com\/#\/schema\/logo\/image\/\",\"url\":\"https:\/\/g-silver.com\/wp-content\/uploads\/2025\/03\/G-Silver__Short-Logo.jpg\",\"contentUrl\":\"https:\/\/g-silver.com\/wp-content\/uploads\/2025\/03\/G-Silver__Short-Logo.jpg\",\"width\":1182,\"height\":1182,\"caption\":\"G-Silver\"},\"image\":{\"@id\":\"https:\/\/g-silver.com\/#\/schema\/logo\/image\/\"},\"sameAs\":[\"https:\/\/www.facebook.com\/profile.php?id=100063277505032\",\"https:\/\/www.instagram.com\/g_silver_com\/\"]}]}<\/script>\n<meta property=\"og:availability\" content=\"instock\" \/>\n<meta property=\"product:availability\" content=\"instock\" \/>\n<meta property=\"product:retailer_item_id\" content=\"BOCEZI-R1\" \/>\n<meta property=\"product:condition\" content=\"new\" \/>\n<!-- \/ Yoast SEO Premium plugin. -->","yoast_head_json":{"title":"Placcato Rosa 1\u00b5 - Orecchini tondo pav\u00e9 di zirconi 10mm (1paio) | G-Silver","description":"Nella categoria Gioielli in argento 925 puoi trovare tra Orecchini il prodotto in argento 925\/1000 placcato Oro Rosa 1 micron 18 carati.","robots":{"index":"index","follow":"follow","max-snippet":"max-snippet:-1","max-image-preview":"max-image-preview:large","max-video-preview":"max-video-preview:-1"},"canonical":"https:\/\/g-silver.com\/it\/prodotto\/placcato-rosa-1\u00b5-orecchini-tondo-pave-di-zirconi-10mm-1paio\/","og_locale":"it_IT","og_type":"article","og_title":"Placcato Rosa 1\u00b5 - Orecchini tondo pav\u00e9 di zirconi 10mm (1paio)","og_description":"Nella categoria Gioielli in argento 925 puoi trovare tra Orecchini il prodotto in argento 925\/1000 placcato Oro Rosa 1 micron 18 carati.","og_url":"https:\/\/g-silver.com\/it\/prodotto\/placcato-rosa-1\u00b5-orecchini-tondo-pave-di-zirconi-10mm-1paio\/","og_site_name":"G-Silver","article_publisher":"https:\/\/www.facebook.com\/profile.php?id=100063277505032","article_modified_time":"2026-04-03T17:17:30+00:00","og_image":[{"width":2480,"height":1748,"url":"https:\/\/g-silver.com\/wp-content\/uploads\/2025\/03\/Valise-de-Logo_G-Silver_LogoBaseline_1_Background-degrade.jpg","type":"image\/jpeg"}],"twitter_card":"summary_large_image","twitter_misc":{"Disponibilit\u00e0":"In stock"},"schema":{"@context":"https:\/\/schema.org","@graph":[{"@type":"WebPage","@id":"https:\/\/g-silver.com\/it\/prodotto\/placcato-rosa-1%c2%b5-orecchini-tondo-pave-di-zirconi-10mm-1paio\/","url":"https:\/\/g-silver.com\/it\/prodotto\/placcato-rosa-1%c2%b5-orecchini-tondo-pave-di-zirconi-10mm-1paio\/","name":"Placcato Rosa 1\u00b5 - Orecchini tondo pav\u00e9 di zirconi 10mm (1paio) | G-Silver","isPartOf":{"@id":"https:\/\/g-silver.com\/#website"},"datePublished":"2026-03-31T09:23:20+00:00","dateModified":"2026-04-03T17:17:30+00:00","description":"Nella categoria Gioielli in argento 925 puoi trovare tra Orecchini il prodotto in argento 925\/1000 placcato Oro Rosa 1 micron 18 carati.","breadcrumb":{"@id":"https:\/\/g-silver.com\/it\/prodotto\/placcato-rosa-1%c2%b5-orecchini-tondo-pave-di-zirconi-10mm-1paio\/#breadcrumb"},"inLanguage":"it-IT","potentialAction":[{"@type":"ReadAction","target":["https:\/\/g-silver.com\/it\/prodotto\/placcato-rosa-1%c2%b5-orecchini-tondo-pave-di-zirconi-10mm-1paio\/"]}]},{"@type":"BreadcrumbList","@id":"https:\/\/g-silver.com\/it\/prodotto\/placcato-rosa-1%c2%b5-orecchini-tondo-pave-di-zirconi-10mm-1paio\/#breadcrumb","itemListElement":[{"@type":"ListItem","position":1,"name":"Home","item":"https:\/\/g-silver.com\/it\/"},{"@type":"ListItem","position":2,"name":"Uncategorized","item":"https:\/\/g-silver.com\/it\/categoria-prodotto\/uncategorized-it\/"},{"@type":"ListItem","position":3,"name":"Placcato Rosa 1\u00b5 &#8211; Orecchini tondo pav\u00e9 di zirconi 10mm (1paio)"}]},{"@type":"WebSite","@id":"https:\/\/g-silver.com\/#website","url":"https:\/\/g-silver.com\/","name":"G-Silver","description":"","publisher":{"@id":"https:\/\/g-silver.com\/#organization"},"potentialAction":[{"@type":"SearchAction","target":{"@type":"EntryPoint","urlTemplate":"https:\/\/g-silver.com\/?s={search_term_string}"},"query-input":{"@type":"PropertyValueSpecification","valueRequired":true,"valueName":"search_term_string"}}],"inLanguage":"it-IT"},{"@type":"Organization","@id":"https:\/\/g-silver.com\/#organization","name":"G-Silver","url":"https:\/\/g-silver.com\/","logo":{"@type":"ImageObject","inLanguage":"it-IT","@id":"https:\/\/g-silver.com\/#\/schema\/logo\/image\/","url":"https:\/\/g-silver.com\/wp-content\/uploads\/2025\/03\/G-Silver__Short-Logo.jpg","contentUrl":"https:\/\/g-silver.com\/wp-content\/uploads\/2025\/03\/G-Silver__Short-Logo.jpg","width":1182,"height":1182,"caption":"G-Silver"},"image":{"@id":"https:\/\/g-silver.com\/#\/schema\/logo\/image\/"},"sameAs":["https:\/\/www.facebook.com\/profile.php?id=100063277505032","https:\/\/www.instagram.com\/g_silver_com\/"]}]},"og_availability":"instock","product_availability":"instock","product_retailer_item_id":"BOCEZI-R1","product_condition":"new"},"df_price":12.67,"df_sale_price":"","df_regular_price":12.67,"df_image_link":"https:\/\/g-silver.com\/wp-content\/uploads\/woocommerce-placeholder-300x300.png","_links":{"self":[{"href":"https:\/\/g-silver.com\/it\/wp-json\/wp\/v2\/product\/119757","targetHints":{"allow":["GET"]}}],"collection":[{"href":"https:\/\/g-silver.com\/it\/wp-json\/wp\/v2\/product"}],"about":[{"href":"https:\/\/g-silver.com\/it\/wp-json\/wp\/v2\/types\/product"}],"replies":[{"embeddable":true,"href":"https:\/\/g-silver.com\/it\/wp-json\/wp\/v2\/comments?post=119757"}],"wp:attachment":[{"href":"https:\/\/g-silver.com\/it\/wp-json\/wp\/v2\/media?parent=119757"}],"wp:term":[{"taxonomy":"product_brand","embeddable":true,"href":"https:\/\/g-silver.com\/it\/wp-json\/wp\/v2\/product_brand?post=119757"},{"taxonomy":"product_cat","embeddable":true,"href":"https:\/\/g-silver.com\/it\/wp-json\/wp\/v2\/product_cat?post=119757"},{"taxonomy":"product_tag","embeddable":true,"href":"https:\/\/g-silver.com\/it\/wp-json\/wp\/v2\/product_tag?post=119757"}],"curies":[{"name":"wp","href":"https:\/\/api.w.org\/{rel}","templated":true}]}}