{"id":45581,"date":"2024-02-21T23:14:03","date_gmt":"2024-02-21T22:14:03","guid":{"rendered":"https:\/\/g-silver.com\/prodotto\/filo-crudo-sfaccettato-08mm-5m\/"},"modified":"2026-04-09T05:56:01","modified_gmt":"2026-04-09T03:56:01","slug":"filo-crudo-sfaccettato-08mm-5m","status":"publish","type":"product","link":"https:\/\/g-silver.com\/it\/prodotto\/filo-crudo-sfaccettato-08mm-5m\/","title":{"rendered":"Filo crudo sfaccettato 0,8mm (5m)"},"content":{"rendered":"<div id=\"isolation-scope-dgpubjdo0p0qz5xpkoay7277\">Prodotto in argento 925\/1000 anallergico (senza nickel), con trattamento anti-tarnish (passivazione).<br \/>\n<br \/><b><br \/>Consigli per l&#8217;utilizzo<br \/>\n<\/b><br \/>\nIl filo crudo non \u00e8 molto malleabile, \u00e8 pi\u00f9 difficile da modellare ma mantiene meglio la forma. Per realizzare un anello con il filo, ti consigliamo di utilizzare un filo con un diametro minimo di 0,8mm, l\u2019ideale sarebbe 1,2mm.<br \/>\n<\/div>\n","protected":false},"excerpt":{"rendered":"<p>Prodotto in argento 925\/1000 anallergico (senza nickel), con trattamento anti-tarnish (passivazione)<\/p>\n","protected":false},"featured_media":0,"comment_status":"open","ping_status":"closed","template":"","meta":{"_acf_changed":false},"product_brand":[],"product_cat":[4711,2988,3015],"product_tag":[],"class_list":{"0":"post-45581","1":"product","2":"type-product","3":"status-publish","5":"product_cat-fili","6":"product_cat-minuteria","7":"product_cat-fili-e-lastre","9":"first","10":"instock","11":"taxable","12":"shipping-taxable","13":"purchasable","14":"product-type-simple","15":"add-to-wishlist-after_add_to_cart"},"acf":[],"yoast_head":"<!-- This site is optimized with the Yoast SEO Premium plugin v26.6 (Yoast SEO v26.6) - https:\/\/yoast.com\/wordpress\/plugins\/seo\/ -->\n<title>Filo crudo sfaccettato 0,8mm (5m) | G-Silver<\/title>\n<meta name=\"description\" content=\"Filo crudo sfaccettato 0,8mm (5m) - Prodotto in argento 925\/1000 anallergico (senza nickel), con trattamento anti-tarnish (passivazione)\" \/>\n<meta name=\"robots\" content=\"index, follow, max-snippet:-1, max-image-preview:large, max-video-preview:-1\" \/>\n<link rel=\"canonical\" href=\"https:\/\/g-silver.com\/it\/prodotto\/filo-crudo-sfaccettato-08mm-5m\/\" \/>\n<meta property=\"og:locale\" content=\"it_IT\" \/>\n<meta property=\"og:type\" content=\"article\" \/>\n<meta property=\"og:title\" content=\"Filo crudo sfaccettato 0,8mm (5m)\" \/>\n<meta property=\"og:description\" content=\"Filo crudo sfaccettato 0,8mm (5m) - Prodotto in argento 925\/1000 anallergico (senza nickel), con trattamento anti-tarnish (passivazione)\" \/>\n<meta property=\"og:url\" content=\"https:\/\/g-silver.com\/it\/prodotto\/filo-crudo-sfaccettato-08mm-5m\/\" \/>\n<meta property=\"og:site_name\" content=\"G-Silver\" \/>\n<meta property=\"article:publisher\" content=\"https:\/\/www.facebook.com\/profile.php?id=100063277505032\" \/>\n<meta property=\"article:modified_time\" content=\"2026-04-09T03:56:01+00:00\" \/>\n<meta property=\"og:image\" content=\"https:\/\/g-silver.com\/wp-content\/uploads\/2025\/03\/Valise-de-Logo_G-Silver_LogoBaseline_1_Background-degrade.jpg\" \/>\n\t<meta property=\"og:image:width\" content=\"2480\" \/>\n\t<meta property=\"og:image:height\" content=\"1748\" \/>\n\t<meta property=\"og:image:type\" content=\"image\/jpeg\" \/>\n<meta name=\"twitter:card\" content=\"summary_large_image\" \/>\n<meta name=\"twitter:label1\" content=\"Disponibilit\u00e0\" \/>\n\t<meta name=\"twitter:data1\" content=\"In stock\" \/>\n<script type=\"application\/ld+json\" class=\"yoast-schema-graph\">{\"@context\":\"https:\/\/schema.org\",\"@graph\":[{\"@type\":\"WebPage\",\"@id\":\"https:\/\/g-silver.com\/it\/prodotto\/filo-crudo-sfaccettato-08mm-5m\/\",\"url\":\"https:\/\/g-silver.com\/it\/prodotto\/filo-crudo-sfaccettato-08mm-5m\/\",\"name\":\"Filo crudo sfaccettato 0,8mm (5m) | G-Silver\",\"isPartOf\":{\"@id\":\"https:\/\/g-silver.com\/#website\"},\"datePublished\":\"2024-02-21T22:14:03+00:00\",\"dateModified\":\"2026-04-09T03:56:01+00:00\",\"description\":\"Filo crudo sfaccettato 0,8mm (5m) - Prodotto in argento 925\/1000 anallergico (senza nickel), con trattamento anti-tarnish (passivazione)\",\"breadcrumb\":{\"@id\":\"https:\/\/g-silver.com\/it\/prodotto\/filo-crudo-sfaccettato-08mm-5m\/#breadcrumb\"},\"inLanguage\":\"it-IT\",\"potentialAction\":[{\"@type\":\"ReadAction\",\"target\":[\"https:\/\/g-silver.com\/it\/prodotto\/filo-crudo-sfaccettato-08mm-5m\/\"]}]},{\"@type\":\"BreadcrumbList\",\"@id\":\"https:\/\/g-silver.com\/it\/prodotto\/filo-crudo-sfaccettato-08mm-5m\/#breadcrumb\",\"itemListElement\":[{\"@type\":\"ListItem\",\"position\":1,\"name\":\"Home\",\"item\":\"https:\/\/g-silver.com\/it\/\"},{\"@type\":\"ListItem\",\"position\":2,\"name\":\"Minuteria\",\"item\":\"https:\/\/g-silver.com\/it\/categoria-prodotto\/minuteria\/\"},{\"@type\":\"ListItem\",\"position\":3,\"name\":\"Fili e lastre\",\"item\":\"https:\/\/g-silver.com\/it\/categoria-prodotto\/minuteria\/fili-e-lastre\/\"},{\"@type\":\"ListItem\",\"position\":4,\"name\":\"Fili\",\"item\":\"https:\/\/g-silver.com\/it\/categoria-prodotto\/minuteria\/fili-e-lastre\/fili\/\"},{\"@type\":\"ListItem\",\"position\":5,\"name\":\"Filo crudo sfaccettato 0,8mm (5m)\"}]},{\"@type\":\"WebSite\",\"@id\":\"https:\/\/g-silver.com\/#website\",\"url\":\"https:\/\/g-silver.com\/\",\"name\":\"G-Silver\",\"description\":\"\",\"publisher\":{\"@id\":\"https:\/\/g-silver.com\/#organization\"},\"potentialAction\":[{\"@type\":\"SearchAction\",\"target\":{\"@type\":\"EntryPoint\",\"urlTemplate\":\"https:\/\/g-silver.com\/?s={search_term_string}\"},\"query-input\":{\"@type\":\"PropertyValueSpecification\",\"valueRequired\":true,\"valueName\":\"search_term_string\"}}],\"inLanguage\":\"it-IT\"},{\"@type\":\"Organization\",\"@id\":\"https:\/\/g-silver.com\/#organization\",\"name\":\"G-Silver\",\"url\":\"https:\/\/g-silver.com\/\",\"logo\":{\"@type\":\"ImageObject\",\"inLanguage\":\"it-IT\",\"@id\":\"https:\/\/g-silver.com\/#\/schema\/logo\/image\/\",\"url\":\"https:\/\/g-silver.com\/wp-content\/uploads\/2025\/03\/G-Silver__Short-Logo.jpg\",\"contentUrl\":\"https:\/\/g-silver.com\/wp-content\/uploads\/2025\/03\/G-Silver__Short-Logo.jpg\",\"width\":1182,\"height\":1182,\"caption\":\"G-Silver\"},\"image\":{\"@id\":\"https:\/\/g-silver.com\/#\/schema\/logo\/image\/\"},\"sameAs\":[\"https:\/\/www.facebook.com\/profile.php?id=100063277505032\",\"https:\/\/www.instagram.com\/g_silver_com\/\"]}]}<\/script>\n<meta property=\"og:availability\" content=\"instock\" \/>\n<meta property=\"product:availability\" content=\"instock\" \/>\n<meta property=\"product:retailer_item_id\" content=\"FL80DIAM\" \/>\n<meta property=\"product:condition\" content=\"new\" \/>\n<!-- \/ Yoast SEO Premium plugin. -->","yoast_head_json":{"title":"Filo crudo sfaccettato 0,8mm (5m) | G-Silver","description":"Filo crudo sfaccettato 0,8mm (5m) - Prodotto in argento 925\/1000 anallergico (senza nickel), con trattamento anti-tarnish (passivazione)","robots":{"index":"index","follow":"follow","max-snippet":"max-snippet:-1","max-image-preview":"max-image-preview:large","max-video-preview":"max-video-preview:-1"},"canonical":"https:\/\/g-silver.com\/it\/prodotto\/filo-crudo-sfaccettato-08mm-5m\/","og_locale":"it_IT","og_type":"article","og_title":"Filo crudo sfaccettato 0,8mm (5m)","og_description":"Filo crudo sfaccettato 0,8mm (5m) - Prodotto in argento 925\/1000 anallergico (senza nickel), con trattamento anti-tarnish (passivazione)","og_url":"https:\/\/g-silver.com\/it\/prodotto\/filo-crudo-sfaccettato-08mm-5m\/","og_site_name":"G-Silver","article_publisher":"https:\/\/www.facebook.com\/profile.php?id=100063277505032","article_modified_time":"2026-04-09T03:56:01+00:00","og_image":[{"width":2480,"height":1748,"url":"https:\/\/g-silver.com\/wp-content\/uploads\/2025\/03\/Valise-de-Logo_G-Silver_LogoBaseline_1_Background-degrade.jpg","type":"image\/jpeg"}],"twitter_card":"summary_large_image","twitter_misc":{"Disponibilit\u00e0":"In stock"},"schema":{"@context":"https:\/\/schema.org","@graph":[{"@type":"WebPage","@id":"https:\/\/g-silver.com\/it\/prodotto\/filo-crudo-sfaccettato-08mm-5m\/","url":"https:\/\/g-silver.com\/it\/prodotto\/filo-crudo-sfaccettato-08mm-5m\/","name":"Filo crudo sfaccettato 0,8mm (5m) | G-Silver","isPartOf":{"@id":"https:\/\/g-silver.com\/#website"},"datePublished":"2024-02-21T22:14:03+00:00","dateModified":"2026-04-09T03:56:01+00:00","description":"Filo crudo sfaccettato 0,8mm (5m) - Prodotto in argento 925\/1000 anallergico (senza nickel), con trattamento anti-tarnish (passivazione)","breadcrumb":{"@id":"https:\/\/g-silver.com\/it\/prodotto\/filo-crudo-sfaccettato-08mm-5m\/#breadcrumb"},"inLanguage":"it-IT","potentialAction":[{"@type":"ReadAction","target":["https:\/\/g-silver.com\/it\/prodotto\/filo-crudo-sfaccettato-08mm-5m\/"]}]},{"@type":"BreadcrumbList","@id":"https:\/\/g-silver.com\/it\/prodotto\/filo-crudo-sfaccettato-08mm-5m\/#breadcrumb","itemListElement":[{"@type":"ListItem","position":1,"name":"Home","item":"https:\/\/g-silver.com\/it\/"},{"@type":"ListItem","position":2,"name":"Minuteria","item":"https:\/\/g-silver.com\/it\/categoria-prodotto\/minuteria\/"},{"@type":"ListItem","position":3,"name":"Fili e lastre","item":"https:\/\/g-silver.com\/it\/categoria-prodotto\/minuteria\/fili-e-lastre\/"},{"@type":"ListItem","position":4,"name":"Fili","item":"https:\/\/g-silver.com\/it\/categoria-prodotto\/minuteria\/fili-e-lastre\/fili\/"},{"@type":"ListItem","position":5,"name":"Filo crudo sfaccettato 0,8mm (5m)"}]},{"@type":"WebSite","@id":"https:\/\/g-silver.com\/#website","url":"https:\/\/g-silver.com\/","name":"G-Silver","description":"","publisher":{"@id":"https:\/\/g-silver.com\/#organization"},"potentialAction":[{"@type":"SearchAction","target":{"@type":"EntryPoint","urlTemplate":"https:\/\/g-silver.com\/?s={search_term_string}"},"query-input":{"@type":"PropertyValueSpecification","valueRequired":true,"valueName":"search_term_string"}}],"inLanguage":"it-IT"},{"@type":"Organization","@id":"https:\/\/g-silver.com\/#organization","name":"G-Silver","url":"https:\/\/g-silver.com\/","logo":{"@type":"ImageObject","inLanguage":"it-IT","@id":"https:\/\/g-silver.com\/#\/schema\/logo\/image\/","url":"https:\/\/g-silver.com\/wp-content\/uploads\/2025\/03\/G-Silver__Short-Logo.jpg","contentUrl":"https:\/\/g-silver.com\/wp-content\/uploads\/2025\/03\/G-Silver__Short-Logo.jpg","width":1182,"height":1182,"caption":"G-Silver"},"image":{"@id":"https:\/\/g-silver.com\/#\/schema\/logo\/image\/"},"sameAs":["https:\/\/www.facebook.com\/profile.php?id=100063277505032","https:\/\/www.instagram.com\/g_silver_com\/"]}]},"og_availability":"instock","product_availability":"instock","product_retailer_item_id":"FL80DIAM","product_condition":"new"},"df_price":95.44,"df_sale_price":"","df_regular_price":95.44,"df_image_link":"https:\/\/g-silver.com\/wp-content\/uploads\/woocommerce-placeholder-300x300.png","_links":{"self":[{"href":"https:\/\/g-silver.com\/it\/wp-json\/wp\/v2\/product\/45581","targetHints":{"allow":["GET"]}}],"collection":[{"href":"https:\/\/g-silver.com\/it\/wp-json\/wp\/v2\/product"}],"about":[{"href":"https:\/\/g-silver.com\/it\/wp-json\/wp\/v2\/types\/product"}],"replies":[{"embeddable":true,"href":"https:\/\/g-silver.com\/it\/wp-json\/wp\/v2\/comments?post=45581"}],"wp:attachment":[{"href":"https:\/\/g-silver.com\/it\/wp-json\/wp\/v2\/media?parent=45581"}],"wp:term":[{"taxonomy":"product_brand","embeddable":true,"href":"https:\/\/g-silver.com\/it\/wp-json\/wp\/v2\/product_brand?post=45581"},{"taxonomy":"product_cat","embeddable":true,"href":"https:\/\/g-silver.com\/it\/wp-json\/wp\/v2\/product_cat?post=45581"},{"taxonomy":"product_tag","embeddable":true,"href":"https:\/\/g-silver.com\/it\/wp-json\/wp\/v2\/product_tag?post=45581"}],"curies":[{"name":"wp","href":"https:\/\/api.w.org\/{rel}","templated":true}]}}