{"id":68546,"date":"2024-05-30T10:01:19","date_gmt":"2024-05-30T08:01:19","guid":{"rendered":"https:\/\/g-silver.com\/prodotto\/68546\/"},"modified":"2026-04-03T04:42:38","modified_gmt":"2026-04-03T02:42:38","slug":"68546","status":"publish","type":"product","link":"https:\/\/g-silver.com\/it\/prodotto\/68546\/","title":{"rendered":""},"content":{"rendered":"<p>Prodotto in argento 925\/1000 placcato Oro 3 micron 18 carati.<br \/>\nPuoi scegliere il bagno d&#8217;oro per dorare i prodotti presenti sul nostro sito. Una tecnica che conferisce eleganza e resistenza alle tue creazioni.<\/p>\n<p><strong>Differenze tra doratura 1 e 3 micron: qual \u00e8 la migliore?<\/strong><\/p>\n<p>Lo spessore dello strato d&#8217;oro si misura generalmente in micron. Sui prodotti 1 micron depositiamo 5 grammi d&#8217;oro per chilo d&#8217;argento, mentre su quelli 3 micron depositiamo 15 grammi d&#8217;oro per chilo d&#8217;argento. L&#8217;opzione 1 micron offre uno strato d&#8217;oro relativamente sottile, che pu\u00f2 rendere il pezzo pi\u00f9 suscettibile all&#8217;usura e ai graffi. Al contrario, la doratura 3 micron offre uno strato d&#8217;oro pi\u00f9 spesso e duraturo, che si traduce in una maggiore resistenza all&#8217;usura quotidiana e ai danni esterni.<\/p>\n<p>\nPer saperne di pi\u00f9, <a href=\"\/it\/blog\/doratura\/\" title=\"leggi il nostro articolo\">leggi il nostro articolo<\/a>.<\/p>\n","protected":false},"excerpt":{"rendered":"<p>Prodotto in argento 925\/1000 placcato Oro 3 micron 18 carati.<br \/>\nPuoi scegliere il bagno d&#8217;oro per dorare i prodotti presenti sul nostro sito. Una tecnica che conferisce eleganza e resistenza alle tue creazioni.<\/p>\n","protected":false},"featured_media":0,"comment_status":"open","ping_status":"closed","template":"","meta":{"_acf_changed":false},"product_brand":[],"product_cat":[3719],"product_tag":[],"class_list":{"0":"post-68546","1":"product","2":"type-product","3":"status-publish","5":"product_cat-uncategorized-it","7":"first","8":"instock","9":"taxable","10":"shipping-taxable","11":"purchasable","12":"product-type-simple","13":"add-to-wishlist-after_add_to_cart"},"acf":[],"yoast_head":"<!-- This site is optimized with the Yoast SEO Premium plugin v26.6 (Yoast SEO v26.6) - https:\/\/yoast.com\/wordpress\/plugins\/seo\/ -->\n<title>| G-Silver<\/title>\n<meta name=\"description\" content=\"Nella categoria Gioielli in argento 925 puoi trovare tra Bracciali il prodotto in argento 925\/1000 placcato Oro 1 micron 18 carati.\" \/>\n<meta name=\"robots\" content=\"index, follow, max-snippet:-1, max-image-preview:large, max-video-preview:-1\" \/>\n<link rel=\"canonical\" href=\"https:\/\/g-silver.com\/it\/prodotto\/68546\/\" \/>\n<meta property=\"og:locale\" content=\"it_IT\" \/>\n<meta property=\"og:type\" content=\"article\" \/>\n<meta property=\"og:description\" content=\"Nella categoria Gioielli in argento 925 puoi trovare tra Bracciali il prodotto in argento 925\/1000 placcato Oro 1 micron 18 carati.\" \/>\n<meta property=\"og:url\" content=\"https:\/\/g-silver.com\/it\/prodotto\/68546\/\" \/>\n<meta property=\"og:site_name\" content=\"G-Silver\" \/>\n<meta property=\"article:publisher\" content=\"https:\/\/www.facebook.com\/profile.php?id=100063277505032\" \/>\n<meta property=\"article:modified_time\" content=\"2026-04-03T02:42:38+00:00\" \/>\n<meta property=\"og:image\" content=\"https:\/\/g-silver.com\/wp-content\/uploads\/2025\/03\/Valise-de-Logo_G-Silver_LogoBaseline_1_Background-degrade.jpg\" \/>\n\t<meta property=\"og:image:width\" content=\"2480\" \/>\n\t<meta property=\"og:image:height\" content=\"1748\" \/>\n\t<meta property=\"og:image:type\" content=\"image\/jpeg\" \/>\n<meta name=\"twitter:card\" content=\"summary_large_image\" \/>\n<meta name=\"twitter:label1\" content=\"Disponibilit\u00e0\" \/>\n\t<meta name=\"twitter:data1\" content=\"In stock\" \/>\n<script type=\"application\/ld+json\" class=\"yoast-schema-graph\">{\"@context\":\"https:\/\/schema.org\",\"@graph\":[{\"@type\":\"WebPage\",\"@id\":\"https:\/\/g-silver.com\/it\/prodotto\/68546\/\",\"url\":\"https:\/\/g-silver.com\/it\/prodotto\/68546\/\",\"name\":\"| G-Silver\",\"isPartOf\":{\"@id\":\"https:\/\/g-silver.com\/#website\"},\"datePublished\":\"2024-05-30T08:01:19+00:00\",\"dateModified\":\"2026-04-03T02:42:38+00:00\",\"description\":\"Nella categoria Gioielli in argento 925 puoi trovare tra Bracciali il prodotto in argento 925\/1000 placcato Oro 1 micron 18 carati.\",\"inLanguage\":\"it-IT\",\"potentialAction\":[{\"@type\":\"ReadAction\",\"target\":[\"https:\/\/g-silver.com\/it\/prodotto\/68546\/\"]}]},{\"@type\":\"WebSite\",\"@id\":\"https:\/\/g-silver.com\/#website\",\"url\":\"https:\/\/g-silver.com\/\",\"name\":\"G-Silver\",\"description\":\"\",\"publisher\":{\"@id\":\"https:\/\/g-silver.com\/#organization\"},\"potentialAction\":[{\"@type\":\"SearchAction\",\"target\":{\"@type\":\"EntryPoint\",\"urlTemplate\":\"https:\/\/g-silver.com\/?s={search_term_string}\"},\"query-input\":{\"@type\":\"PropertyValueSpecification\",\"valueRequired\":true,\"valueName\":\"search_term_string\"}}],\"inLanguage\":\"it-IT\"},{\"@type\":\"Organization\",\"@id\":\"https:\/\/g-silver.com\/#organization\",\"name\":\"G-Silver\",\"url\":\"https:\/\/g-silver.com\/\",\"logo\":{\"@type\":\"ImageObject\",\"inLanguage\":\"it-IT\",\"@id\":\"https:\/\/g-silver.com\/#\/schema\/logo\/image\/\",\"url\":\"https:\/\/g-silver.com\/wp-content\/uploads\/2025\/03\/G-Silver__Short-Logo.jpg\",\"contentUrl\":\"https:\/\/g-silver.com\/wp-content\/uploads\/2025\/03\/G-Silver__Short-Logo.jpg\",\"width\":1182,\"height\":1182,\"caption\":\"G-Silver\"},\"image\":{\"@id\":\"https:\/\/g-silver.com\/#\/schema\/logo\/image\/\"},\"sameAs\":[\"https:\/\/www.facebook.com\/profile.php?id=100063277505032\",\"https:\/\/www.instagram.com\/g_silver_com\/\"]}]}<\/script>\n<meta property=\"og:availability\" content=\"instock\" \/>\n<meta property=\"product:availability\" content=\"instock\" \/>\n<meta property=\"product:retailer_item_id\" content=\"BRMED64-J3\" \/>\n<meta property=\"product:condition\" content=\"new\" \/>\n<!-- \/ Yoast SEO Premium plugin. -->","yoast_head_json":{"title":"| G-Silver","description":"Nella categoria Gioielli in argento 925 puoi trovare tra Bracciali il prodotto in argento 925\/1000 placcato Oro 1 micron 18 carati.","robots":{"index":"index","follow":"follow","max-snippet":"max-snippet:-1","max-image-preview":"max-image-preview:large","max-video-preview":"max-video-preview:-1"},"canonical":"https:\/\/g-silver.com\/it\/prodotto\/68546\/","og_locale":"it_IT","og_type":"article","og_description":"Nella categoria Gioielli in argento 925 puoi trovare tra Bracciali il prodotto in argento 925\/1000 placcato Oro 1 micron 18 carati.","og_url":"https:\/\/g-silver.com\/it\/prodotto\/68546\/","og_site_name":"G-Silver","article_publisher":"https:\/\/www.facebook.com\/profile.php?id=100063277505032","article_modified_time":"2026-04-03T02:42:38+00:00","og_image":[{"width":2480,"height":1748,"url":"https:\/\/g-silver.com\/wp-content\/uploads\/2025\/03\/Valise-de-Logo_G-Silver_LogoBaseline_1_Background-degrade.jpg","type":"image\/jpeg"}],"twitter_card":"summary_large_image","twitter_misc":{"Disponibilit\u00e0":"In stock"},"schema":{"@context":"https:\/\/schema.org","@graph":[{"@type":"WebPage","@id":"https:\/\/g-silver.com\/it\/prodotto\/68546\/","url":"https:\/\/g-silver.com\/it\/prodotto\/68546\/","name":"| G-Silver","isPartOf":{"@id":"https:\/\/g-silver.com\/#website"},"datePublished":"2024-05-30T08:01:19+00:00","dateModified":"2026-04-03T02:42:38+00:00","description":"Nella categoria Gioielli in argento 925 puoi trovare tra Bracciali il prodotto in argento 925\/1000 placcato Oro 1 micron 18 carati.","inLanguage":"it-IT","potentialAction":[{"@type":"ReadAction","target":["https:\/\/g-silver.com\/it\/prodotto\/68546\/"]}]},{"@type":"WebSite","@id":"https:\/\/g-silver.com\/#website","url":"https:\/\/g-silver.com\/","name":"G-Silver","description":"","publisher":{"@id":"https:\/\/g-silver.com\/#organization"},"potentialAction":[{"@type":"SearchAction","target":{"@type":"EntryPoint","urlTemplate":"https:\/\/g-silver.com\/?s={search_term_string}"},"query-input":{"@type":"PropertyValueSpecification","valueRequired":true,"valueName":"search_term_string"}}],"inLanguage":"it-IT"},{"@type":"Organization","@id":"https:\/\/g-silver.com\/#organization","name":"G-Silver","url":"https:\/\/g-silver.com\/","logo":{"@type":"ImageObject","inLanguage":"it-IT","@id":"https:\/\/g-silver.com\/#\/schema\/logo\/image\/","url":"https:\/\/g-silver.com\/wp-content\/uploads\/2025\/03\/G-Silver__Short-Logo.jpg","contentUrl":"https:\/\/g-silver.com\/wp-content\/uploads\/2025\/03\/G-Silver__Short-Logo.jpg","width":1182,"height":1182,"caption":"G-Silver"},"image":{"@id":"https:\/\/g-silver.com\/#\/schema\/logo\/image\/"},"sameAs":["https:\/\/www.facebook.com\/profile.php?id=100063277505032","https:\/\/www.instagram.com\/g_silver_com\/"]}]},"og_availability":"instock","product_availability":"instock","product_retailer_item_id":"BRMED64-J3","product_condition":"new"},"df_price":26.77,"df_sale_price":"","df_regular_price":26.77,"df_image_link":"https:\/\/g-silver.com\/wp-content\/uploads\/woocommerce-placeholder-300x300.png","_links":{"self":[{"href":"https:\/\/g-silver.com\/it\/wp-json\/wp\/v2\/product\/68546","targetHints":{"allow":["GET"]}}],"collection":[{"href":"https:\/\/g-silver.com\/it\/wp-json\/wp\/v2\/product"}],"about":[{"href":"https:\/\/g-silver.com\/it\/wp-json\/wp\/v2\/types\/product"}],"replies":[{"embeddable":true,"href":"https:\/\/g-silver.com\/it\/wp-json\/wp\/v2\/comments?post=68546"}],"wp:attachment":[{"href":"https:\/\/g-silver.com\/it\/wp-json\/wp\/v2\/media?parent=68546"}],"wp:term":[{"taxonomy":"product_brand","embeddable":true,"href":"https:\/\/g-silver.com\/it\/wp-json\/wp\/v2\/product_brand?post=68546"},{"taxonomy":"product_cat","embeddable":true,"href":"https:\/\/g-silver.com\/it\/wp-json\/wp\/v2\/product_cat?post=68546"},{"taxonomy":"product_tag","embeddable":true,"href":"https:\/\/g-silver.com\/it\/wp-json\/wp\/v2\/product_tag?post=68546"}],"curies":[{"name":"wp","href":"https:\/\/api.w.org\/{rel}","templated":true}]}}